{"id":30316,"date":"2026-02-27T00:09:37","date_gmt":"2026-02-27T00:09:37","guid":{"rendered":"https:\/\/nordicmart.andreevmaster.com\/product\/songmics-aurinkotuoli-paantuella\/"},"modified":"2026-02-27T09:33:20","modified_gmt":"2026-02-27T09:33:20","slug":"songmics-aurinkotuoli-paantuella","status":"publish","type":"product","link":"https:\/\/nordicmart.andreevmaster.com\/fi\/tuote\/songmics-aurinkotuoli-paantuella\/","title":{"rendered":"SONGMICS aurinkotuoli p\u00e4\u00e4ntuella"},"content":{"rendered":"<p>Etsitk\u00f6 aurinkotuolia, jossa voit rentoutua puutarhassa l\u00e4mpimin\u00e4 kes\u00e4p\u00e4ivin\u00e4 ja nauttia raikkaasta ilmasta? T\u00e4m\u00e4 SONGMICS-keinutuoli tulee apuusi! Ah! Mik\u00e4 nautinto! Istu t\u00e4h\u00e4n keinutuoliin, nojaa taaksep\u00e4in ja keinua rennosti edestakaisin. Laadukkaasta synteettisest\u00e4 kuitukankaasta valmistettu makuualusta on hengitt\u00e4v\u00e4 ja tuntuu miellytt\u00e4v\u00e4lt\u00e4, ja korkealaatuinen rautakehys takaa pitk\u00e4n k\u00e4ytt\u00f6i\u00e4n. K\u00e4tev\u00e4t k\u00e4sinojat, pehme\u00e4 p\u00e4\u00e4ntuki ja irrotettava s\u00e4ilytyslaukku \u2013 t\u00e4m\u00e4 puutarhatuoli tarjoaa sinulle t\u00e4ydellisen rentoutumispaikan, jossa voit nauttia viileit\u00e4 juomia kes\u00e4ll\u00e4 tai katsella kaunista auringonlaskua. Aseta t\u00e4m\u00e4 keinutuoli nyt puutarhaan ja tee olosi mukavaksi! Tuotetiedot: &#8211; V\u00e4ri: harmaa &#8211; Materiaali: rautakehys, synteettinen kuitukangas &#8211; Kokonaiskoko: 63 x 147 x 89 cm (P x L x K) &#8211; Pakkauksen koko: 97 x 38 x 8 cm &#8211; Paino: 10,3 kg &#8211; Maks. staattinen kantavuus: 150 kg Toimitus sis\u00e4lt\u00e4\u00e4: &#8211; 1 x keinutuoli &#8211; 1 x ohjeet (DE, EN, FR, ES, IT) SONGMICS-ohjeet: &#8211; Keinutuolin maksimaalinen kantavuus on 150 kg. \u00c4l\u00e4 ylit\u00e4 t\u00e4t\u00e4 enimm\u00e4ispainoa. &#8211; Suojaa tuote sateelta; \u00e4l\u00e4 altista keinutuolia voimakkaalle auringonvalolle pitk\u00e4ksi aikaa.<\/p>\n","protected":false},"excerpt":{"rendered":"<p>SONGMICS aurinkosaari, puutarhatuoli, aurinkotuoli, keinutuoli p\u00e4\u00e4ntuella ja sivutaskulla, rautakehys, synteettinen kuitukangas, hengitt\u00e4v\u00e4, mukava, kantavuus 150 kg, harmaa GCB23GY<\/p>\n","protected":false},"featured_media":39581,"comment_status":"open","ping_status":"closed","template":"","meta":[],"product_brand":[],"product_cat":[32],"product_tag":[],"class_list":{"0":"post-30316","1":"product","2":"type-product","3":"status-publish","4":"has-post-thumbnail","6":"product_cat-uncategorized-fi","8":"first","9":"instock","10":"shipping-taxable","11":"purchasable","12":"product-type-simple"},"_links":{"self":[{"href":"https:\/\/nordicmart.andreevmaster.com\/fi\/wp-json\/wp\/v2\/product\/30316","targetHints":{"allow":["GET"]}}],"collection":[{"href":"https:\/\/nordicmart.andreevmaster.com\/fi\/wp-json\/wp\/v2\/product"}],"about":[{"href":"https:\/\/nordicmart.andreevmaster.com\/fi\/wp-json\/wp\/v2\/types\/product"}],"replies":[{"embeddable":true,"href":"https:\/\/nordicmart.andreevmaster.com\/fi\/wp-json\/wp\/v2\/comments?post=30316"}],"wp:featuredmedia":[{"embeddable":true,"href":"https:\/\/nordicmart.andreevmaster.com\/fi\/wp-json\/wp\/v2\/media\/39581"}],"wp:attachment":[{"href":"https:\/\/nordicmart.andreevmaster.com\/fi\/wp-json\/wp\/v2\/media?parent=30316"}],"wp:term":[{"taxonomy":"product_brand","embeddable":true,"href":"https:\/\/nordicmart.andreevmaster.com\/fi\/wp-json\/wp\/v2\/product_brand?post=30316"},{"taxonomy":"product_cat","embeddable":true,"href":"https:\/\/nordicmart.andreevmaster.com\/fi\/wp-json\/wp\/v2\/product_cat?post=30316"},{"taxonomy":"product_tag","embeddable":true,"href":"https:\/\/nordicmart.andreevmaster.com\/fi\/wp-json\/wp\/v2\/product_tag?post=30316"}],"curies":[{"name":"wp","href":"https:\/\/api.w.org\/{rel}","templated":true}]}}