{"id":30315,"date":"2026-02-27T00:09:37","date_gmt":"2026-02-27T00:09:37","guid":{"rendered":"https:\/\/nordicmart.andreevmaster.com\/product\/songmics-keinutuoli-puutarhaan\/"},"modified":"2026-02-27T09:33:20","modified_gmt":"2026-02-27T09:33:20","slug":"songmics-keinutuoli-puutarhaan","status":"publish","type":"product","link":"https:\/\/nordicmart.andreevmaster.com\/fi\/tuote\/songmics-keinutuoli-puutarhaan\/","title":{"rendered":"SONGMICS keinutuoli puutarhaan"},"content":{"rendered":"<p>Tuotetiedot: V\u00e4ri: ruskea Materiaali: rautakehys, synteettinen kuitukangas Kokonaismitat: 63 x 147 x 89 cm (P x L x K) Pakkauksen mitat: 97 x 38 x 8 cm Paino: 10,3 kg Maks. staattinen kantavuus: 150 kg Toimitus sis\u00e4lt\u00e4\u00e4: 1 x keinutuoli 1 x ohjeet (DE, EN, FR, ES, IT) SONGMICS-huomautukset: Keinutuolin suurin kantavuus on 150 kg. \u00c4l\u00e4 ylit\u00e4 t\u00e4t\u00e4 enimm\u00e4ispainoa. Suojaa tuote sateelta; \u00e4l\u00e4 altista keinutuolia voimakkaalle auringonvalolle pitk\u00e4ksi aikaa.<\/p>\n","protected":false},"excerpt":{"rendered":"<p>SONGMICS aurinkosaari, puutarhatuoli, aurinkotuoli, keinutuoli p\u00e4\u00e4ntuella ja sivutaskulla, rautakehys, synteettinen kuitukangas, hengitt\u00e4v\u00e4, mukava, kantavuus 150 kg, harmaa GCB23GY<\/p>\n","protected":false},"featured_media":39580,"comment_status":"open","ping_status":"closed","template":"","meta":[],"product_brand":[],"product_cat":[32],"product_tag":[],"class_list":{"0":"post-30315","1":"product","2":"type-product","3":"status-publish","4":"has-post-thumbnail","6":"product_cat-uncategorized-fi","8":"first","9":"instock","10":"shipping-taxable","11":"purchasable","12":"product-type-simple"},"_links":{"self":[{"href":"https:\/\/nordicmart.andreevmaster.com\/fi\/wp-json\/wp\/v2\/product\/30315","targetHints":{"allow":["GET"]}}],"collection":[{"href":"https:\/\/nordicmart.andreevmaster.com\/fi\/wp-json\/wp\/v2\/product"}],"about":[{"href":"https:\/\/nordicmart.andreevmaster.com\/fi\/wp-json\/wp\/v2\/types\/product"}],"replies":[{"embeddable":true,"href":"https:\/\/nordicmart.andreevmaster.com\/fi\/wp-json\/wp\/v2\/comments?post=30315"}],"wp:featuredmedia":[{"embeddable":true,"href":"https:\/\/nordicmart.andreevmaster.com\/fi\/wp-json\/wp\/v2\/media\/39580"}],"wp:attachment":[{"href":"https:\/\/nordicmart.andreevmaster.com\/fi\/wp-json\/wp\/v2\/media?parent=30315"}],"wp:term":[{"taxonomy":"product_brand","embeddable":true,"href":"https:\/\/nordicmart.andreevmaster.com\/fi\/wp-json\/wp\/v2\/product_brand?post=30315"},{"taxonomy":"product_cat","embeddable":true,"href":"https:\/\/nordicmart.andreevmaster.com\/fi\/wp-json\/wp\/v2\/product_cat?post=30315"},{"taxonomy":"product_tag","embeddable":true,"href":"https:\/\/nordicmart.andreevmaster.com\/fi\/wp-json\/wp\/v2\/product_tag?post=30315"}],"curies":[{"name":"wp","href":"https:\/\/api.w.org\/{rel}","templated":true}]}}