{"id":30313,"date":"2026-02-27T00:09:37","date_gmt":"2026-02-27T00:09:37","guid":{"rendered":"https:\/\/nordicmart.andreevmaster.com\/product\/havestol-sort-2\/"},"modified":"2026-02-27T09:33:19","modified_gmt":"2026-02-27T09:33:19","slug":"havestol-sort-2","status":"publish","type":"product","link":"https:\/\/nordicmart.andreevmaster.com\/fi\/tuote\/havestol-sort-2\/","title":{"rendered":"Havestol sort"},"content":{"rendered":"<p>Etsitk\u00f6 aurinkotuolia, jossa voit rentoutua puutarhassa l\u00e4mpimin\u00e4 kes\u00e4p\u00e4ivin\u00e4 ja nauttia raikkaasta ilmasta? T\u00e4m\u00e4 SONGMICS-keinutuoli tulee sinua vastaan! Ah, mik\u00e4 nautinto! Istu t\u00e4h\u00e4n keinutuoliin, nojaa taaksep\u00e4in ja keinahda rennosti edestakaisin. Taaksep\u00e4in kallistettu pinta on valmistettu korkealaatuisesta synteettisest\u00e4 kuitukankaasta, joka on hengitt\u00e4v\u00e4 ja miellytt\u00e4v\u00e4 koskettaa, kun taas ensiluokkainen rautakehys takaa pitk\u00e4n k\u00e4ytt\u00f6i\u00e4n. K\u00e4yt\u00e4nn\u00f6lliset k\u00e4sinojat, pehme\u00e4 niskatuki ja irrotettava s\u00e4ilytyslaukku \u2013 t\u00e4m\u00e4 puutarhatuoli tarjoaa sinulle t\u00e4ydellisen paikan rentoutua ja nauttia viileist\u00e4 juomista kes\u00e4ll\u00e4 tai katsella kaunista auringonlaskua. Aseta t\u00e4m\u00e4 keinutuoli puutarhaan nyt ja tee olostasi mukava! Tuotetiedot: &#8211; V\u00e4ri: Musta &#8211; Materiaali: Rautakehys, synteettinen kuitukangas &#8211; Kokonaismitat: 63 x 147 x 89 cm (P x L x K) &#8211; Pakkauksen mitat: 97 x 38 x 8 cm &#8211; Paino: 10,3 kg &#8211; Maks. staattinen kantavuus: 150 kgToimitus sis\u00e4lt\u00e4\u00e4:- 1 x keinutuoli- 1 x k\u00e4ytt\u00f6ohje (DE, EN, FR, ES, IT)SONGMICS Huomautukset:- Keinutuolin maksimaalinen kantavuus on 150 kg. \u00c4l\u00e4 ylit\u00e4 t\u00e4t\u00e4 enimm\u00e4ispainoa. &#8211; Suojaa tuote sateelta; \u00e4l\u00e4 altista keinutuolia voimakkaalle auringonvalolle pitk\u00e4ksi aikaa.<\/p>\n","protected":false},"excerpt":{"rendered":"<p>Etsitk\u00f6 aurinkotuolia, jossa voit rentoutua puutarhassa l\u00e4mpimin\u00e4 kes\u00e4p\u00e4ivin\u00e4 ja nauttia raikkaasta ilmasta? T\u00e4m\u00e4 SONGMICS-keinutuoli tulee sinua vastaan! Ah, mik\u00e4 nautinto! Istu t\u00e4h\u00e4n keinutuoliin, nojaa taaksep\u00e4in ja keinahda rennosti edestakaisin. Taaksep\u00e4in kallistettu pinta on valmistettu korkealaatuisesta synteettisest\u00e4 kuitukankaasta, joka on hengitt\u00e4v\u00e4 ja miellytt\u00e4v\u00e4 koskettaa, kun taas ensiluokkainen rautakehys takaa pitk\u00e4n k\u00e4ytt\u00f6i\u00e4n. K\u00e4yt\u00e4nn\u00f6lliset k\u00e4sinojat, pehme\u00e4 niskatuki ja [&hellip;]<\/p>\n","protected":false},"featured_media":0,"comment_status":"open","ping_status":"closed","template":"","meta":[],"product_brand":[],"product_cat":[32],"product_tag":[],"class_list":{"0":"post-30313","1":"product","2":"type-product","3":"status-publish","5":"product_cat-uncategorized-fi","7":"first","8":"instock","9":"shipping-taxable","10":"product-type-simple"},"_links":{"self":[{"href":"https:\/\/nordicmart.andreevmaster.com\/fi\/wp-json\/wp\/v2\/product\/30313","targetHints":{"allow":["GET"]}}],"collection":[{"href":"https:\/\/nordicmart.andreevmaster.com\/fi\/wp-json\/wp\/v2\/product"}],"about":[{"href":"https:\/\/nordicmart.andreevmaster.com\/fi\/wp-json\/wp\/v2\/types\/product"}],"replies":[{"embeddable":true,"href":"https:\/\/nordicmart.andreevmaster.com\/fi\/wp-json\/wp\/v2\/comments?post=30313"}],"wp:attachment":[{"href":"https:\/\/nordicmart.andreevmaster.com\/fi\/wp-json\/wp\/v2\/media?parent=30313"}],"wp:term":[{"taxonomy":"product_brand","embeddable":true,"href":"https:\/\/nordicmart.andreevmaster.com\/fi\/wp-json\/wp\/v2\/product_brand?post=30313"},{"taxonomy":"product_cat","embeddable":true,"href":"https:\/\/nordicmart.andreevmaster.com\/fi\/wp-json\/wp\/v2\/product_cat?post=30313"},{"taxonomy":"product_tag","embeddable":true,"href":"https:\/\/nordicmart.andreevmaster.com\/fi\/wp-json\/wp\/v2\/product_tag?post=30313"}],"curies":[{"name":"wp","href":"https:\/\/api.w.org\/{rel}","templated":true}]}}