{"id":30309,"date":"2026-02-27T00:09:36","date_gmt":"2026-02-27T00:09:36","guid":{"rendered":"https:\/\/nordicmart.andreevmaster.com\/product\/songmics-aurinkotuoli-harmaa\/"},"modified":"2026-02-27T09:33:19","modified_gmt":"2026-02-27T09:33:19","slug":"songmics-aurinkotuoli-harmaa","status":"publish","type":"product","link":"https:\/\/nordicmart.andreevmaster.com\/fi\/tuote\/songmics-aurinkotuoli-harmaa\/","title":{"rendered":"SONGMICS aurinkotuoli, harmaa"},"content":{"rendered":"<p>Ajaton muotoilu Kes\u00e4 on tulossa, ja puutarhaan, uima-altaalle, rannalle tai retkeilyyn tarvitset modernin ja tyylikk\u00e4\u00e4n aurinkotuolin. Jos asetat t\u00e4m\u00e4n tuolin uima-altaalle, se tulee varmasti ihastuttamaan yst\u00e4v\u00e4si. V\u00e4ltt\u00e4m\u00e4t\u00f6n kumppani rentoutumiseen kotona tai ulkona. Kuljetettava, kest\u00e4v\u00e4 ja pitk\u00e4ik\u00e4inen T\u00e4m\u00e4 aurinkotuoli avautuu nopeasti, eik\u00e4 sen kokoamista tarvita (mitat kokoontaitettuna: 76,5 x 73 x 21 cm L\/K\/S). Se painaa vain 9 kg ja on varustettu kahvoilla, joten se on helppo kuljettaa. Voit ottaa sen mukaan lomalle, esimerkiksi rannalle tai retkeilyyn. Voit makoilla mukavasti ja nauttia auringosta. Verrattuna muihin markkinoilla oleviin aurinkotuoleihin t\u00e4m\u00e4 on erityisen pitk\u00e4 ja leve\u00e4 (210 x 35 x 75 cm L\/K\/S avattuna). Jalustan materiaali on jauhemaalattua ter\u00e4sputkea ja makuualusta on valmistettu korkealaatuisesta synteettisest\u00e4 kuitukankaasta, joten aurinkotuoli on kest\u00e4v\u00e4. Varustettu kaikella, mit\u00e4 tarvitset 4-asentoisella selk\u00e4nojalla voit kevent\u00e4\u00e4 selk\u00e4\u00e4si; vapaasti s\u00e4\u00e4dett\u00e4v\u00e4 aurinkosuoja suojaa kasvojasi auringon s\u00e4teilt\u00e4; p\u00e4\u00e4tyyny, jossa on joustava nauha, tukee niskaasi ja on eritt\u00e4in mukava. Luistamattomat pohjalevyt lis\u00e4\u00e4v\u00e4t vakautta. Tuotetiedot: &#8211; V\u00e4ri: tummanharmaa GCB22GY \/ sininen GCB22BU &#8211; Materiaali: jauhemaalattu ter\u00e4sputki, synteettinen kuitukangas &#8211; Mitat pystytettyn\u00e4: 210 x 35 x 73 cm (L x K x S) &#8211; Mitat kokoontaitettuna: 76,5 x 73 x 21 cm (L x K x S) &#8211; Paino: 9 kg Toimitus sis\u00e4lt\u00e4\u00e4: &#8211; 1 x aurinkotuoli &#8211; 1 x ohjeet (DE, EN, FR, IT, ES)<\/p>\n","protected":false},"excerpt":{"rendered":"<p>SONGMICS aurinkotuoli, tyynyll\u00e4, aurinkosuojalla, kantavuus 250 kg, 210 x 73 x 35 cm GCB22GYV1<\/p>\n","protected":false},"featured_media":39575,"comment_status":"open","ping_status":"closed","template":"","meta":[],"product_brand":[],"product_cat":[32],"product_tag":[],"class_list":{"0":"post-30309","1":"product","2":"type-product","3":"status-publish","4":"has-post-thumbnail","6":"product_cat-uncategorized-fi","8":"first","9":"instock","10":"shipping-taxable","11":"purchasable","12":"product-type-simple"},"_links":{"self":[{"href":"https:\/\/nordicmart.andreevmaster.com\/fi\/wp-json\/wp\/v2\/product\/30309","targetHints":{"allow":["GET"]}}],"collection":[{"href":"https:\/\/nordicmart.andreevmaster.com\/fi\/wp-json\/wp\/v2\/product"}],"about":[{"href":"https:\/\/nordicmart.andreevmaster.com\/fi\/wp-json\/wp\/v2\/types\/product"}],"replies":[{"embeddable":true,"href":"https:\/\/nordicmart.andreevmaster.com\/fi\/wp-json\/wp\/v2\/comments?post=30309"}],"wp:featuredmedia":[{"embeddable":true,"href":"https:\/\/nordicmart.andreevmaster.com\/fi\/wp-json\/wp\/v2\/media\/39575"}],"wp:attachment":[{"href":"https:\/\/nordicmart.andreevmaster.com\/fi\/wp-json\/wp\/v2\/media?parent=30309"}],"wp:term":[{"taxonomy":"product_brand","embeddable":true,"href":"https:\/\/nordicmart.andreevmaster.com\/fi\/wp-json\/wp\/v2\/product_brand?post=30309"},{"taxonomy":"product_cat","embeddable":true,"href":"https:\/\/nordicmart.andreevmaster.com\/fi\/wp-json\/wp\/v2\/product_cat?post=30309"},{"taxonomy":"product_tag","embeddable":true,"href":"https:\/\/nordicmart.andreevmaster.com\/fi\/wp-json\/wp\/v2\/product_tag?post=30309"}],"curies":[{"name":"wp","href":"https:\/\/api.w.org\/{rel}","templated":true}]}}