{"id":30308,"date":"2026-02-27T00:09:36","date_gmt":"2026-02-27T00:09:36","guid":{"rendered":"https:\/\/nordicmart.andreevmaster.com\/product\/solseng-med-gra-skaerm-2\/"},"modified":"2026-02-27T09:33:19","modified_gmt":"2026-02-27T09:33:19","slug":"solseng-med-gra-skaerm-2","status":"publish","type":"product","link":"https:\/\/nordicmart.andreevmaster.com\/fi\/tuote\/solseng-med-gra-skaerm-2\/","title":{"rendered":"Solseng med gr\u00e5 sk\u00e6rm"},"content":{"rendered":"<p>Ajaton muotoilu Kes\u00e4 on tulossa, ja tarvitset modernin ja tyylikk\u00e4\u00e4n aurinkotuolin puutarhaan, uima-altaalle, rannalle tai leirint\u00e4alueelle. Jos sijoitat sen uima-altaan \u00e4\u00e4reen, t\u00e4m\u00e4 aurinkotuoli tekee varmasti vaikutuksen yst\u00e4viisi. Korvaamaton kumppani, kun rentoudut kotona tai ulkona. Kuljetettava, kest\u00e4v\u00e4 ja pitk\u00e4ik\u00e4inen T\u00e4m\u00e4 aurinkotuoli on nopeasti taitettava eik\u00e4 vaadi kokoamista (mitat taitettuna: 76,5 x 73 x 21 cm L\/K\/S). Se painaa vain 9 kg ja on varustettu kahvoilla, joten sit\u00e4 on helppo kuljettaa. Kun l\u00e4hdet lomalle, voit ottaa sen mukaasi esimerkiksi rannalle tai leirint\u00e4alueelle. Voit makoilla siin\u00e4 mukavasti ja nauttia auringosta. Verrattuna muihin markkinoilla oleviin aurinkotuoleihin t\u00e4m\u00e4 on erityisen pitk\u00e4 ja leve\u00e4 (210 x 35 x 75 cm L\/K\/S, kun se on taitettuna). Runko on valmistettu jauhemaalatusta ter\u00e4sputkesta ja makuualusta korkealaatuisesta synteettisest\u00e4 kuitukankaasta, joten aurinkotuoli on kest\u00e4v\u00e4. Varustettu kaikella, mit\u00e4 tarvitset 4-asentoinen s\u00e4\u00e4dett\u00e4v\u00e4 selk\u00e4noja kevent\u00e4\u00e4 selk\u00e4\u00e4si; vapaasti s\u00e4\u00e4dett\u00e4v\u00e4 aurinkosuoja suojaa kasvojasi auringon s\u00e4teilt\u00e4; p\u00e4\u00e4tyyny joustavalla hihnalla tukee niskaasi ja on eritt\u00e4in mukava. Luistamattomat jalkatuket lis\u00e4\u00e4v\u00e4t vakautta. Tuotetiedot: &#8211; V\u00e4ri: tummanharmaa GCB22GY \/ sininen GCB22BU &#8211; Materiaali: jauhemaalattu ter\u00e4sputki, synteettinen kuitukangas &#8211; Mitat kokoonpantuina: 210 x 35 x 73 cm (L x K x S) &#8211; Mitat taitettuna: 76,5 x 73 x 21 cm (L x K x S) &#8211; Paino: 9 kg Toimitus sis\u00e4lt\u00e4\u00e4: &#8211; 1 x aurinkotuoli &#8211; 1 x k\u00e4ytt\u00f6ohje (DE, EN, FR, IT, ES)<\/p>\n","protected":false},"excerpt":{"rendered":"<p>Ajaton muotoilu Kes\u00e4 on tulossa, ja tarvitset modernin ja tyylikk\u00e4\u00e4n aurinkotuolin puutarhaan, uima-altaalle, rannalle tai leirint\u00e4alueelle. Jos sijoitat sen uima-altaan \u00e4\u00e4reen, t\u00e4m\u00e4 aurinkotuoli tekee varmasti vaikutuksen yst\u00e4viisi. Korvaamaton kumppani, kun rentoudut kotona tai ulkona. Kuljetettava, kest\u00e4v\u00e4 ja pitk\u00e4ik\u00e4inen T\u00e4m\u00e4 aurinkotuoli on nopeasti taitettava eik\u00e4 vaadi kokoamista (mitat taitettuna: 76,5 x 73 x 21 cm L\/K\/S). [&hellip;]<\/p>\n","protected":false},"featured_media":0,"comment_status":"open","ping_status":"closed","template":"","meta":[],"product_brand":[],"product_cat":[32],"product_tag":[],"class_list":{"0":"post-30308","1":"product","2":"type-product","3":"status-publish","5":"product_cat-uncategorized-fi","7":"first","8":"instock","9":"shipping-taxable","10":"product-type-simple"},"_links":{"self":[{"href":"https:\/\/nordicmart.andreevmaster.com\/fi\/wp-json\/wp\/v2\/product\/30308","targetHints":{"allow":["GET"]}}],"collection":[{"href":"https:\/\/nordicmart.andreevmaster.com\/fi\/wp-json\/wp\/v2\/product"}],"about":[{"href":"https:\/\/nordicmart.andreevmaster.com\/fi\/wp-json\/wp\/v2\/types\/product"}],"replies":[{"embeddable":true,"href":"https:\/\/nordicmart.andreevmaster.com\/fi\/wp-json\/wp\/v2\/comments?post=30308"}],"wp:attachment":[{"href":"https:\/\/nordicmart.andreevmaster.com\/fi\/wp-json\/wp\/v2\/media?parent=30308"}],"wp:term":[{"taxonomy":"product_brand","embeddable":true,"href":"https:\/\/nordicmart.andreevmaster.com\/fi\/wp-json\/wp\/v2\/product_brand?post=30308"},{"taxonomy":"product_cat","embeddable":true,"href":"https:\/\/nordicmart.andreevmaster.com\/fi\/wp-json\/wp\/v2\/product_cat?post=30308"},{"taxonomy":"product_tag","embeddable":true,"href":"https:\/\/nordicmart.andreevmaster.com\/fi\/wp-json\/wp\/v2\/product_tag?post=30308"}],"curies":[{"name":"wp","href":"https:\/\/api.w.org\/{rel}","templated":true}]}}