{"id":30304,"date":"2026-02-27T00:09:35","date_gmt":"2026-02-27T00:09:35","guid":{"rendered":"https:\/\/nordicmart.andreevmaster.com\/product\/songmics-retkivuode-kuljetuslaukulla\/"},"modified":"2026-02-27T09:33:18","modified_gmt":"2026-02-27T09:33:18","slug":"songmics-retkivuode-kuljetuslaukulla","status":"publish","type":"product","link":"https:\/\/nordicmart.andreevmaster.com\/fi\/tuote\/songmics-retkivuode-kuljetuslaukulla\/","title":{"rendered":"SONGMICS-retkivuode kuljetuslaukulla"},"content":{"rendered":"<p>Haluatko nukkua mukavasti tuntien vaelluksen j\u00e4lkeen? Tarvitsetko ylim\u00e4\u00e4r\u00e4isen s\u00e4ngyn, kun perheesi tai yst\u00e4v\u00e4si tulevat vierailulle? T\u00e4m\u00e4 kokoontaitettava s\u00e4nky tulee apuun. Vankasta metallista ja kest\u00e4v\u00e4st\u00e4 600D Oxford-kankaasta valmistettu kentt\u00e4s\u00e4nky erottuu korkealla kantavuudellaan (jopa 260 kg) ja pitk\u00e4ll\u00e4 k\u00e4ytt\u00f6i\u00e4ll\u00e4. Makaa rauhassa t\u00e4ll\u00e4 s\u00e4ngyll\u00e4 ja rentouta kehosi.  Koska t\u00e4m\u00e4 retkis\u00e4nky on taitettava, sinun ei tarvitse huolehtia sen kuljettamisesta. Kun s\u00e4nky\u00e4 ei k\u00e4ytet\u00e4, taitat sen vain kokoon ja laitat auton tavaratilaan. Tuotetiedot: &#8211; V\u00e4ri: sininen &#8211; Materiaali: metallirunko, Oxford-kangas, PP (polypropeeni) &#8211; Kokonaiskoko: 210 x 72 x 45 cm (P x L x K) &#8211; Koko taitettuna: 103 x 15 x 10 cm (P x L x K) &#8211; Paino: 10,5 kg &#8211; Maks. staattinen kantavuus: 260 kg Toimitus sis\u00e4lt\u00e4\u00e4:- 1 x retkivuode &#8211; 1 x kuljetuslaukku &#8211; 1 x k\u00e4ytt\u00f6ohje (DE, EN, FR, ES, IT) SONGMICS-ohjeet: &#8211; Tuote on vakaampi, kun se asetetaan sein\u00e4\u00e4 vasten. &#8211; Tuote ei saa joutua kosketuksiin ter\u00e4vien esineiden kanssa. &#8211; Ole varovainen taitettaessa, jotta k\u00e4det eiv\u00e4t j\u00e4\u00e4 puristuksiin.- Tuotteen makuupintaa ei voi irrottaa. Pyyhi pinta kostealla liinalla tai puhdista tuote harjalla. Tarvittaessa voit levitt\u00e4\u00e4 peiton s\u00e4ngylle mukavuuden lis\u00e4\u00e4miseksi.<\/p>\n","protected":false},"excerpt":{"rendered":"<p>SONGMICS retkivuode, taitettava, kentt\u00e4vuode, kest\u00e4v\u00e4, vierasvuode, 190 x 64 x 42 cm, kantavuus 150 kg, matkailu, ulkoilu, musta GCB21BK<\/p>\n","protected":false},"featured_media":39571,"comment_status":"open","ping_status":"closed","template":"","meta":[],"product_brand":[],"product_cat":[32],"product_tag":[],"class_list":{"0":"post-30304","1":"product","2":"type-product","3":"status-publish","4":"has-post-thumbnail","6":"product_cat-uncategorized-fi","8":"first","9":"instock","10":"shipping-taxable","11":"purchasable","12":"product-type-simple"},"_links":{"self":[{"href":"https:\/\/nordicmart.andreevmaster.com\/fi\/wp-json\/wp\/v2\/product\/30304","targetHints":{"allow":["GET"]}}],"collection":[{"href":"https:\/\/nordicmart.andreevmaster.com\/fi\/wp-json\/wp\/v2\/product"}],"about":[{"href":"https:\/\/nordicmart.andreevmaster.com\/fi\/wp-json\/wp\/v2\/types\/product"}],"replies":[{"embeddable":true,"href":"https:\/\/nordicmart.andreevmaster.com\/fi\/wp-json\/wp\/v2\/comments?post=30304"}],"wp:featuredmedia":[{"embeddable":true,"href":"https:\/\/nordicmart.andreevmaster.com\/fi\/wp-json\/wp\/v2\/media\/39571"}],"wp:attachment":[{"href":"https:\/\/nordicmart.andreevmaster.com\/fi\/wp-json\/wp\/v2\/media?parent=30304"}],"wp:term":[{"taxonomy":"product_brand","embeddable":true,"href":"https:\/\/nordicmart.andreevmaster.com\/fi\/wp-json\/wp\/v2\/product_brand?post=30304"},{"taxonomy":"product_cat","embeddable":true,"href":"https:\/\/nordicmart.andreevmaster.com\/fi\/wp-json\/wp\/v2\/product_cat?post=30304"},{"taxonomy":"product_tag","embeddable":true,"href":"https:\/\/nordicmart.andreevmaster.com\/fi\/wp-json\/wp\/v2\/product_tag?post=30304"}],"curies":[{"name":"wp","href":"https:\/\/api.w.org\/{rel}","templated":true}]}}