{"id":30303,"date":"2026-02-27T00:09:34","date_gmt":"2026-02-27T00:09:34","guid":{"rendered":"https:\/\/nordicmart.andreevmaster.com\/product\/songmics-taitettava-retkivuode\/"},"modified":"2026-02-27T09:33:18","modified_gmt":"2026-02-27T09:33:18","slug":"songmics-taitettava-retkivuode","status":"publish","type":"product","link":"https:\/\/nordicmart.andreevmaster.com\/fi\/tuote\/songmics-taitettava-retkivuode\/","title":{"rendered":"SONGMICS Taitettava retkivuode"},"content":{"rendered":"<p>Luotettava retkivuode ter\u00e4sputkikehyksell\u00e4, helppo k\u00e4sitell\u00e4 ja yksinkertainen koota. Kentt\u00e4vuoteillamme voit tuntea vapauden t\u00e4htitaivaan alla. Voit rentoutua ja kokea seikkailuja samanaikaisesti. Kentt\u00e4vuode sopii erinomaisesti retkeily-, vaellus- ja kalastusmatkoille. Suuri makuutila tarjoaa erityisen paljon tilaa. Nukkumismukavuus on huomattavasti miellytt\u00e4v\u00e4mpi kuin ilmapatjalla, ja korkeus tarjoaa lis\u00e4suojaa maaper\u00e4n kylmyydelt\u00e4. Sen pinta on helppo puhdistaa ja se hylkii vett\u00e4 ja likaa. Yhdess\u00e4 hienon verhoilun ja ajattoman muotoilun kanssa se luo tyylikk\u00e4\u00e4n tunnelman ja toimii my\u00f6s houkuttelevana katseenvangitsijana. Tuotetiedot: &#8211; Materiaali: ter\u00e4sputki + Oxford-kangas &#8211; V\u00e4ri: musta (GCB21H); tummansininen (GCB21L); Harmaa (GCB21U) &#8211; Mitat: 210 x 72 x 45 cm (P x L x K) &#8211; Mitat kokoontaitettuna: 103 x 15 x 10 cm &#8211; Nettopaino: 10,5 kg &#8211; Tilastollinen kantavuus tasaisella painonjaolla: enint\u00e4\u00e4n 260 kg Toimitus sis\u00e4lt\u00e4\u00e4:- 1 x kentt\u00e4vuode &#8211; 1 x kantolaukku &#8211; 1 x ohjeet (DE, EN, FR, ES, IT) SONGMICS Huomautukset: &#8211; Vierasvuode on vakaampi, kun sen p\u00e4\u00e4ty tai jalkop\u00e4\u00e4 on sein\u00e4\u00e4 vasten.- \u00c4l\u00e4 k\u00e4sittele verhoilua ter\u00e4vill\u00e4 tai ter\u00e4vill\u00e4 esineill\u00e4. &#8211; Ole varovainen asennuksen aikana, sill\u00e4 v\u00e4\u00e4rin k\u00e4ytettyn\u00e4 leikkausj\u00e4rjestelm\u00e4t voivat aiheuttaa puristumia tai viiltoja. &#8211; Verhoilua ei voi irrottaa, mutta sen voi puhdistaa harjalla. Jotta makuualusta olisi pehme\u00e4mpi, voit k\u00e4ytt\u00e4\u00e4 tavallista puutarhatuolin pehmustetta tai villahuopaa s\u00e4ngyn p\u00e4\u00e4llisen\u00e4.<\/p>\n","protected":false},"excerpt":{"rendered":"<p>SONGMICS retkivuode, taitettava, kentt\u00e4vuode, kest\u00e4v\u00e4, vierasvuode, 190 x 64 x 42 cm, kantavuus 150 kg, matkailu, ulkoilu, musta GCB21BK<\/p>\n","protected":false},"featured_media":39570,"comment_status":"open","ping_status":"closed","template":"","meta":[],"product_brand":[],"product_cat":[32],"product_tag":[],"class_list":{"0":"post-30303","1":"product","2":"type-product","3":"status-publish","4":"has-post-thumbnail","6":"product_cat-uncategorized-fi","8":"first","9":"instock","10":"shipping-taxable","11":"purchasable","12":"product-type-simple"},"_links":{"self":[{"href":"https:\/\/nordicmart.andreevmaster.com\/fi\/wp-json\/wp\/v2\/product\/30303","targetHints":{"allow":["GET"]}}],"collection":[{"href":"https:\/\/nordicmart.andreevmaster.com\/fi\/wp-json\/wp\/v2\/product"}],"about":[{"href":"https:\/\/nordicmart.andreevmaster.com\/fi\/wp-json\/wp\/v2\/types\/product"}],"replies":[{"embeddable":true,"href":"https:\/\/nordicmart.andreevmaster.com\/fi\/wp-json\/wp\/v2\/comments?post=30303"}],"wp:featuredmedia":[{"embeddable":true,"href":"https:\/\/nordicmart.andreevmaster.com\/fi\/wp-json\/wp\/v2\/media\/39570"}],"wp:attachment":[{"href":"https:\/\/nordicmart.andreevmaster.com\/fi\/wp-json\/wp\/v2\/media?parent=30303"}],"wp:term":[{"taxonomy":"product_brand","embeddable":true,"href":"https:\/\/nordicmart.andreevmaster.com\/fi\/wp-json\/wp\/v2\/product_brand?post=30303"},{"taxonomy":"product_cat","embeddable":true,"href":"https:\/\/nordicmart.andreevmaster.com\/fi\/wp-json\/wp\/v2\/product_cat?post=30303"},{"taxonomy":"product_tag","embeddable":true,"href":"https:\/\/nordicmart.andreevmaster.com\/fi\/wp-json\/wp\/v2\/product_tag?post=30303"}],"curies":[{"name":"wp","href":"https:\/\/api.w.org\/{rel}","templated":true}]}}