{"id":30301,"date":"2026-02-27T00:09:34","date_gmt":"2026-02-27T00:09:34","guid":{"rendered":"https:\/\/nordicmart.andreevmaster.com\/product\/songmics-retkivuode-pehmusteella-musta\/"},"modified":"2026-02-27T09:33:18","modified_gmt":"2026-02-27T09:33:18","slug":"songmics-retkivuode-pehmusteella-musta","status":"publish","type":"product","link":"https:\/\/nordicmart.andreevmaster.com\/fi\/tuote\/songmics-retkivuode-pehmusteella-musta\/","title":{"rendered":"SONGMICS retkivuode pehmusteella Musta"},"content":{"rendered":"<p>Luotettava kentt\u00e4peti ter\u00e4srungolla, helppo k\u00e4sitell\u00e4 ja yksinkertainen koota. Songmics-kentt\u00e4petill\u00e4 voit nauttia vapaudesta t\u00e4htitaivaan alla.  Erinomainen hinta erottaa t\u00e4m\u00e4n tuotteen muista kentt\u00e4petist\u00e4. Kentt\u00e4peti sopii erinomaisesti retkeilyyn, vaelluksille ja kalastusretkille. Erityisen suuri makuupinta tarjoaa runsaasti tilaa. Ylim\u00e4\u00e4r\u00e4isen pituuden ansiosta siin\u00e4 on mukava ja helppo maata. Nukkumismukavuus on huomattavasti miellytt\u00e4v\u00e4mpi kuin eristysmatolla, ja korkeus tarjoaa lis\u00e4suojaa maaper\u00e4n kylmyydelt\u00e4. Sen pinta on helppo puhdistaa ja se hylkii vett\u00e4 ja likaa. Yhdess\u00e4 hienon verhoilun ja ajattoman muotoilun kanssa se luo tyylikk\u00e4\u00e4n tunnelman ja toimii my\u00f6s houkuttelevana katseenvangitsijana.Huomautukset: &#8211; S\u00e4nky on vakaampi, kun sen p\u00e4\u00e4ty tai jalkop\u00e4\u00e4 on sein\u00e4\u00e4 vasten. &#8211; V\u00e4lt\u00e4 yleens\u00e4 verhoilun kosketusta ter\u00e4vien tai ter\u00e4vien esineiden kanssa. &#8211; Ole varovainen asennuksessa: taitettavan rungon v\u00e4\u00e4rink\u00e4ytt\u00f6 voi aiheuttaa puristumia tai viiltoja.- Verhoilua ei voi irrottaa, mutta sen voi puhdistaa harjalla. Jotta makuupinta olisi pehme\u00e4mpi, sen p\u00e4\u00e4lle voi laittaa tavallisen puutarhatuolin peitteen tai villahuovan. Tuotetiedot:- V\u00e4ri: musta &#8211; Mitat: 200 x 74 x 39 cm &#8211; Nettopaino: noin 7,5 kg &#8211; Bruttopaino: noin 8 kg &#8211; Mitat taitettuna: 100 x 74 x 12 cm &#8211; Tilastollinen kantavuus tasaisella painonjaolla: enint\u00e4\u00e4n 260 kg Toimitus sis\u00e4lt\u00e4\u00e4:- 1 x kentt\u00e4vuode &#8211; 1 x kantolaukku<\/p>\n","protected":false},"excerpt":{"rendered":"<p>SONGMICS retkivuode patjalla, retkivuode, maks. staattinen kantavuus 260 kg, T\u00dcV Rheinland -testattu, 200 x 74 x 39 cm GCB20HV1<\/p>\n","protected":false},"featured_media":39568,"comment_status":"open","ping_status":"closed","template":"","meta":[],"product_brand":[],"product_cat":[32],"product_tag":[],"class_list":{"0":"post-30301","1":"product","2":"type-product","3":"status-publish","4":"has-post-thumbnail","6":"product_cat-uncategorized-fi","8":"first","9":"instock","10":"shipping-taxable","11":"purchasable","12":"product-type-simple"},"_links":{"self":[{"href":"https:\/\/nordicmart.andreevmaster.com\/fi\/wp-json\/wp\/v2\/product\/30301","targetHints":{"allow":["GET"]}}],"collection":[{"href":"https:\/\/nordicmart.andreevmaster.com\/fi\/wp-json\/wp\/v2\/product"}],"about":[{"href":"https:\/\/nordicmart.andreevmaster.com\/fi\/wp-json\/wp\/v2\/types\/product"}],"replies":[{"embeddable":true,"href":"https:\/\/nordicmart.andreevmaster.com\/fi\/wp-json\/wp\/v2\/comments?post=30301"}],"wp:featuredmedia":[{"embeddable":true,"href":"https:\/\/nordicmart.andreevmaster.com\/fi\/wp-json\/wp\/v2\/media\/39568"}],"wp:attachment":[{"href":"https:\/\/nordicmart.andreevmaster.com\/fi\/wp-json\/wp\/v2\/media?parent=30301"}],"wp:term":[{"taxonomy":"product_brand","embeddable":true,"href":"https:\/\/nordicmart.andreevmaster.com\/fi\/wp-json\/wp\/v2\/product_brand?post=30301"},{"taxonomy":"product_cat","embeddable":true,"href":"https:\/\/nordicmart.andreevmaster.com\/fi\/wp-json\/wp\/v2\/product_cat?post=30301"},{"taxonomy":"product_tag","embeddable":true,"href":"https:\/\/nordicmart.andreevmaster.com\/fi\/wp-json\/wp\/v2\/product_tag?post=30301"}],"curies":[{"name":"wp","href":"https:\/\/api.w.org\/{rel}","templated":true}]}}