{"id":30300,"date":"2026-02-27T00:09:34","date_gmt":"2026-02-27T00:09:34","guid":{"rendered":"https:\/\/nordicmart.andreevmaster.com\/product\/lejrseng-med-pude-sort-2\/"},"modified":"2026-02-27T09:33:17","modified_gmt":"2026-02-27T09:33:17","slug":"lejrseng-med-pude-sort-2","status":"publish","type":"product","link":"https:\/\/nordicmart.andreevmaster.com\/fi\/tuote\/lejrseng-med-pude-sort-2\/","title":{"rendered":"Lejrseng med pude sort"},"content":{"rendered":"<p>Luotettava retkivuode ter\u00e4srungolla, helppo k\u00e4sitell\u00e4 ja yksinkertainen pystytt\u00e4\u00e4. Songmicsin retkivuoteella voit tuntea vapauden t\u00e4htitaivaan alla.  Hyv\u00e4 hinta erottaa t\u00e4m\u00e4n tarjouksen muista retkivuoteista. Retkivuode on ihanteellinen retkeilyyn, vaellukseen ja kalastukseen. Erityisen suuri makuutaso tarjoaa runsaasti tilaa. Erityisen pitk\u00e4 vuode takaa mukavan makuuasennon. Nukkumismukavuus on paljon parempi kuin erist\u00e4v\u00e4ll\u00e4 matolla, ja korkeus tarjoaa lis\u00e4suojaa kylm\u00e4lt\u00e4 maalta. Sen pinta on helppo puhdistaa ja se hylkii vett\u00e4 ja likaa. Yhdess\u00e4 hienostuneen pehmusteen ja ajattoman muotoilun kanssa se luo tyylikk\u00e4\u00e4n ilmapiirin ja toimii my\u00f6s houkuttelevana katseenvangitsijana. Huomautukset: &#8211; Jos retkivuode asetetaan p\u00e4\u00e4- tai jalkop\u00e4\u00e4 sein\u00e4\u00e4 vasten, se on vakaampi. &#8211; V\u00e4lt\u00e4 yleens\u00e4 peitteen joutumista kosketuksiin ter\u00e4vien tai ter\u00e4vien esineiden kanssa. &#8211; Ole varovainen, kun kokoat s\u00e4nky\u00e4: klappikehyksen v\u00e4\u00e4r\u00e4 k\u00e4sittely voi aiheuttaa murskaantumisen tai viiltohaavoja. &#8211; Peitett\u00e4 ei voi irrottaa, mutta se voidaan puhdistaa harjalla. Jos haluat makuualustan pehme\u00e4mm\u00e4ksi, voit k\u00e4ytt\u00e4\u00e4 tavallista puutarhatyyny\u00e4 tai villahuopaa alustana.Tuotetiedot: &#8211; V\u00e4ri: musta &#8211; Mitat: 200 x 74 x 39 cm &#8211; Nettopaino: noin 7,5 kg &#8211; Bruttopaino: noin 8 kg &#8211; Mitat taitettuna: 100 x 74 x 12 cm &#8211; Tilastollinen kantavuus tasaisella painonjaolla: enint\u00e4\u00e4n 260 kgToimitus sis\u00e4lt\u00e4\u00e4:- 1 x retkivuode- 1 x kantolaukku<\/p>\n","protected":false},"excerpt":{"rendered":"<p>Luotettava retkivuode ter\u00e4srungolla, helppo k\u00e4sitell\u00e4 ja yksinkertainen pystytt\u00e4\u00e4. Songmicsin retkivuoteella voit tuntea vapauden t\u00e4htitaivaan alla. Hyv\u00e4 hinta erottaa t\u00e4m\u00e4n tarjouksen muista retkivuoteista. Retkivuode on ihanteellinen retkeilyyn, vaellukseen ja kalastukseen. Erityisen suuri makuutaso tarjoaa runsaasti tilaa. Erityisen pitk\u00e4 vuode takaa mukavan makuuasennon. Nukkumismukavuus on paljon parempi kuin erist\u00e4v\u00e4ll\u00e4 matolla, ja korkeus tarjoaa lis\u00e4suojaa kylm\u00e4lt\u00e4 maalta. Sen [&hellip;]<\/p>\n","protected":false},"featured_media":0,"comment_status":"open","ping_status":"closed","template":"","meta":[],"product_brand":[],"product_cat":[32],"product_tag":[],"class_list":{"0":"post-30300","1":"product","2":"type-product","3":"status-publish","5":"product_cat-uncategorized-fi","7":"first","8":"instock","9":"shipping-taxable","10":"product-type-simple"},"_links":{"self":[{"href":"https:\/\/nordicmart.andreevmaster.com\/fi\/wp-json\/wp\/v2\/product\/30300","targetHints":{"allow":["GET"]}}],"collection":[{"href":"https:\/\/nordicmart.andreevmaster.com\/fi\/wp-json\/wp\/v2\/product"}],"about":[{"href":"https:\/\/nordicmart.andreevmaster.com\/fi\/wp-json\/wp\/v2\/types\/product"}],"replies":[{"embeddable":true,"href":"https:\/\/nordicmart.andreevmaster.com\/fi\/wp-json\/wp\/v2\/comments?post=30300"}],"wp:attachment":[{"href":"https:\/\/nordicmart.andreevmaster.com\/fi\/wp-json\/wp\/v2\/media?parent=30300"}],"wp:term":[{"taxonomy":"product_brand","embeddable":true,"href":"https:\/\/nordicmart.andreevmaster.com\/fi\/wp-json\/wp\/v2\/product_brand?post=30300"},{"taxonomy":"product_cat","embeddable":true,"href":"https:\/\/nordicmart.andreevmaster.com\/fi\/wp-json\/wp\/v2\/product_cat?post=30300"},{"taxonomy":"product_tag","embeddable":true,"href":"https:\/\/nordicmart.andreevmaster.com\/fi\/wp-json\/wp\/v2\/product_tag?post=30300"}],"curies":[{"name":"wp","href":"https:\/\/api.w.org\/{rel}","templated":true}]}}