{"id":30297,"date":"2026-02-27T00:09:33","date_gmt":"2026-02-27T00:09:33","guid":{"rendered":"https:\/\/nordicmart.andreevmaster.com\/product\/aurinkotuoli-aurinkosanky-lepotuoli-niskatuki-saadettava-selkanoja-aurinkovarjo-kevyt-kokoontaitettava-53-x-193-x-295-cm-kantavuus-150-kg-puutarhaan-tummanharmaa-gcb19uv1\/"},"modified":"2026-02-27T09:33:17","modified_gmt":"2026-02-27T09:33:17","slug":"aurinkotuoli-aurinkosanky-lepotuoli-niskatuki-saadettava-selkanoja-aurinkovarjo-kevyt-kokoontaitettava-53-x-193-x-295-cm-kantavuus-150-kg-puutarhaan-tummanharmaa-gcb19uv1","status":"publish","type":"product","link":"https:\/\/nordicmart.andreevmaster.com\/fi\/tuote\/aurinkotuoli-aurinkosanky-lepotuoli-niskatuki-saadettava-selkanoja-aurinkovarjo-kevyt-kokoontaitettava-53-x-193-x-295-cm-kantavuus-150-kg-puutarhaan-tummanharmaa-gcb19uv1\/","title":{"rendered":"Aurinkotuoli, aurinkos\u00e4nky, lepotuoli, niskatuki, s\u00e4\u00e4dett\u00e4v\u00e4 selk\u00e4noja, aurinkovarjo, kevyt, kokoontaitettava, 53 x 193 x 29,5 cm, kantavuus 150 kg, puutarhaan, tummanharmaa GCB19UV1"},"content":{"rendered":"<p>AIKA RELAXOIDA: Kuukausien kovan ty\u00f6n j\u00e4lkeen on aika rentoutua t\u00e4ll\u00e4 hengitt\u00e4v\u00e4ll\u00e4 aurinkotuolilla! Sit\u00e4 ei tarvitse koota, vaan vain taittaa auki, kallistaa selk\u00e4nojaa taaksep\u00e4in ja l\u00f6yt\u00e4\u00e4 suosikkisi nelj\u00e4st\u00e4 asennosta ja lev\u00e4t\u00e4 p\u00e4\u00e4t\u00e4si pehme\u00e4ll\u00e4 niskatuella. L\u00e4hdet\u00e4\u00e4n lomalle!<\/p>\n<p>EI S\u00c4HK\u00d6IS\u00c4\u00c4N AURINKOA: Anna auringon l\u00e4mmitt\u00e4\u00e4 ihoasi, mutta \u00e4l\u00e4 polta silmi\u00e4si. T\u00e4m\u00e4n aurinkotuolin s\u00e4\u00e4dett\u00e4v\u00e4n aurinkosuojan ansiosta voit lukea lehti\u00e4si ilman, ett\u00e4 aurinko h\u00e4ik\u00e4isee silmi\u00e4si. Kun aurinko k\u00e4\u00e4ntyy, s\u00e4\u00e4d\u00e4 aurinkosuojaa yksinkertaisesti ty\u00f6nt\u00e4m\u00e4ll\u00e4 sit\u00e4.LUOTETTAVA: T\u00e4m\u00e4 aurinkotuoli on valmistettu tukevasta raudasta ja UV-kest\u00e4v\u00e4st\u00e4 synteettisest\u00e4 kankaasta, ja se kest\u00e4\u00e4 jopa 150 kg:n painon. Vahvistetut liitokset lis\u00e4\u00e4v\u00e4t sen vakautta, joten \u00e4rsytt\u00e4v\u00e4t heiluvat tuolit ovat nyt historiaa! Vakaus ja mukavuus ovat avainsanoja! HELPPO SIIRT\u00c4\u00c4: Oletko viett\u00e4nyt tunteja ruohonleikkuun parissa, koska k\u00f6mpel\u00f6t puutarhakalusteesi ovat keskell\u00e4 kaikkea? Ei t\u00e4m\u00e4n aurinkotuolin kanssa! Se on taitettava, kevyt ja siin\u00e4 on kaksi kahvaa, joten se on helppo kuljettaa. Minne haluat vied\u00e4 sen? Uima-altaalle tai rannalle?<\/p>\n<p>100 % LOMA: Stressaako ty\u00f6? Rentoudu nyt, kun siemailet cocktailia t\u00e4ll\u00e4 k\u00e4yt\u00e4nn\u00f6llisell\u00e4 ja mukavalla aurinkotuolilla!<\/p>\n<p>Rento ilmapiiri! Olipa kyseess\u00e4 terassi, parveke tai puutarha, t\u00e4m\u00e4 aurinkotuoli on t\u00e4ydellinen sisustuselementti, joka luo rennon ilmapiirin. Jopa kotona tunnet olevasi lomalla rannalla tekem\u00e4tt\u00e4 mit\u00e4\u00e4n! Kuka haluaa koota t\u00e4m\u00e4n aurinkotuolin? Kukaan&#8230; \u00c4l\u00e4 huoli, SONGMICSilla oli hyv\u00e4 idea! Sinun tarvitsee vain taittaa se auki, ja sinulla on aurinkotuoli k\u00e4ytett\u00e4viss\u00e4si t\u00e4ydelliseen rentoutumiseen. Tuotetiedot: V\u00e4ri: Tummanharmaa Materiaali: Rauta, synteettinen kuitukangas Koko: 53 x 193 x 29,5 cm (P x L x K) Paino: 6,8 kg Maks. staattinen kantavuus: 150 kg Toimitus sis\u00e4lt\u00e4\u00e4: 1 x aurinkotuoli SONGMICS Huomautukset: Aurinkotuolin suurin kantavuus on 150 kg. Avaa aurinkotuoli kokonaan ennen k\u00e4ytt\u00f6\u00e4. \u00c4l\u00e4 j\u00e4t\u00e4 tuotetta ulos pitk\u00e4ksi aikaa; \u00e4l\u00e4 altista aurinkotuolia sateelle tai voimakkaalle auringonvalolle.<\/p>\n","protected":false},"excerpt":{"rendered":"<p>AIKA RELAXOIDA: Kuukausien kovan ty\u00f6n j\u00e4lkeen on aika rentoutua t\u00e4ll\u00e4 hengitt\u00e4v\u00e4ll\u00e4 aurinkotuolilla! Sit\u00e4 ei tarvitse koota, vaan vain taittaa auki, kallistaa selk\u00e4nojaa taaksep\u00e4in ja l\u00f6yt\u00e4\u00e4 suosikkisi nelj\u00e4st\u00e4 asennosta ja lev\u00e4t\u00e4 p\u00e4\u00e4t\u00e4si pehme\u00e4ll\u00e4 niskatuella. L\u00e4hdet\u00e4\u00e4n lomalle! EI S\u00c4HK\u00d6IS\u00c4\u00c4N AURINKOA: Anna auringon l\u00e4mmitt\u00e4\u00e4 ihoasi, mutta \u00e4l\u00e4 polta silmi\u00e4si. T\u00e4m\u00e4n aurinkotuolin s\u00e4\u00e4dett\u00e4v\u00e4n aurinkosuojan ansiosta voit lukea lehti\u00e4si ilman, [&hellip;]<\/p>\n","protected":false},"featured_media":0,"comment_status":"open","ping_status":"closed","template":"","meta":[],"product_brand":[],"product_cat":[32],"product_tag":[],"class_list":{"0":"post-30297","1":"product","2":"type-product","3":"status-publish","5":"product_cat-uncategorized-fi","7":"first","8":"instock","9":"shipping-taxable","10":"product-type-simple"},"_links":{"self":[{"href":"https:\/\/nordicmart.andreevmaster.com\/fi\/wp-json\/wp\/v2\/product\/30297","targetHints":{"allow":["GET"]}}],"collection":[{"href":"https:\/\/nordicmart.andreevmaster.com\/fi\/wp-json\/wp\/v2\/product"}],"about":[{"href":"https:\/\/nordicmart.andreevmaster.com\/fi\/wp-json\/wp\/v2\/types\/product"}],"replies":[{"embeddable":true,"href":"https:\/\/nordicmart.andreevmaster.com\/fi\/wp-json\/wp\/v2\/comments?post=30297"}],"wp:attachment":[{"href":"https:\/\/nordicmart.andreevmaster.com\/fi\/wp-json\/wp\/v2\/media?parent=30297"}],"wp:term":[{"taxonomy":"product_brand","embeddable":true,"href":"https:\/\/nordicmart.andreevmaster.com\/fi\/wp-json\/wp\/v2\/product_brand?post=30297"},{"taxonomy":"product_cat","embeddable":true,"href":"https:\/\/nordicmart.andreevmaster.com\/fi\/wp-json\/wp\/v2\/product_cat?post=30297"},{"taxonomy":"product_tag","embeddable":true,"href":"https:\/\/nordicmart.andreevmaster.com\/fi\/wp-json\/wp\/v2\/product_tag?post=30297"}],"curies":[{"name":"wp","href":"https:\/\/api.w.org\/{rel}","templated":true}]}}