{"id":30296,"date":"2026-02-27T00:09:33","date_gmt":"2026-02-27T00:09:33","guid":{"rendered":"https:\/\/nordicmart.andreevmaster.com\/product\/songmics-aurinkotuoli-aurinkokatoksella\/"},"modified":"2026-02-27T09:33:17","modified_gmt":"2026-02-27T09:33:17","slug":"songmics-aurinkotuoli-aurinkokatoksella","status":"publish","type":"product","link":"https:\/\/nordicmart.andreevmaster.com\/fi\/tuote\/songmics-aurinkotuoli-aurinkokatoksella\/","title":{"rendered":"SONGMICS aurinkotuoli aurinkokatoksella"},"content":{"rendered":"<p>Rento ilmapiiri! Olipa kyseess\u00e4 terassi, parveke tai puutarha, t\u00e4m\u00e4 aurinkotuoli on t\u00e4ydellinen sisustuselementti, joka luo rennon ilmapiirin. N\u00e4in voit tuntea olosi kuin olisit lomalla rannalla, vaikka oletkin kotona. Tee mit\u00e4\u00e4n! Kuka haluaa koota t\u00e4m\u00e4n aurinkotuolin? Kukaan&#8230; \u00c4l\u00e4 huoli, SONGMICSilla oli hyv\u00e4 idea! Sinun tarvitsee vain avata se, ja sitten sinulla on aurinkotuoli t\u00e4ydellisiin rentoutumisen hetkiin. Tuotetiedot: &#8211; V\u00e4ri: harmaa melange &#8211; Materiaali: alumiini, synteettinen kuitukangas &#8211; Koko: 55 x 193 x 31 cm (P x L x K) &#8211; Paino: 4,9 kg &#8211; Maks. staattinen kantavuus: 150 kg Toimitus sis\u00e4lt\u00e4\u00e4:- 1 x aurinkotuoli SONGMICS Huomautukset: &#8211; Aurinkotuolin suurin kantavuus on 150 kg. \u00c4l\u00e4 ylit\u00e4 t\u00e4t\u00e4 enimm\u00e4ispainoa. &#8211; Avaa aurinkotuoli kokonaan ennen k\u00e4ytt\u00f6\u00e4. &#8211; \u00c4l\u00e4 j\u00e4t\u00e4 tuotetta pitk\u00e4ksi aikaa ulos; \u00e4l\u00e4 altista aurinkotuolia sateelle tai voimakkaalle auringonpaisteelle.<\/p>\n","protected":false},"excerpt":{"rendered":"<p>SONGMICS aurinkotuoli, lepotuoli, puutarhatuoli, selk\u00e4noja ja aurinkosuoja s\u00e4\u00e4dett\u00e4v\u00e4t, taitettava, kevyt, 55 x 193 x 31 cm, kantavuus 150 kg, puutarha, parveke, lintukuvio, tummanharmaa GCB19BG<\/p>\n","protected":false},"featured_media":39565,"comment_status":"open","ping_status":"closed","template":"","meta":[],"product_brand":[],"product_cat":[32],"product_tag":[],"class_list":{"0":"post-30296","1":"product","2":"type-product","3":"status-publish","4":"has-post-thumbnail","6":"product_cat-uncategorized-fi","8":"first","9":"instock","10":"shipping-taxable","11":"purchasable","12":"product-type-simple"},"_links":{"self":[{"href":"https:\/\/nordicmart.andreevmaster.com\/fi\/wp-json\/wp\/v2\/product\/30296","targetHints":{"allow":["GET"]}}],"collection":[{"href":"https:\/\/nordicmart.andreevmaster.com\/fi\/wp-json\/wp\/v2\/product"}],"about":[{"href":"https:\/\/nordicmart.andreevmaster.com\/fi\/wp-json\/wp\/v2\/types\/product"}],"replies":[{"embeddable":true,"href":"https:\/\/nordicmart.andreevmaster.com\/fi\/wp-json\/wp\/v2\/comments?post=30296"}],"wp:featuredmedia":[{"embeddable":true,"href":"https:\/\/nordicmart.andreevmaster.com\/fi\/wp-json\/wp\/v2\/media\/39565"}],"wp:attachment":[{"href":"https:\/\/nordicmart.andreevmaster.com\/fi\/wp-json\/wp\/v2\/media?parent=30296"}],"wp:term":[{"taxonomy":"product_brand","embeddable":true,"href":"https:\/\/nordicmart.andreevmaster.com\/fi\/wp-json\/wp\/v2\/product_brand?post=30296"},{"taxonomy":"product_cat","embeddable":true,"href":"https:\/\/nordicmart.andreevmaster.com\/fi\/wp-json\/wp\/v2\/product_cat?post=30296"},{"taxonomy":"product_tag","embeddable":true,"href":"https:\/\/nordicmart.andreevmaster.com\/fi\/wp-json\/wp\/v2\/product_tag?post=30296"}],"curies":[{"name":"wp","href":"https:\/\/api.w.org\/{rel}","templated":true}]}}