{"id":30292,"date":"2026-02-27T00:09:32","date_gmt":"2026-02-27T00:09:32","guid":{"rendered":"https:\/\/nordicmart.andreevmaster.com\/product\/aurinkotuoli-aurinkovarjo-saadettava-selkanoja-kokoontaitettava-kevyt-55-x-193-x-31-cm-kantavuus-150-kg-puutarhaan-terassille-savuinen-harmaa-gcb19gyv1\/"},"modified":"2026-02-27T09:33:16","modified_gmt":"2026-02-27T09:33:16","slug":"aurinkotuoli-aurinkovarjo-saadettava-selkanoja-kokoontaitettava-kevyt-55-x-193-x-31-cm-kantavuus-150-kg-puutarhaan-terassille-savuinen-harmaa-gcb19gyv1","status":"publish","type":"product","link":"https:\/\/nordicmart.andreevmaster.com\/fi\/tuote\/aurinkotuoli-aurinkovarjo-saadettava-selkanoja-kokoontaitettava-kevyt-55-x-193-x-31-cm-kantavuus-150-kg-puutarhaan-terassille-savuinen-harmaa-gcb19gyv1\/","title":{"rendered":"Aurinkotuoli, aurinkovarjo, s\u00e4\u00e4dett\u00e4v\u00e4 selk\u00e4noja, kokoontaitettava, kevyt, 55 x 193 x 31 cm, kantavuus 150 kg, puutarhaan, terassille, savuinen harmaa GCB19GYV1"},"content":{"rendered":"","protected":false},"excerpt":{"rendered":"","protected":false},"featured_media":0,"comment_status":"open","ping_status":"closed","template":"","meta":[],"product_brand":[],"product_cat":[32],"product_tag":[],"class_list":{"0":"post-30292","1":"product","2":"type-product","3":"status-publish","5":"product_cat-uncategorized-fi","7":"first","8":"instock","9":"shipping-taxable","10":"product-type-simple"},"_links":{"self":[{"href":"https:\/\/nordicmart.andreevmaster.com\/fi\/wp-json\/wp\/v2\/product\/30292","targetHints":{"allow":["GET"]}}],"collection":[{"href":"https:\/\/nordicmart.andreevmaster.com\/fi\/wp-json\/wp\/v2\/product"}],"about":[{"href":"https:\/\/nordicmart.andreevmaster.com\/fi\/wp-json\/wp\/v2\/types\/product"}],"replies":[{"embeddable":true,"href":"https:\/\/nordicmart.andreevmaster.com\/fi\/wp-json\/wp\/v2\/comments?post=30292"}],"wp:attachment":[{"href":"https:\/\/nordicmart.andreevmaster.com\/fi\/wp-json\/wp\/v2\/media?parent=30292"}],"wp:term":[{"taxonomy":"product_brand","embeddable":true,"href":"https:\/\/nordicmart.andreevmaster.com\/fi\/wp-json\/wp\/v2\/product_brand?post=30292"},{"taxonomy":"product_cat","embeddable":true,"href":"https:\/\/nordicmart.andreevmaster.com\/fi\/wp-json\/wp\/v2\/product_cat?post=30292"},{"taxonomy":"product_tag","embeddable":true,"href":"https:\/\/nordicmart.andreevmaster.com\/fi\/wp-json\/wp\/v2\/product_tag?post=30292"}],"curies":[{"name":"wp","href":"https:\/\/api.w.org\/{rel}","templated":true}]}}