{"id":30289,"date":"2026-02-27T00:09:31","date_gmt":"2026-02-27T00:09:31","guid":{"rendered":"https:\/\/nordicmart.andreevmaster.com\/product\/songmics-aurinkotuoli-pehmusteella-ja-katoksella\/"},"modified":"2026-02-27T09:33:16","modified_gmt":"2026-02-27T09:33:16","slug":"songmics-aurinkotuoli-pehmusteella-ja-katoksella","status":"publish","type":"product","link":"https:\/\/nordicmart.andreevmaster.com\/fi\/tuote\/songmics-aurinkotuoli-pehmusteella-ja-katoksella\/","title":{"rendered":"SONGMICS aurinkotuoli pehmusteella ja katoksella"},"content":{"rendered":"<p>Rento ilmapiiri! Olipa kyseess\u00e4 terassi, parveke tai puutarha, t\u00e4m\u00e4 taitettava aurinkotuoli on t\u00e4ydellinen sisustuselementti, joka luo rennon ilmapiirin. N\u00e4in voit tuntea olosi kuin olisit lomalla rannalla, vaikka oletkin kotona. Ei mit\u00e4\u00e4n tekemist\u00e4! Kuka haluaa koota t\u00e4m\u00e4n aurinkotuolin? Kukaan&#8230; \u00c4l\u00e4 huoli, SONGMICSilla oli hyv\u00e4 idea! Sinun tarvitsee vain avata se, ja saat aurinkotuolin aurinkokatoksella t\u00e4ydellisiin rentoutumisen hetkiin.Tuotetiedot: V\u00e4ri: musta Materiaali: metalli, synteettinen kuitukangas Koko: 53 x 193 x 29,5 cm (P x L x K) Paino: 8,1 kg Maks. staattinen kantavuus: 150 kg Toimitus sis\u00e4lt\u00e4\u00e4: 1 x aurinkotuoli katoksella SONGMICS-ohjeet: Aurinkotuolin suurin kantavuus on 150 kg. \u00c4l\u00e4 ylit\u00e4 t\u00e4t\u00e4 enimm\u00e4ispainoa. Avaa aurinkotuoli kokonaan ennen k\u00e4ytt\u00f6\u00e4. \u00c4l\u00e4 j\u00e4t\u00e4 tuotetta pitk\u00e4ksi aikaa ulos; \u00e4l\u00e4 altista aurinkotuolia sateelle tai voimakkaalle auringonpaisteelle.<\/p>\n","protected":false},"excerpt":{"rendered":"<p>SONGMICS aurinkotuoli, lepotuoli 3 cm paksulla pehmusteella, p\u00e4\u00e4ntuki, aurinkosuoja, s\u00e4\u00e4dett\u00e4v\u00e4 selk\u00e4noja, taitettava, 53 x 193 x 29,5 cm, kantavuus 150 kg, puutarha, parveke, musta GCB193B01<\/p>\n","protected":false},"featured_media":39559,"comment_status":"open","ping_status":"closed","template":"","meta":[],"product_brand":[],"product_cat":[32],"product_tag":[],"class_list":{"0":"post-30289","1":"product","2":"type-product","3":"status-publish","4":"has-post-thumbnail","6":"product_cat-uncategorized-fi","8":"first","9":"instock","10":"shipping-taxable","11":"purchasable","12":"product-type-simple"},"_links":{"self":[{"href":"https:\/\/nordicmart.andreevmaster.com\/fi\/wp-json\/wp\/v2\/product\/30289","targetHints":{"allow":["GET"]}}],"collection":[{"href":"https:\/\/nordicmart.andreevmaster.com\/fi\/wp-json\/wp\/v2\/product"}],"about":[{"href":"https:\/\/nordicmart.andreevmaster.com\/fi\/wp-json\/wp\/v2\/types\/product"}],"replies":[{"embeddable":true,"href":"https:\/\/nordicmart.andreevmaster.com\/fi\/wp-json\/wp\/v2\/comments?post=30289"}],"wp:featuredmedia":[{"embeddable":true,"href":"https:\/\/nordicmart.andreevmaster.com\/fi\/wp-json\/wp\/v2\/media\/39559"}],"wp:attachment":[{"href":"https:\/\/nordicmart.andreevmaster.com\/fi\/wp-json\/wp\/v2\/media?parent=30289"}],"wp:term":[{"taxonomy":"product_brand","embeddable":true,"href":"https:\/\/nordicmart.andreevmaster.com\/fi\/wp-json\/wp\/v2\/product_brand?post=30289"},{"taxonomy":"product_cat","embeddable":true,"href":"https:\/\/nordicmart.andreevmaster.com\/fi\/wp-json\/wp\/v2\/product_cat?post=30289"},{"taxonomy":"product_tag","embeddable":true,"href":"https:\/\/nordicmart.andreevmaster.com\/fi\/wp-json\/wp\/v2\/product_tag?post=30289"}],"curies":[{"name":"wp","href":"https:\/\/api.w.org\/{rel}","templated":true}]}}