{"id":30288,"date":"2026-02-27T00:09:31","date_gmt":"2026-02-27T00:09:31","guid":{"rendered":"https:\/\/nordicmart.andreevmaster.com\/product\/songmics-taitettava-lepotuoli-aurinkosuojalla-ja-paantuella\/"},"modified":"2026-02-27T09:33:15","modified_gmt":"2026-02-27T09:33:15","slug":"songmics-taitettava-lepotuoli-aurinkosuojalla-ja-paantuella","status":"publish","type":"product","link":"https:\/\/nordicmart.andreevmaster.com\/fi\/tuote\/songmics-taitettava-lepotuoli-aurinkosuojalla-ja-paantuella\/","title":{"rendered":"SONGMICS taitettava lepotuoli aurinkosuojalla ja p\u00e4\u00e4ntuella"},"content":{"rendered":"<p>SONGMICS aurinkotuoli, lepotuoli, puutarhatuoli, p\u00e4\u00e4ntuki ja aurinkosuoja, s\u00e4\u00e4dett\u00e4v\u00e4 selk\u00e4noja, kevyt, taitettava, 53 x 193 x 29,5 cm, kantavuus 150 kg, puutarha, parveke, musta GCB192B01<br \/>\nV\u00e4ri: punainen<br \/>\nMateriaali: ter\u00e4s, synteettinen kuitukangas<br \/>\nKoko: 53 x 193 x 29 cm (S x L x K)<br \/>\nKoko taitettuna: 17 x 53 x 73 cm (S x L x K)<br \/>\nPaino: 7,1 kg<br \/>\nMaks. staattinen kantavuus: 150 kg<\/p>\n","protected":false},"excerpt":{"rendered":"<p>SONGMICS aurinkotuoli, lepotuoli, puutarhatuoli, p\u00e4\u00e4ntuki ja aurinkosuoja, s\u00e4\u00e4dett\u00e4v\u00e4 selk\u00e4noja, kevyt, taitettava, 53 x 193 x 29,5 cm, kantavuus 150 kg, puutarha, parveke, musta GCB192B01<\/p>\n","protected":false},"featured_media":39558,"comment_status":"open","ping_status":"closed","template":"","meta":[],"product_brand":[],"product_cat":[32],"product_tag":[],"class_list":{"0":"post-30288","1":"product","2":"type-product","3":"status-publish","4":"has-post-thumbnail","6":"product_cat-uncategorized-fi","8":"first","9":"instock","10":"shipping-taxable","11":"purchasable","12":"product-type-simple"},"_links":{"self":[{"href":"https:\/\/nordicmart.andreevmaster.com\/fi\/wp-json\/wp\/v2\/product\/30288","targetHints":{"allow":["GET"]}}],"collection":[{"href":"https:\/\/nordicmart.andreevmaster.com\/fi\/wp-json\/wp\/v2\/product"}],"about":[{"href":"https:\/\/nordicmart.andreevmaster.com\/fi\/wp-json\/wp\/v2\/types\/product"}],"replies":[{"embeddable":true,"href":"https:\/\/nordicmart.andreevmaster.com\/fi\/wp-json\/wp\/v2\/comments?post=30288"}],"wp:featuredmedia":[{"embeddable":true,"href":"https:\/\/nordicmart.andreevmaster.com\/fi\/wp-json\/wp\/v2\/media\/39558"}],"wp:attachment":[{"href":"https:\/\/nordicmart.andreevmaster.com\/fi\/wp-json\/wp\/v2\/media?parent=30288"}],"wp:term":[{"taxonomy":"product_brand","embeddable":true,"href":"https:\/\/nordicmart.andreevmaster.com\/fi\/wp-json\/wp\/v2\/product_brand?post=30288"},{"taxonomy":"product_cat","embeddable":true,"href":"https:\/\/nordicmart.andreevmaster.com\/fi\/wp-json\/wp\/v2\/product_cat?post=30288"},{"taxonomy":"product_tag","embeddable":true,"href":"https:\/\/nordicmart.andreevmaster.com\/fi\/wp-json\/wp\/v2\/product_tag?post=30288"}],"curies":[{"name":"wp","href":"https:\/\/api.w.org\/{rel}","templated":true}]}}