{"id":30286,"date":"2026-02-27T00:09:31","date_gmt":"2026-02-27T00:09:31","guid":{"rendered":"https:\/\/nordicmart.andreevmaster.com\/product\/songmics-aurinkotuoli-saadettavalla-selkanojalla\/"},"modified":"2026-02-27T09:33:15","modified_gmt":"2026-02-27T09:33:15","slug":"songmics-aurinkotuoli-saadettavalla-selkanojalla","status":"publish","type":"product","link":"https:\/\/nordicmart.andreevmaster.com\/fi\/tuote\/songmics-aurinkotuoli-saadettavalla-selkanojalla\/","title":{"rendered":"SONGMICS aurinkotuoli s\u00e4\u00e4dett\u00e4v\u00e4ll\u00e4 selk\u00e4nojalla"},"content":{"rendered":"<p>Tuotetiedot: &#8211; V\u00e4ri: taupe &#8211; Materiaali: metalli, synteettinen kuitukangas &#8211; Koko: 53 x 193 x 29,5 cm (P x L x K) &#8211; Paino: 7,1 kg &#8211; Maks. staattinen kantavuus: 150 kg Toimitus sis\u00e4lt\u00e4\u00e4: &#8211; 1 x SONGMICS-aurinkotuoli Huomautukset: &#8211; Aurinkotuolin suurin kantavuus on 150 kg. \u00c4l\u00e4 ylit\u00e4 t\u00e4t\u00e4 enimm\u00e4ispainoa. &#8211; Avaa aurinkotuoli kokonaan ennen k\u00e4ytt\u00f6\u00e4. &#8211; \u00c4l\u00e4 j\u00e4t\u00e4 tuotetta pitk\u00e4ksi aikaa ulos; \u00e4l\u00e4 altista aurinkotuolia sateelle tai voimakkaalle auringonpaisteelle.<\/p>\n","protected":false},"excerpt":{"rendered":"<p>SONGMICS aurinkotuoli, lepotuoli, puutarhatuoli, p\u00e4\u00e4ntuki ja aurinkosuoja, s\u00e4\u00e4dett\u00e4v\u00e4 selk\u00e4noja, kevyt, taitettava, 53 x 193 x 29,5 cm, kantavuus 150 kg, puutarha, parveke, musta GCB192B01<\/p>\n","protected":false},"featured_media":39556,"comment_status":"open","ping_status":"closed","template":"","meta":[],"product_brand":[],"product_cat":[32],"product_tag":[],"class_list":{"0":"post-30286","1":"product","2":"type-product","3":"status-publish","4":"has-post-thumbnail","6":"product_cat-uncategorized-fi","8":"first","9":"instock","10":"shipping-taxable","11":"purchasable","12":"product-type-simple"},"_links":{"self":[{"href":"https:\/\/nordicmart.andreevmaster.com\/fi\/wp-json\/wp\/v2\/product\/30286","targetHints":{"allow":["GET"]}}],"collection":[{"href":"https:\/\/nordicmart.andreevmaster.com\/fi\/wp-json\/wp\/v2\/product"}],"about":[{"href":"https:\/\/nordicmart.andreevmaster.com\/fi\/wp-json\/wp\/v2\/types\/product"}],"replies":[{"embeddable":true,"href":"https:\/\/nordicmart.andreevmaster.com\/fi\/wp-json\/wp\/v2\/comments?post=30286"}],"wp:featuredmedia":[{"embeddable":true,"href":"https:\/\/nordicmart.andreevmaster.com\/fi\/wp-json\/wp\/v2\/media\/39556"}],"wp:attachment":[{"href":"https:\/\/nordicmart.andreevmaster.com\/fi\/wp-json\/wp\/v2\/media?parent=30286"}],"wp:term":[{"taxonomy":"product_brand","embeddable":true,"href":"https:\/\/nordicmart.andreevmaster.com\/fi\/wp-json\/wp\/v2\/product_brand?post=30286"},{"taxonomy":"product_cat","embeddable":true,"href":"https:\/\/nordicmart.andreevmaster.com\/fi\/wp-json\/wp\/v2\/product_cat?post=30286"},{"taxonomy":"product_tag","embeddable":true,"href":"https:\/\/nordicmart.andreevmaster.com\/fi\/wp-json\/wp\/v2\/product_tag?post=30286"}],"curies":[{"name":"wp","href":"https:\/\/api.w.org\/{rel}","templated":true}]}}