{"id":30283,"date":"2026-02-27T00:09:30","date_gmt":"2026-02-27T00:09:30","guid":{"rendered":"https:\/\/nordicmart.andreevmaster.com\/product\/songmics-retkivuode-190-x-63-x-36-cm-harmaa\/"},"modified":"2026-02-27T09:33:15","modified_gmt":"2026-02-27T09:33:15","slug":"songmics-retkivuode-190-x-63-x-36-cm-harmaa","status":"publish","type":"product","link":"https:\/\/nordicmart.andreevmaster.com\/fi\/tuote\/songmics-retkivuode-190-x-63-x-36-cm-harmaa\/","title":{"rendered":"SONGMICS retkivuode 190 x 63 x 36 cm harmaa"},"content":{"rendered":"<p>T-muotoinen liitososa lis\u00e4\u00e4 vakautta. Maksimi staattinen kantavuus on 260 kg. Mukava makuupinta. 600 D Oxford-kangas, kest\u00e4v\u00e4 ja kosteutta kest\u00e4v\u00e4Helppo kuljettaaRetkivuode voidaan taittaa kompaktiksi, joten se on helppo kuljettaa ja s\u00e4ilytt\u00e4\u00e4Tekniset tiedotV\u00e4ri: HarmaaParistot mukana: EiTuotteen paino: 6,9 kgTuotteen paino pakkaus mukaan lukien: 8,3 kg<\/p>\n","protected":false},"excerpt":{"rendered":"<p>SONGMICS retkivuode, kentt\u00e4vuode, maks. staattinen kantavuus 260 kg, 190 x 63 x 36 cm<\/p>\n","protected":false},"featured_media":39553,"comment_status":"open","ping_status":"closed","template":"","meta":[],"product_brand":[],"product_cat":[32],"product_tag":[],"class_list":{"0":"post-30283","1":"product","2":"type-product","3":"status-publish","4":"has-post-thumbnail","6":"product_cat-uncategorized-fi","8":"first","9":"instock","10":"shipping-taxable","11":"purchasable","12":"product-type-simple"},"_links":{"self":[{"href":"https:\/\/nordicmart.andreevmaster.com\/fi\/wp-json\/wp\/v2\/product\/30283","targetHints":{"allow":["GET"]}}],"collection":[{"href":"https:\/\/nordicmart.andreevmaster.com\/fi\/wp-json\/wp\/v2\/product"}],"about":[{"href":"https:\/\/nordicmart.andreevmaster.com\/fi\/wp-json\/wp\/v2\/types\/product"}],"replies":[{"embeddable":true,"href":"https:\/\/nordicmart.andreevmaster.com\/fi\/wp-json\/wp\/v2\/comments?post=30283"}],"wp:featuredmedia":[{"embeddable":true,"href":"https:\/\/nordicmart.andreevmaster.com\/fi\/wp-json\/wp\/v2\/media\/39553"}],"wp:attachment":[{"href":"https:\/\/nordicmart.andreevmaster.com\/fi\/wp-json\/wp\/v2\/media?parent=30283"}],"wp:term":[{"taxonomy":"product_brand","embeddable":true,"href":"https:\/\/nordicmart.andreevmaster.com\/fi\/wp-json\/wp\/v2\/product_brand?post=30283"},{"taxonomy":"product_cat","embeddable":true,"href":"https:\/\/nordicmart.andreevmaster.com\/fi\/wp-json\/wp\/v2\/product_cat?post=30283"},{"taxonomy":"product_tag","embeddable":true,"href":"https:\/\/nordicmart.andreevmaster.com\/fi\/wp-json\/wp\/v2\/product_tag?post=30283"}],"curies":[{"name":"wp","href":"https:\/\/api.w.org\/{rel}","templated":true}]}}