{"id":30282,"date":"2026-02-27T00:09:30","date_gmt":"2026-02-27T00:09:30","guid":{"rendered":"https:\/\/nordicmart.andreevmaster.com\/product\/songmics-retkivuode-190-x-63-x-36-cm-musta\/"},"modified":"2026-02-27T09:33:15","modified_gmt":"2026-02-27T09:33:15","slug":"songmics-retkivuode-190-x-63-x-36-cm-musta","status":"publish","type":"product","link":"https:\/\/nordicmart.andreevmaster.com\/fi\/tuote\/songmics-retkivuode-190-x-63-x-36-cm-musta\/","title":{"rendered":"SONGMICS retkivuode 190 x 63 x 36 cm musta"},"content":{"rendered":"<p>Haluatko nukkua mukavasti tuntien vaelluksen j\u00e4lkeen? Tarvitsetko ylim\u00e4\u00e4r\u00e4isen s\u00e4ngyn, kun perheesi tai yst\u00e4v\u00e4si tulevat vierailulle? T\u00e4m\u00e4 kokoontaitettava s\u00e4nky tulee apuusi.Valmistettu kest\u00e4v\u00e4st\u00e4 raudasta ja kest\u00e4vist\u00e4 600D Oxford-kankaasta, t\u00e4m\u00e4 retkis\u00e4nky erottuu korkealla kantavuudellaan (jopa 260 kg) ja pitk\u00e4ll\u00e4 k\u00e4ytt\u00f6i\u00e4ll\u00e4\u00e4n. K\u00e4y rauhassa makuulle t\u00e4h\u00e4n s\u00e4nkyyn ja rentouta kehosi. Koska t\u00e4m\u00e4 retkis\u00e4nky on taitettava, sinun ei tarvitse huolehtia sen kuljettamisesta. Kun s\u00e4nky\u00e4 ei k\u00e4ytet\u00e4, se voidaan taittaa kokoon ja laittaa auton tavaratilaan. Tuotetiedot: V\u00e4ri: musta Materiaali: rautakehys, Oxford-kangas, PP (polypropeeni) Kokonaiskoko: 190 x 63 x 36 cm (P x L x K) Koko kokoontaitettuna: 95 x 63 x 11 cm (P x L x K) Paino: 7,4 kg Maks. staattinen kantavuus: 260 kg Toimitus sis\u00e4lt\u00e4\u00e4: 1 x retkivuode 1 x ohjeet (DE, EN, FR, ES, IT) SONGMICS-huomautukset: Tuote on vakaampi, kun asetat sen sein\u00e4\u00e4 vasten.Tuote ei saa joutua kosketuksiin ter\u00e4vien esineiden kanssa. Ole varovainen taitettaessa, jotta k\u00e4det eiv\u00e4t j\u00e4\u00e4 puristuksiin. Tuotteen makuupinta ei ole irrotettava. Pyyhi pinta kostealla liinalla tai puhdista tuote harjalla. Tarvittaessa voit levitt\u00e4\u00e4 peiton s\u00e4ngylle mukavuuden lis\u00e4\u00e4miseksi.<\/p>\n","protected":false},"excerpt":{"rendered":"<p>SONGMICS retkivuode, kentt\u00e4vuode, maks. staattinen kantavuus 260 kg, 190 x 63 x 36 cm<\/p>\n","protected":false},"featured_media":39552,"comment_status":"open","ping_status":"closed","template":"","meta":[],"product_brand":[],"product_cat":[32],"product_tag":[],"class_list":{"0":"post-30282","1":"product","2":"type-product","3":"status-publish","4":"has-post-thumbnail","6":"product_cat-uncategorized-fi","8":"first","9":"instock","10":"shipping-taxable","11":"purchasable","12":"product-type-simple"},"_links":{"self":[{"href":"https:\/\/nordicmart.andreevmaster.com\/fi\/wp-json\/wp\/v2\/product\/30282","targetHints":{"allow":["GET"]}}],"collection":[{"href":"https:\/\/nordicmart.andreevmaster.com\/fi\/wp-json\/wp\/v2\/product"}],"about":[{"href":"https:\/\/nordicmart.andreevmaster.com\/fi\/wp-json\/wp\/v2\/types\/product"}],"replies":[{"embeddable":true,"href":"https:\/\/nordicmart.andreevmaster.com\/fi\/wp-json\/wp\/v2\/comments?post=30282"}],"wp:featuredmedia":[{"embeddable":true,"href":"https:\/\/nordicmart.andreevmaster.com\/fi\/wp-json\/wp\/v2\/media\/39552"}],"wp:attachment":[{"href":"https:\/\/nordicmart.andreevmaster.com\/fi\/wp-json\/wp\/v2\/media?parent=30282"}],"wp:term":[{"taxonomy":"product_brand","embeddable":true,"href":"https:\/\/nordicmart.andreevmaster.com\/fi\/wp-json\/wp\/v2\/product_brand?post=30282"},{"taxonomy":"product_cat","embeddable":true,"href":"https:\/\/nordicmart.andreevmaster.com\/fi\/wp-json\/wp\/v2\/product_cat?post=30282"},{"taxonomy":"product_tag","embeddable":true,"href":"https:\/\/nordicmart.andreevmaster.com\/fi\/wp-json\/wp\/v2\/product_tag?post=30282"}],"curies":[{"name":"wp","href":"https:\/\/api.w.org\/{rel}","templated":true}]}}