{"id":30279,"date":"2026-02-27T00:09:29","date_gmt":"2026-02-27T00:09:29","guid":{"rendered":"https:\/\/nordicmart.andreevmaster.com\/product\/songmics-2-kpl-rantatuolien-sarja-jossa-on-portaattomasti-saadettava-selkanoja\/"},"modified":"2026-02-27T09:33:14","modified_gmt":"2026-02-27T09:33:14","slug":"songmics-2-kpl-rantatuolien-sarja-jossa-on-portaattomasti-saadettava-selkanoja","status":"publish","type":"product","link":"https:\/\/nordicmart.andreevmaster.com\/fi\/tuote\/songmics-2-kpl-rantatuolien-sarja-jossa-on-portaattomasti-saadettava-selkanoja\/","title":{"rendered":"SONGMICS 2 kpl rantatuolien sarja, jossa on portaattomasti s\u00e4\u00e4dett\u00e4v\u00e4 selk\u00e4noja"},"content":{"rendered":"<p>SONGMICS 1 kpl ranta-aurinkotuolit, joissa on portaattomasti s\u00e4\u00e4dett\u00e4v\u00e4 selk\u00e4noja<br \/>\nV\u00e4ri: merensininen<br \/>\nMateriaali: galvanoitu ter\u00e4s, Oxford-kangas<br \/>\nKoko: 158 x 55 cm (S x L)<br \/>\nKokoontaitettuna: 57 x 7 x 56 cm (S x L x K)<br \/>\nPaino per rantatuoli: 1,9 kg<br \/>\nRantatuolin maks. staattinen kantavuus: 150 kg<\/p>\n","protected":false},"excerpt":{"rendered":"<p>SONGMICS 1 kpl ranta-aurinkotuolit, joissa on portaattomasti s\u00e4\u00e4dett\u00e4v\u00e4 selk\u00e4noja<\/p>\n","protected":false},"featured_media":39549,"comment_status":"open","ping_status":"closed","template":"","meta":[],"product_brand":[],"product_cat":[32],"product_tag":[],"class_list":{"0":"post-30279","1":"product","2":"type-product","3":"status-publish","4":"has-post-thumbnail","6":"product_cat-uncategorized-fi","8":"first","9":"instock","10":"shipping-taxable","11":"purchasable","12":"product-type-simple"},"_links":{"self":[{"href":"https:\/\/nordicmart.andreevmaster.com\/fi\/wp-json\/wp\/v2\/product\/30279","targetHints":{"allow":["GET"]}}],"collection":[{"href":"https:\/\/nordicmart.andreevmaster.com\/fi\/wp-json\/wp\/v2\/product"}],"about":[{"href":"https:\/\/nordicmart.andreevmaster.com\/fi\/wp-json\/wp\/v2\/types\/product"}],"replies":[{"embeddable":true,"href":"https:\/\/nordicmart.andreevmaster.com\/fi\/wp-json\/wp\/v2\/comments?post=30279"}],"wp:featuredmedia":[{"embeddable":true,"href":"https:\/\/nordicmart.andreevmaster.com\/fi\/wp-json\/wp\/v2\/media\/39549"}],"wp:attachment":[{"href":"https:\/\/nordicmart.andreevmaster.com\/fi\/wp-json\/wp\/v2\/media?parent=30279"}],"wp:term":[{"taxonomy":"product_brand","embeddable":true,"href":"https:\/\/nordicmart.andreevmaster.com\/fi\/wp-json\/wp\/v2\/product_brand?post=30279"},{"taxonomy":"product_cat","embeddable":true,"href":"https:\/\/nordicmart.andreevmaster.com\/fi\/wp-json\/wp\/v2\/product_cat?post=30279"},{"taxonomy":"product_tag","embeddable":true,"href":"https:\/\/nordicmart.andreevmaster.com\/fi\/wp-json\/wp\/v2\/product_tag?post=30279"}],"curies":[{"name":"wp","href":"https:\/\/api.w.org\/{rel}","templated":true}]}}