{"id":30278,"date":"2026-02-27T00:09:29","date_gmt":"2026-02-27T00:09:29","guid":{"rendered":"https:\/\/nordicmart.andreevmaster.com\/product\/songmics-retkituoli-juomatelineella-musta-sininen\/"},"modified":"2026-02-27T09:33:14","modified_gmt":"2026-02-27T09:33:14","slug":"songmics-retkituoli-juomatelineella-musta-sininen","status":"publish","type":"product","link":"https:\/\/nordicmart.andreevmaster.com\/fi\/tuote\/songmics-retkituoli-juomatelineella-musta-sininen\/","title":{"rendered":"SONGMICS retkituoli juomatelineell\u00e4, musta-sininen"},"content":{"rendered":"<p>SONGMICS on kehitt\u00e4nyt sarjan ulkoilutuoleja, jotka lis\u00e4\u00e4v\u00e4t mukavuutta, kun rentoudut rannalla, leirint\u00e4alueella tai puutarhassa. Nauti lomastasi! Sopii kaikkialle T\u00e4m\u00e4 monipuolinen retkituoli on t\u00e4ydellinen retkeilyyn. Jos olet intohimoinen kalastaja, voit kuitenkin vied\u00e4 sen my\u00f6s joelle tai merelle. T\u00e4m\u00e4 taitettava tuoli sopii my\u00f6s erinomaisesti, jos haluatte pit\u00e4\u00e4 piknikin puistossa perheen kanssa. Mukava ja k\u00e4yt\u00e4nn\u00f6llinen Pitk\u00e4n ty\u00f6p\u00e4iv\u00e4n j\u00e4lkeen on joskus juuri sit\u00e4, mit\u00e4 tarvitset, nauttia vapaa-ajastasi t\u00e4ysill\u00e4! Istuudu t\u00e4h\u00e4n mukavaan retkituoliin, jossa on vaahtomuovipehmusteiset k\u00e4sinojat ja korkea selk\u00e4noja. Suunnitteletko retkeilylomaa luonnossa? T\u00e4m\u00e4 tuoli painaa vain 5,5 kg! Taitat sen helposti kokoon, laitat sen mukana toimitettuun kantolaukkuun ja kannat sit\u00e4 olkap\u00e4\u00e4llesi \u2013 ja seikkailu voi alkaa! Jos olet luonnon- ja ulkoilmaihminen, tutustu my\u00f6s muihin SONGMICS-ulkoilutuoleihin! Tuotetiedot:- V\u00e4ri: punainen ja musta &#8211; Materiaali: 600D Oxford-kangas, jauhemaalatut rautaputket, vaahtomuovi &#8211; Mitat: 90 x 60 x 103 cm (P x L x K) &#8211; Paino: 5,5 kg &#8211; Maks. kantavuus: 150 kg Toimitus sis\u00e4lt\u00e4\u00e4: &#8211; 1 x retkituoli &#8211; 1 x kantolaukku SONGMICS-ohjeet:- Tuotetta ei saa altistaa ter\u00e4vien tai ter\u00e4vien esineiden kosketukselle.<\/p>\n","protected":false},"excerpt":{"rendered":"<p>SONGMICS retkituoli, taitettava, taitettava tuoli korkealla selk\u00e4nojalla, pullotelineell\u00e4 ja kylm\u00e4laukulla, mukava, tukeva runko, kantavuus 250 kg, ulkotuoli, sininen ja musta GCB10UB<\/p>\n","protected":false},"featured_media":39548,"comment_status":"open","ping_status":"closed","template":"","meta":[],"product_brand":[],"product_cat":[32],"product_tag":[],"class_list":{"0":"post-30278","1":"product","2":"type-product","3":"status-publish","4":"has-post-thumbnail","6":"product_cat-uncategorized-fi","8":"first","9":"instock","10":"shipping-taxable","11":"purchasable","12":"product-type-simple"},"_links":{"self":[{"href":"https:\/\/nordicmart.andreevmaster.com\/fi\/wp-json\/wp\/v2\/product\/30278","targetHints":{"allow":["GET"]}}],"collection":[{"href":"https:\/\/nordicmart.andreevmaster.com\/fi\/wp-json\/wp\/v2\/product"}],"about":[{"href":"https:\/\/nordicmart.andreevmaster.com\/fi\/wp-json\/wp\/v2\/types\/product"}],"replies":[{"embeddable":true,"href":"https:\/\/nordicmart.andreevmaster.com\/fi\/wp-json\/wp\/v2\/comments?post=30278"}],"wp:featuredmedia":[{"embeddable":true,"href":"https:\/\/nordicmart.andreevmaster.com\/fi\/wp-json\/wp\/v2\/media\/39548"}],"wp:attachment":[{"href":"https:\/\/nordicmart.andreevmaster.com\/fi\/wp-json\/wp\/v2\/media?parent=30278"}],"wp:term":[{"taxonomy":"product_brand","embeddable":true,"href":"https:\/\/nordicmart.andreevmaster.com\/fi\/wp-json\/wp\/v2\/product_brand?post=30278"},{"taxonomy":"product_cat","embeddable":true,"href":"https:\/\/nordicmart.andreevmaster.com\/fi\/wp-json\/wp\/v2\/product_cat?post=30278"},{"taxonomy":"product_tag","embeddable":true,"href":"https:\/\/nordicmart.andreevmaster.com\/fi\/wp-json\/wp\/v2\/product_tag?post=30278"}],"curies":[{"name":"wp","href":"https:\/\/api.w.org\/{rel}","templated":true}]}}