{"id":30275,"date":"2026-02-27T00:09:29","date_gmt":"2026-02-27T00:09:29","guid":{"rendered":"https:\/\/nordicmart.andreevmaster.com\/product\/songmics-retkituoli-kasinojilla\/"},"modified":"2026-02-27T09:33:14","modified_gmt":"2026-02-27T09:33:14","slug":"songmics-retkituoli-kasinojilla","status":"publish","type":"product","link":"https:\/\/nordicmart.andreevmaster.com\/fi\/tuote\/songmics-retkituoli-kasinojilla\/","title":{"rendered":"SONGMICS retkituoli k\u00e4sinojilla"},"content":{"rendered":"<p>Pakene stressaavaa ty\u00f6el\u00e4m\u00e4\u00e4 ja uppoudu luontoon. SONGMICS on kehitt\u00e4nyt sarjan retkituoleja, jotka tarjoavat mukavuutta my\u00f6s ulkona. Istuudu yhteen n\u00e4ist\u00e4 tuoleista ja rentoudu kehosi ja mielesi. Mukavuutta k\u00e4simatkatavaroissa Pitk\u00e4n aktiivisen p\u00e4iv\u00e4n j\u00e4lkeen haluat varmasti vain istua t\u00e4h\u00e4n ulkoilutuoliin, jossa on pehme\u00e4 p\u00e4\u00e4ntuki ja k\u00e4yt\u00e4nn\u00f6lliset k\u00e4sinojat, ja rentoutua. Suunnitteletko matkaa, jonka kohde on kaukana leirint\u00e4alueesta? T\u00e4m\u00e4 tuoli painaa vain 3,8 kg. K\u00e4\u00e4nn\u00e4 se vain kokoon ja ota mukaan! Minne haluat T\u00e4m\u00e4n taitettavan tuolin monipuolisuutta on vaikea voittaa. Se sopii t\u00e4ydellisesti retkeilyyn. Jos olet intohimoinen kalastaja, voit my\u00f6s ottaa sen mukaan joelle tai merelle. Lis\u00e4ksi t\u00e4m\u00e4 taitettava tuoli sopii erinomaisesti, jos haluatte pit\u00e4\u00e4 piknikin puistossa perheen kanssa. Tuotetiedot: &#8211; V\u00e4ri: tummansininen &#8211; Materiaali: rautakehys, 600D Oxford-kangas &#8211; Kokonaiskoko: 81 x 70 x 91 cm (P x L x K) &#8211; Pakkauskoko: 98 x 17 x 15 cm &#8211; Paino: 3,8 kg &#8211; Maks. staattinen kantavuus: 150 kg Toimitus sis\u00e4lt\u00e4\u00e4:- 1 x retkituoli &#8211; 1 x kuljetuslaukku SONGMICS-ohjeet: &#8211; Retkituolin suurin kantavuus on 150 kg. \u00c4l\u00e4 ylit\u00e4 t\u00e4t\u00e4 enimm\u00e4ispainoa. &#8211; Avaa retkituoli kokonaan ennen k\u00e4ytt\u00f6\u00e4. &#8211; Suojaa tuote sateelta; \u00e4l\u00e4 altista retkituolia voimakkaalle auringonvalolle pitk\u00e4ksi aikaa.<\/p>\n","protected":false},"excerpt":{"rendered":"<p>SONGMICS retkituoli, taitettava tuoli, ulkotuoli k\u00e4sinojilla, p\u00e4\u00e4ntuella ja juomatelineill\u00e4, tukeva runko, kantavuus 150 kg, musta GCB09BK<\/p>\n","protected":false},"featured_media":39546,"comment_status":"open","ping_status":"closed","template":"","meta":[],"product_brand":[],"product_cat":[32],"product_tag":[],"class_list":{"0":"post-30275","1":"product","2":"type-product","3":"status-publish","4":"has-post-thumbnail","6":"product_cat-uncategorized-fi","8":"first","9":"instock","10":"shipping-taxable","11":"purchasable","12":"product-type-simple"},"_links":{"self":[{"href":"https:\/\/nordicmart.andreevmaster.com\/fi\/wp-json\/wp\/v2\/product\/30275","targetHints":{"allow":["GET"]}}],"collection":[{"href":"https:\/\/nordicmart.andreevmaster.com\/fi\/wp-json\/wp\/v2\/product"}],"about":[{"href":"https:\/\/nordicmart.andreevmaster.com\/fi\/wp-json\/wp\/v2\/types\/product"}],"replies":[{"embeddable":true,"href":"https:\/\/nordicmart.andreevmaster.com\/fi\/wp-json\/wp\/v2\/comments?post=30275"}],"wp:featuredmedia":[{"embeddable":true,"href":"https:\/\/nordicmart.andreevmaster.com\/fi\/wp-json\/wp\/v2\/media\/39546"}],"wp:attachment":[{"href":"https:\/\/nordicmart.andreevmaster.com\/fi\/wp-json\/wp\/v2\/media?parent=30275"}],"wp:term":[{"taxonomy":"product_brand","embeddable":true,"href":"https:\/\/nordicmart.andreevmaster.com\/fi\/wp-json\/wp\/v2\/product_brand?post=30275"},{"taxonomy":"product_cat","embeddable":true,"href":"https:\/\/nordicmart.andreevmaster.com\/fi\/wp-json\/wp\/v2\/product_cat?post=30275"},{"taxonomy":"product_tag","embeddable":true,"href":"https:\/\/nordicmart.andreevmaster.com\/fi\/wp-json\/wp\/v2\/product_tag?post=30275"}],"curies":[{"name":"wp","href":"https:\/\/api.w.org\/{rel}","templated":true}]}}