{"id":30268,"date":"2026-02-27T00:09:27","date_gmt":"2026-02-27T00:09:27","guid":{"rendered":"https:\/\/nordicmart.andreevmaster.com\/product\/songmics-retkituoli-pehmustetulla-istuimella\/"},"modified":"2026-02-27T09:33:13","modified_gmt":"2026-02-27T09:33:13","slug":"songmics-retkituoli-pehmustetulla-istuimella","status":"publish","type":"product","link":"https:\/\/nordicmart.andreevmaster.com\/fi\/tuote\/songmics-retkituoli-pehmustetulla-istuimella\/","title":{"rendered":"SONGMICS-retkituoli pehmustetulla istuimella"},"content":{"rendered":"<p>SONGMICS on kehitt\u00e4nyt sarjan ulkoilutuoleja, jotka lis\u00e4\u00e4v\u00e4t mukavuutta, kun rentoudut rannalla, leirint\u00e4alueella tai puutarhassa. Nauti lomastasi! Sopii kaikkialle:&nbsp;T\u00e4m\u00e4 monipuolinen retkituoli on t\u00e4ydellinen retkeilyyn. Jos olet intohimoinen kalastaja, voit kuitenkin vied\u00e4 sen my\u00f6s joelle tai merelle. T\u00e4m\u00e4 taitettava tuoli sopii my\u00f6s erinomaisesti, jos haluatte pit\u00e4\u00e4 piknikin puistossa perheen kanssa. Mukava ja k\u00e4yt\u00e4nn\u00f6llinen: Pitk\u00e4n ty\u00f6p\u00e4iv\u00e4n j\u00e4lkeen on joskus juuri sit\u00e4, mit\u00e4 tarvitset, nauttia vapaa-ajastasi t\u00e4ysill\u00e4! Istuudu mukavalle XL-retkituolille, jossa on vaahtomuovipehmusteinen istuin, ja aseta vesipullosi pullotelineeseen. Suunnitteletko retke\u00e4 luontoon? T\u00e4m\u00e4 tuoli painaa vain 6,2 kg. Taita se kokoon, laita se mukana toimitettuun kantolaukkuun ja kanna sit\u00e4 olkap\u00e4\u00e4llesi, niin seikkailu voi alkaa!Jos olet luonto- ja ulkoilmaihminen, tutustu my\u00f6s muihin SONGMICS-ulkoilutuoleihin! Tuotetiedot: V\u00e4ri: musta Materiaali: 600D Oxford-kangas, vaahtomuovi, jauhemaalatut rautaputket Mitat: 101 x 68 x 106 cm (P x L x K) Paino per tuoli: 6,2 kg Tuolin enimm\u00e4iskuormitus: 150 kg Toimitus sis\u00e4lt\u00e4\u00e4: 1 x retkituoli 1 x kantolaukku SONGMICS-ohjeet: Tuote ei saa joutua kosketuksiin ter\u00e4vien tai ter\u00e4vien esineiden kanssa.<\/p>\n","protected":false},"excerpt":{"rendered":"<p>SONGMICS XL-retkituoli, taitettava, pehmustettu istuin, iso ja mukava, taitettava tuoli tukevalla rungolla, kantavuus 150 kg, ulkotuoli, musta GCB07BK, kangas, yksi koko<\/p>\n","protected":false},"featured_media":39539,"comment_status":"open","ping_status":"closed","template":"","meta":[],"product_brand":[],"product_cat":[32],"product_tag":[],"class_list":{"0":"post-30268","1":"product","2":"type-product","3":"status-publish","4":"has-post-thumbnail","6":"product_cat-uncategorized-fi","8":"first","9":"instock","10":"shipping-taxable","11":"purchasable","12":"product-type-simple"},"_links":{"self":[{"href":"https:\/\/nordicmart.andreevmaster.com\/fi\/wp-json\/wp\/v2\/product\/30268","targetHints":{"allow":["GET"]}}],"collection":[{"href":"https:\/\/nordicmart.andreevmaster.com\/fi\/wp-json\/wp\/v2\/product"}],"about":[{"href":"https:\/\/nordicmart.andreevmaster.com\/fi\/wp-json\/wp\/v2\/types\/product"}],"replies":[{"embeddable":true,"href":"https:\/\/nordicmart.andreevmaster.com\/fi\/wp-json\/wp\/v2\/comments?post=30268"}],"wp:featuredmedia":[{"embeddable":true,"href":"https:\/\/nordicmart.andreevmaster.com\/fi\/wp-json\/wp\/v2\/media\/39539"}],"wp:attachment":[{"href":"https:\/\/nordicmart.andreevmaster.com\/fi\/wp-json\/wp\/v2\/media?parent=30268"}],"wp:term":[{"taxonomy":"product_brand","embeddable":true,"href":"https:\/\/nordicmart.andreevmaster.com\/fi\/wp-json\/wp\/v2\/product_brand?post=30268"},{"taxonomy":"product_cat","embeddable":true,"href":"https:\/\/nordicmart.andreevmaster.com\/fi\/wp-json\/wp\/v2\/product_cat?post=30268"},{"taxonomy":"product_tag","embeddable":true,"href":"https:\/\/nordicmart.andreevmaster.com\/fi\/wp-json\/wp\/v2\/product_tag?post=30268"}],"curies":[{"name":"wp","href":"https:\/\/api.w.org\/{rel}","templated":true}]}}