{"id":30266,"date":"2026-02-27T00:09:27","date_gmt":"2026-02-27T00:09:27","guid":{"rendered":"https:\/\/nordicmart.andreevmaster.com\/product\/songmics-taitettava-retkituoli-sininen\/"},"modified":"2026-02-27T09:33:13","modified_gmt":"2026-02-27T09:33:13","slug":"songmics-taitettava-retkituoli-sininen","status":"publish","type":"product","link":"https:\/\/nordicmart.andreevmaster.com\/fi\/tuote\/songmics-taitettava-retkituoli-sininen\/","title":{"rendered":"SONGMICS Taitettava retkituoli, sininen"},"content":{"rendered":"<p>SONGMICS on kehitt\u00e4nyt sarjan ulkoilutuoleja, jotka lis\u00e4\u00e4v\u00e4t mukavuutta, kun rentoudut rannalla, leirint\u00e4alueella tai puutarhassa. Nauti lomastasi! Sopii kaikkialle T\u00e4m\u00e4 monipuolinen retkituoli on t\u00e4ydellinen retkeilyyn. Jos olet intohimoinen kalastaja, voit kuitenkin vied\u00e4 sen my\u00f6s joelle tai merelle. T\u00e4m\u00e4 taitettava tuoli sopii my\u00f6s erinomaisesti, jos haluatte pit\u00e4\u00e4 piknikin puistossa perheen kanssa. Mukava ja k\u00e4yt\u00e4nn\u00f6llinen Mukavuus ei saa j\u00e4\u00e4d\u00e4 v\u00e4hiin my\u00f6sk\u00e4\u00e4n ulkona. Siksi retkituolimme on pehmustettu vaahtomuovilla, jotta se tarjoaa maksimaalisen istumamukavuuden. Lis\u00e4ksi siin\u00e4 on juomateline, jotta suosikkijuomasi on aina k\u00e4den ulottuvilla. N\u00e4m\u00e4 edut ovat vain j\u00e4\u00e4vuoren huippu! Voit my\u00f6s taittaa tuolin kokoon ja s\u00e4ilytt\u00e4\u00e4 sit\u00e4 mukana toimitetussa kantolaukussa \u2013 se vie vain v\u00e4h\u00e4n tilaa, joten voit helposti laittaa sen auton tavaratilaan ja ottaa mukaan minne tahansa! Jos haluat l\u00e4hte\u00e4 seikkailulomalle rakkaasi kanssa, kannattaa ehk\u00e4 tilata kaksi tuolia! Tai tutustu muihin SONGMICS-ulkoilutuoleihin! Tuotetiedot: &#8211; V\u00e4ri: sininen, harmaa &#8211; Materiaali: 600D Oxford-kangas, vaahtomuovipehmuste, jauhemaalatut rautaputket &#8211; Mitat: 90 x 55 x 102 cm (P x L x K) &#8211; Paino: 4,7 kg &#8211; Maks. kantavuus: 250 kg Toimitus sis\u00e4lt\u00e4\u00e4: &#8211; 1 x retkituoli &#8211; 1 x kantolaukku SONGMICS-ohjeet: &#8211; Tuote ei saa joutua kosketuksiin ter\u00e4vien tai ter\u00e4vien esineiden kanssa.<\/p>\n","protected":false},"excerpt":{"rendered":"<p>SONGMICS retkituoli, taitettava, taitettava tuoli, mukava vaahtomuovipehmusteinen istuin, pullotelineell\u00e4, eritt\u00e4in kest\u00e4v\u00e4, maks. kantavuus 250 kg, ulkotuoli, sininen GCB06BU<\/p>\n","protected":false},"featured_media":39537,"comment_status":"open","ping_status":"closed","template":"","meta":[],"product_brand":[],"product_cat":[32],"product_tag":[],"class_list":{"0":"post-30266","1":"product","2":"type-product","3":"status-publish","4":"has-post-thumbnail","6":"product_cat-uncategorized-fi","8":"first","9":"instock","10":"shipping-taxable","11":"purchasable","12":"product-type-simple"},"_links":{"self":[{"href":"https:\/\/nordicmart.andreevmaster.com\/fi\/wp-json\/wp\/v2\/product\/30266","targetHints":{"allow":["GET"]}}],"collection":[{"href":"https:\/\/nordicmart.andreevmaster.com\/fi\/wp-json\/wp\/v2\/product"}],"about":[{"href":"https:\/\/nordicmart.andreevmaster.com\/fi\/wp-json\/wp\/v2\/types\/product"}],"replies":[{"embeddable":true,"href":"https:\/\/nordicmart.andreevmaster.com\/fi\/wp-json\/wp\/v2\/comments?post=30266"}],"wp:featuredmedia":[{"embeddable":true,"href":"https:\/\/nordicmart.andreevmaster.com\/fi\/wp-json\/wp\/v2\/media\/39537"}],"wp:attachment":[{"href":"https:\/\/nordicmart.andreevmaster.com\/fi\/wp-json\/wp\/v2\/media?parent=30266"}],"wp:term":[{"taxonomy":"product_brand","embeddable":true,"href":"https:\/\/nordicmart.andreevmaster.com\/fi\/wp-json\/wp\/v2\/product_brand?post=30266"},{"taxonomy":"product_cat","embeddable":true,"href":"https:\/\/nordicmart.andreevmaster.com\/fi\/wp-json\/wp\/v2\/product_cat?post=30266"},{"taxonomy":"product_tag","embeddable":true,"href":"https:\/\/nordicmart.andreevmaster.com\/fi\/wp-json\/wp\/v2\/product_tag?post=30266"}],"curies":[{"name":"wp","href":"https:\/\/api.w.org\/{rel}","templated":true}]}}