{"id":30264,"date":"2026-02-27T00:09:26","date_gmt":"2026-02-27T00:09:26","guid":{"rendered":"https:\/\/nordicmart.andreevmaster.com\/product\/songmics-retkituoli-vaahtomuovipehmusteinen-istuin\/"},"modified":"2026-02-27T09:33:12","modified_gmt":"2026-02-27T09:33:12","slug":"songmics-retkituoli-vaahtomuovipehmusteinen-istuin","status":"publish","type":"product","link":"https:\/\/nordicmart.andreevmaster.com\/fi\/tuote\/songmics-retkituoli-vaahtomuovipehmusteinen-istuin\/","title":{"rendered":"SONGMICS retkituoli, vaahtomuovipehmusteinen istuin"},"content":{"rendered":"<p>SONGMICS retkituoli, taitettava, taitettava tuoli, mukava vaahtomuovipehmusteinen istuin, pullotelineell\u00e4, eritt\u00e4in kest\u00e4v\u00e4, maks. kantavuus 250 kg, ulkotuoli, sininen GCB06BU<br \/>\nV\u00e4ri: punainen<br \/>\nMateriaali: 600D Oxford-kangas, vaahtomuovipehmuste, jauhemaalatut metalliputket<br \/>\nKoko per tuoli: 90 x 55 x 102 cm (P x L x K)<br \/>\nPaino per tuoli: 4,7 kg<br \/>\nEnimm\u00e4iskantavuus per tuoli: 250 kg<\/p>\n","protected":false},"excerpt":{"rendered":"<p>SONGMICS retkituoli, taitettava, taitettava tuoli, mukava vaahtomuovipehmusteinen istuin, pullotelineell\u00e4, eritt\u00e4in kest\u00e4v\u00e4, maks. kantavuus 250 kg, ulkotuoli, sininen GCB06BU<\/p>\n","protected":false},"featured_media":39535,"comment_status":"open","ping_status":"closed","template":"","meta":[],"product_brand":[],"product_cat":[32],"product_tag":[],"class_list":{"0":"post-30264","1":"product","2":"type-product","3":"status-publish","4":"has-post-thumbnail","6":"product_cat-uncategorized-fi","8":"first","9":"instock","10":"shipping-taxable","11":"purchasable","12":"product-type-simple"},"_links":{"self":[{"href":"https:\/\/nordicmart.andreevmaster.com\/fi\/wp-json\/wp\/v2\/product\/30264","targetHints":{"allow":["GET"]}}],"collection":[{"href":"https:\/\/nordicmart.andreevmaster.com\/fi\/wp-json\/wp\/v2\/product"}],"about":[{"href":"https:\/\/nordicmart.andreevmaster.com\/fi\/wp-json\/wp\/v2\/types\/product"}],"replies":[{"embeddable":true,"href":"https:\/\/nordicmart.andreevmaster.com\/fi\/wp-json\/wp\/v2\/comments?post=30264"}],"wp:featuredmedia":[{"embeddable":true,"href":"https:\/\/nordicmart.andreevmaster.com\/fi\/wp-json\/wp\/v2\/media\/39535"}],"wp:attachment":[{"href":"https:\/\/nordicmart.andreevmaster.com\/fi\/wp-json\/wp\/v2\/media?parent=30264"}],"wp:term":[{"taxonomy":"product_brand","embeddable":true,"href":"https:\/\/nordicmart.andreevmaster.com\/fi\/wp-json\/wp\/v2\/product_brand?post=30264"},{"taxonomy":"product_cat","embeddable":true,"href":"https:\/\/nordicmart.andreevmaster.com\/fi\/wp-json\/wp\/v2\/product_cat?post=30264"},{"taxonomy":"product_tag","embeddable":true,"href":"https:\/\/nordicmart.andreevmaster.com\/fi\/wp-json\/wp\/v2\/product_tag?post=30264"}],"curies":[{"name":"wp","href":"https:\/\/api.w.org\/{rel}","templated":true}]}}