{"id":30261,"date":"2026-02-27T00:09:26","date_gmt":"2026-02-27T00:09:26","guid":{"rendered":"https:\/\/nordicmart.andreevmaster.com\/product\/songmics-retkituoli-juomatelineella-ja-vaahtomuovipehmusteella-musta\/"},"modified":"2026-02-27T09:33:12","modified_gmt":"2026-02-27T09:33:12","slug":"songmics-retkituoli-juomatelineella-ja-vaahtomuovipehmusteella-musta","status":"publish","type":"product","link":"https:\/\/nordicmart.andreevmaster.com\/fi\/tuote\/songmics-retkituoli-juomatelineella-ja-vaahtomuovipehmusteella-musta\/","title":{"rendered":"SONGMICS retkituoli juomatelineell\u00e4 ja vaahtomuovipehmusteella, musta"},"content":{"rendered":"<p>SONGMICS retkituoli, taitettava tuoli juomatelineell\u00e4, kalastustuoli, vaahtomuovipehmuste, taitettava, kantavuus 205 kg, ulkotuoli, korkea selk\u00e4noja<br \/>\n1 x retkituoli<br \/>\n1 x kuljetuslaukku<\/p>\n","protected":false},"excerpt":{"rendered":"<p>SONGMICS retkituoli, taitettava tuoli juomatelineell\u00e4, kalastustuoli, vaahtomuovipehmuste, taitettava, kantavuus 205 kg, ulkotuoli, korkea selk\u00e4noja<\/p>\n","protected":false},"featured_media":39532,"comment_status":"open","ping_status":"closed","template":"","meta":[],"product_brand":[],"product_cat":[32],"product_tag":[],"class_list":{"0":"post-30261","1":"product","2":"type-product","3":"status-publish","4":"has-post-thumbnail","6":"product_cat-uncategorized-fi","8":"first","9":"instock","10":"shipping-taxable","11":"purchasable","12":"product-type-simple"},"_links":{"self":[{"href":"https:\/\/nordicmart.andreevmaster.com\/fi\/wp-json\/wp\/v2\/product\/30261","targetHints":{"allow":["GET"]}}],"collection":[{"href":"https:\/\/nordicmart.andreevmaster.com\/fi\/wp-json\/wp\/v2\/product"}],"about":[{"href":"https:\/\/nordicmart.andreevmaster.com\/fi\/wp-json\/wp\/v2\/types\/product"}],"replies":[{"embeddable":true,"href":"https:\/\/nordicmart.andreevmaster.com\/fi\/wp-json\/wp\/v2\/comments?post=30261"}],"wp:featuredmedia":[{"embeddable":true,"href":"https:\/\/nordicmart.andreevmaster.com\/fi\/wp-json\/wp\/v2\/media\/39532"}],"wp:attachment":[{"href":"https:\/\/nordicmart.andreevmaster.com\/fi\/wp-json\/wp\/v2\/media?parent=30261"}],"wp:term":[{"taxonomy":"product_brand","embeddable":true,"href":"https:\/\/nordicmart.andreevmaster.com\/fi\/wp-json\/wp\/v2\/product_brand?post=30261"},{"taxonomy":"product_cat","embeddable":true,"href":"https:\/\/nordicmart.andreevmaster.com\/fi\/wp-json\/wp\/v2\/product_cat?post=30261"},{"taxonomy":"product_tag","embeddable":true,"href":"https:\/\/nordicmart.andreevmaster.com\/fi\/wp-json\/wp\/v2\/product_tag?post=30261"}],"curies":[{"name":"wp","href":"https:\/\/api.w.org\/{rel}","templated":true}]}}