{"id":30259,"date":"2026-02-27T00:09:25","date_gmt":"2026-02-27T00:09:25","guid":{"rendered":"https:\/\/nordicmart.andreevmaster.com\/product\/songmics-rantatuoli-ulkotuoli-vihrea\/"},"modified":"2026-02-27T09:33:12","modified_gmt":"2026-02-27T09:33:12","slug":"songmics-rantatuoli-ulkotuoli-vihrea","status":"publish","type":"product","link":"https:\/\/nordicmart.andreevmaster.com\/fi\/tuote\/songmics-rantatuoli-ulkotuoli-vihrea\/","title":{"rendered":"SONGMICS rantatuoli ulkotuoli vihre\u00e4"},"content":{"rendered":"<p>Odotatko innolla rantalomaa? Haluatko viett\u00e4\u00e4 koko iltap\u00e4iv\u00e4n huolettomasti ja onnellisena meren rannalla? Ota mukaan t\u00e4m\u00e4 SONGMICS-rantatuoli! Se on aina mukana Haluatko lukea hyv\u00e4\u00e4 kirjaa aamuauringossa? Haluatko ottaa keskip\u00e4iv\u00e4ll\u00e4 nokoset? Vai haluatko siemailla cocktailia katsellen auringonlaskua? T\u00e4m\u00e4 taitettava tuoli, joka on valmistettu hengitt\u00e4v\u00e4st\u00e4 synteettisest\u00e4 kuitukankaasta ja jossa on 4-asentoinen s\u00e4\u00e4dett\u00e4v\u00e4 selk\u00e4noja, toteuttaa kaikki suunnitelmasi! Tuotetiedot: &#8211; V\u00e4ri: vihre\u00e4 &#8211; Materiaali: alumiinirunko, synteettinen kuitukangas &#8211; Kokonaiskoko: 57 x 59 x 71 cm (P x L x K) &#8211; Pakkauksen koko: 66 x 59 x 9 cm &#8211; Paino: 2,5 kg &#8211; Maks. staattinen kantavuus: 150 kg Toimitus sis\u00e4lt\u00e4\u00e4: &#8211; 1 x rantatuoli SONGMICS Huomautukset: &#8211; Rantatuolin suurin kantavuus on 150 kg. \u00c4l\u00e4 ylit\u00e4 t\u00e4t\u00e4 enimm\u00e4ispainoa. &#8211; Avaa rantatuoli kokonaan ennen k\u00e4ytt\u00f6\u00e4.<\/p>\n","protected":false},"excerpt":{"rendered":"<p>SONGMICS rantatuoli, kannettava taitettava tuoli, 4-asentoinen selk\u00e4noja, k\u00e4sinojat, hengitt\u00e4v\u00e4 ja mukava, ulkotuoli, vihre\u00e4 GCB065C01<\/p>\n","protected":false},"featured_media":0,"comment_status":"open","ping_status":"closed","template":"","meta":[],"product_brand":[],"product_cat":[32],"product_tag":[],"class_list":{"0":"post-30259","1":"product","2":"type-product","3":"status-publish","5":"product_cat-uncategorized-fi","7":"first","8":"instock","9":"shipping-taxable","10":"purchasable","11":"product-type-simple"},"_links":{"self":[{"href":"https:\/\/nordicmart.andreevmaster.com\/fi\/wp-json\/wp\/v2\/product\/30259","targetHints":{"allow":["GET"]}}],"collection":[{"href":"https:\/\/nordicmart.andreevmaster.com\/fi\/wp-json\/wp\/v2\/product"}],"about":[{"href":"https:\/\/nordicmart.andreevmaster.com\/fi\/wp-json\/wp\/v2\/types\/product"}],"replies":[{"embeddable":true,"href":"https:\/\/nordicmart.andreevmaster.com\/fi\/wp-json\/wp\/v2\/comments?post=30259"}],"wp:attachment":[{"href":"https:\/\/nordicmart.andreevmaster.com\/fi\/wp-json\/wp\/v2\/media?parent=30259"}],"wp:term":[{"taxonomy":"product_brand","embeddable":true,"href":"https:\/\/nordicmart.andreevmaster.com\/fi\/wp-json\/wp\/v2\/product_brand?post=30259"},{"taxonomy":"product_cat","embeddable":true,"href":"https:\/\/nordicmart.andreevmaster.com\/fi\/wp-json\/wp\/v2\/product_cat?post=30259"},{"taxonomy":"product_tag","embeddable":true,"href":"https:\/\/nordicmart.andreevmaster.com\/fi\/wp-json\/wp\/v2\/product_tag?post=30259"}],"curies":[{"name":"wp","href":"https:\/\/api.w.org\/{rel}","templated":true}]}}