{"id":30256,"date":"2026-02-27T00:09:25","date_gmt":"2026-02-27T00:09:25","guid":{"rendered":"https:\/\/nordicmart.andreevmaster.com\/product\/songmics-puutarhatuolit-2-kpl-harmaa\/"},"modified":"2026-02-27T09:33:11","modified_gmt":"2026-02-27T09:33:11","slug":"songmics-puutarhatuolit-2-kpl-harmaa","status":"publish","type":"product","link":"https:\/\/nordicmart.andreevmaster.com\/fi\/tuote\/songmics-puutarhatuolit-2-kpl-harmaa\/","title":{"rendered":"SONGMICS puutarhatuolit, 2 kpl, harmaa"},"content":{"rendered":"<p>Etsitk\u00f6 tuoleja, jotka sopivat parvekep\u00f6yt\u00e4\u00e4si? Haluatko ottaa aurinkoa puutarhassasi? N\u00e4m\u00e4 SONGMICS-puutarhatuolit tulevat apuusi! Ah! Mik\u00e4 nautinto! Istuudu yhteen n\u00e4ist\u00e4 puutarhatuoleista, nojaa taaksep\u00e4in ja rentoudu raikkaassa ilmassa. Korkealaatuinen synteettinen kuitukangas on hengitt\u00e4v\u00e4 ja miellytt\u00e4v\u00e4 kosketukseltaan, ja premium-rautarunko takaa pitk\u00e4n k\u00e4ytt\u00f6i\u00e4n. K\u00e4yt\u00e4nn\u00f6lliset k\u00e4sinojat ja s\u00e4\u00e4dett\u00e4v\u00e4 selk\u00e4noja \u2013 n\u00e4m\u00e4 puutarhatuolit tarjoavat sinulle t\u00e4ydellisen rentoutumispaikan, jossa voit nauttia viileit\u00e4 juomia kes\u00e4ll\u00e4 tai katsella kaunista auringonlaskua. Aseta n\u00e4m\u00e4 taitettavat tuolit nyt puutarhaan ja tee olosi mukavaksi! Tuotetiedot: V\u00e4ri: harmaa Materiaali: rautakehys, synteettinen kuitukangas Koko per tuoli: 56 x 70 x 106 cm (P x L x K) Pakkauksen koko: 87 x 57 x 25 cm Paino per tuoli: 5,1 kg Maks. staattinen kantavuus per tuoli: 150 kg Toimitus sis\u00e4lt\u00e4\u00e4: 2 x puutarhatuoli SONGMICS Huomautukset: Puutarhatuolin maksimaalinen kantavuus on 150 kg. \u00c4l\u00e4 ylit\u00e4 t\u00e4t\u00e4 enimm\u00e4ispainoa. Avaa puutarhatuoli kokonaan ennen k\u00e4ytt\u00f6\u00e4. Suojaa tuote sateelta; \u00e4l\u00e4 altista puutarhatuolia voimakkaalle auringonvalolle pitk\u00e4ksi aikaa.<\/p>\n","protected":false},"excerpt":{"rendered":"<p>SONGMICS puutarhatuolit, 2 kpl, taitettavat tuolit, ulkohuonekalut tukevalla rautakehyksell\u00e4, 8-asentoinen selk\u00e4noja, kantavuus 150 kg, harmaa GCB03GYV1<\/p>\n","protected":false},"featured_media":39530,"comment_status":"open","ping_status":"closed","template":"","meta":[],"product_brand":[],"product_cat":[32],"product_tag":[],"class_list":{"0":"post-30256","1":"product","2":"type-product","3":"status-publish","4":"has-post-thumbnail","6":"product_cat-uncategorized-fi","8":"first","9":"instock","10":"shipping-taxable","11":"purchasable","12":"product-type-simple"},"_links":{"self":[{"href":"https:\/\/nordicmart.andreevmaster.com\/fi\/wp-json\/wp\/v2\/product\/30256","targetHints":{"allow":["GET"]}}],"collection":[{"href":"https:\/\/nordicmart.andreevmaster.com\/fi\/wp-json\/wp\/v2\/product"}],"about":[{"href":"https:\/\/nordicmart.andreevmaster.com\/fi\/wp-json\/wp\/v2\/types\/product"}],"replies":[{"embeddable":true,"href":"https:\/\/nordicmart.andreevmaster.com\/fi\/wp-json\/wp\/v2\/comments?post=30256"}],"wp:featuredmedia":[{"embeddable":true,"href":"https:\/\/nordicmart.andreevmaster.com\/fi\/wp-json\/wp\/v2\/media\/39530"}],"wp:attachment":[{"href":"https:\/\/nordicmart.andreevmaster.com\/fi\/wp-json\/wp\/v2\/media?parent=30256"}],"wp:term":[{"taxonomy":"product_brand","embeddable":true,"href":"https:\/\/nordicmart.andreevmaster.com\/fi\/wp-json\/wp\/v2\/product_brand?post=30256"},{"taxonomy":"product_cat","embeddable":true,"href":"https:\/\/nordicmart.andreevmaster.com\/fi\/wp-json\/wp\/v2\/product_cat?post=30256"},{"taxonomy":"product_tag","embeddable":true,"href":"https:\/\/nordicmart.andreevmaster.com\/fi\/wp-json\/wp\/v2\/product_tag?post=30256"}],"curies":[{"name":"wp","href":"https:\/\/api.w.org\/{rel}","templated":true}]}}