{"id":30255,"date":"2026-02-27T00:09:24","date_gmt":"2026-02-27T00:09:24","guid":{"rendered":"https:\/\/nordicmart.andreevmaster.com\/product\/havestole-saet-med-2-gra-2\/"},"modified":"2026-02-27T09:33:11","modified_gmt":"2026-02-27T09:33:11","slug":"havestole-saet-med-2-gra-2","status":"publish","type":"product","link":"https:\/\/nordicmart.andreevmaster.com\/fi\/tuote\/havestole-saet-med-2-gra-2\/","title":{"rendered":"Havestole s\u00e6t med 2 gr\u00e5"},"content":{"rendered":"<p>Etsitk\u00f6 tuoleja, jotka sopivat parvekep\u00f6yt\u00e4\u00e4si? Haluatko ottaa aurinkoa puutarhassasi? SONGMICSin puutarhatuolit tulevat apuun! Istuudu johonkin n\u00e4ist\u00e4 puutarhatuoleista, nojaa taaksep\u00e4in ja rentoudu raikkaassa ilmassa. Laadukkaan synteettisen kuitukankaan taaksep\u00e4in kallistuva pinta on hengitt\u00e4v\u00e4 ja miellytt\u00e4v\u00e4 koskettaa, kun taas ensiluokkainen rautakehys takaa pitk\u00e4n k\u00e4ytt\u00f6i\u00e4n. K\u00e4yt\u00e4nn\u00f6lliset k\u00e4sinojat ja s\u00e4\u00e4dett\u00e4v\u00e4 selk\u00e4noja \u2013 n\u00e4m\u00e4 puutarhatuolit tarjoavat sinulle t\u00e4ydellisen paikan rentoutua ja nauttia viileist\u00e4 juomista kes\u00e4ll\u00e4 tai katsella kaunista auringonlaskua, joten sijoita n\u00e4m\u00e4 taitettavat tuolit puutarhaan nyt ja tee olostasi mukava!Tuotetiedot: V\u00e4ri: Harmaa Materiaali: Rautarunko, synteettinen kuitukangas Koko per tuoli: 56 x 70 x 106 cm (P x L x K) Pakkauksen koko: 87 x 57 x 25 cm Paino per tuoli: 5,1 kg Maks. staattinen kuormituskapasiteetti per tuoli: 150 kg Toimitus sis\u00e4lt\u00e4\u00e4: 2 x puutarhatuoli SONGICS Huomautukset: Puutarhatuolin maksimikuormituskapasiteetti on 150 kg. Avaa puutarhatuoli kokonaan ennen k\u00e4ytt\u00f6\u00e4, suojaa tuotetta sateelta ja \u00e4l\u00e4 altista puutarhatuolia voimakkaalle auringonvalolle pitk\u00e4ksi aikaa.<\/p>\n","protected":false},"excerpt":{"rendered":"<p>Etsitk\u00f6 tuoleja, jotka sopivat parvekep\u00f6yt\u00e4\u00e4si? Haluatko ottaa aurinkoa puutarhassasi? SONGMICSin puutarhatuolit tulevat apuun! Istuudu johonkin n\u00e4ist\u00e4 puutarhatuoleista, nojaa taaksep\u00e4in ja rentoudu raikkaassa ilmassa. Laadukkaan synteettisen kuitukankaan taaksep\u00e4in kallistuva pinta on hengitt\u00e4v\u00e4 ja miellytt\u00e4v\u00e4 koskettaa, kun taas ensiluokkainen rautakehys takaa pitk\u00e4n k\u00e4ytt\u00f6i\u00e4n. K\u00e4yt\u00e4nn\u00f6lliset k\u00e4sinojat ja s\u00e4\u00e4dett\u00e4v\u00e4 selk\u00e4noja \u2013 n\u00e4m\u00e4 puutarhatuolit tarjoavat sinulle t\u00e4ydellisen paikan rentoutua ja [&hellip;]<\/p>\n","protected":false},"featured_media":0,"comment_status":"open","ping_status":"closed","template":"","meta":[],"product_brand":[],"product_cat":[32],"product_tag":[],"class_list":{"0":"post-30255","1":"product","2":"type-product","3":"status-publish","5":"product_cat-uncategorized-fi","7":"first","8":"instock","9":"shipping-taxable","10":"product-type-simple"},"_links":{"self":[{"href":"https:\/\/nordicmart.andreevmaster.com\/fi\/wp-json\/wp\/v2\/product\/30255","targetHints":{"allow":["GET"]}}],"collection":[{"href":"https:\/\/nordicmart.andreevmaster.com\/fi\/wp-json\/wp\/v2\/product"}],"about":[{"href":"https:\/\/nordicmart.andreevmaster.com\/fi\/wp-json\/wp\/v2\/types\/product"}],"replies":[{"embeddable":true,"href":"https:\/\/nordicmart.andreevmaster.com\/fi\/wp-json\/wp\/v2\/comments?post=30255"}],"wp:attachment":[{"href":"https:\/\/nordicmart.andreevmaster.com\/fi\/wp-json\/wp\/v2\/media?parent=30255"}],"wp:term":[{"taxonomy":"product_brand","embeddable":true,"href":"https:\/\/nordicmart.andreevmaster.com\/fi\/wp-json\/wp\/v2\/product_brand?post=30255"},{"taxonomy":"product_cat","embeddable":true,"href":"https:\/\/nordicmart.andreevmaster.com\/fi\/wp-json\/wp\/v2\/product_cat?post=30255"},{"taxonomy":"product_tag","embeddable":true,"href":"https:\/\/nordicmart.andreevmaster.com\/fi\/wp-json\/wp\/v2\/product_tag?post=30255"}],"curies":[{"name":"wp","href":"https:\/\/api.w.org\/{rel}","templated":true}]}}