{"id":30253,"date":"2026-02-27T00:09:24","date_gmt":"2026-02-27T00:09:24","guid":{"rendered":"https:\/\/nordicmart.andreevmaster.com\/product\/songmics-mukava-puutarhatuoli-musta\/"},"modified":"2026-02-27T09:33:11","modified_gmt":"2026-02-27T09:33:11","slug":"songmics-mukava-puutarhatuoli-musta","status":"publish","type":"product","link":"https:\/\/nordicmart.andreevmaster.com\/fi\/tuote\/songmics-mukava-puutarhatuoli-musta\/","title":{"rendered":"SONGMICS Mukava puutarhatuoli, musta"},"content":{"rendered":"<p>Etsitk\u00f6 parvekep\u00f6yt\u00e4\u00e4si sopivia tuoleja? Haluatko ottaa aurinkoa puutarhassasi? T\u00e4m\u00e4 SONGMICS-puutarhatuoli tulee apuusi! Ah! Mik\u00e4 nautinto! Istu t\u00e4h\u00e4n puutarhatuoliin, nojaa taaksep\u00e4in ja rentoudu raikkaassa ilmassa. Korkealaatuisesta synteettisest\u00e4 kuitukankaasta valmistettu istuinpinta on hengitt\u00e4v\u00e4 ja miellytt\u00e4v\u00e4, ja premium-alumiinirunko takaa pitk\u00e4n k\u00e4ytt\u00f6i\u00e4n. K\u00e4yt\u00e4nn\u00f6lliset k\u00e4sinojat ja s\u00e4\u00e4dett\u00e4v\u00e4 selk\u00e4noja \u2013 t\u00e4m\u00e4 puutarhatuoli tarjoaa sinulle t\u00e4ydellisen rentoutumispaikan, jossa voit nauttia viileit\u00e4 juomia kes\u00e4ll\u00e4 tai katsella kaunista auringonlaskua. Aseta t\u00e4m\u00e4 taitettava tuoli nyt puutarhaan ja tee olosi mukavaksi! Tuotetiedot:V\u00e4ri: musta Materiaali: alumiinirunko, synteettinen kuitukangas Koko: 56 x 70 x 106 cm (P x L x K) Pakkauksen koko: 87 x 57 x 14 cm Paino: 3,3 kg Maks. staattinen kantavuus: 150 kg Toimitus sis\u00e4lt\u00e4\u00e4: 1 x retkituoli SONGMICS Huomautukset:Retkituolin suurin kantavuus on 150 kg. \u00c4l\u00e4 ylit\u00e4 t\u00e4t\u00e4 enimm\u00e4ispainoa. Avaa retkituoli kokonaan ennen k\u00e4ytt\u00f6\u00e4. Suojaa tuote sateelta; \u00e4l\u00e4 altista retkituolia voimakkaalle auringonvalolle pitk\u00e4ksi aikaa.<\/p>\n","protected":false},"excerpt":{"rendered":"<p>SONGMICS puutarhatuoli, taitettava tuoli, ulkotuoli tukevalla alumiinirungolla, 8-asentoinen selk\u00e4noja, kantavuus 150 kg, musta GCB02BK<\/p>\n","protected":false},"featured_media":39528,"comment_status":"open","ping_status":"closed","template":"","meta":[],"product_brand":[],"product_cat":[32],"product_tag":[],"class_list":{"0":"post-30253","1":"product","2":"type-product","3":"status-publish","4":"has-post-thumbnail","6":"product_cat-uncategorized-fi","8":"first","9":"instock","10":"shipping-taxable","11":"purchasable","12":"product-type-simple"},"_links":{"self":[{"href":"https:\/\/nordicmart.andreevmaster.com\/fi\/wp-json\/wp\/v2\/product\/30253","targetHints":{"allow":["GET"]}}],"collection":[{"href":"https:\/\/nordicmart.andreevmaster.com\/fi\/wp-json\/wp\/v2\/product"}],"about":[{"href":"https:\/\/nordicmart.andreevmaster.com\/fi\/wp-json\/wp\/v2\/types\/product"}],"replies":[{"embeddable":true,"href":"https:\/\/nordicmart.andreevmaster.com\/fi\/wp-json\/wp\/v2\/comments?post=30253"}],"wp:featuredmedia":[{"embeddable":true,"href":"https:\/\/nordicmart.andreevmaster.com\/fi\/wp-json\/wp\/v2\/media\/39528"}],"wp:attachment":[{"href":"https:\/\/nordicmart.andreevmaster.com\/fi\/wp-json\/wp\/v2\/media?parent=30253"}],"wp:term":[{"taxonomy":"product_brand","embeddable":true,"href":"https:\/\/nordicmart.andreevmaster.com\/fi\/wp-json\/wp\/v2\/product_brand?post=30253"},{"taxonomy":"product_cat","embeddable":true,"href":"https:\/\/nordicmart.andreevmaster.com\/fi\/wp-json\/wp\/v2\/product_cat?post=30253"},{"taxonomy":"product_tag","embeddable":true,"href":"https:\/\/nordicmart.andreevmaster.com\/fi\/wp-json\/wp\/v2\/product_tag?post=30253"}],"curies":[{"name":"wp","href":"https:\/\/api.w.org\/{rel}","templated":true}]}}