{"id":30250,"date":"2026-02-27T00:09:23","date_gmt":"2026-02-27T00:09:23","guid":{"rendered":"https:\/\/nordicmart.andreevmaster.com\/product\/songmics-retkituoli-2-kpl-saadettavat-kasinojat-musta\/"},"modified":"2026-02-27T09:33:10","modified_gmt":"2026-02-27T09:33:10","slug":"songmics-retkituoli-2-kpl-saadettavat-kasinojat-musta","status":"publish","type":"product","link":"https:\/\/nordicmart.andreevmaster.com\/fi\/tuote\/songmics-retkituoli-2-kpl-saadettavat-kasinojat-musta\/","title":{"rendered":"SONGMICS retkituoli, 2 kpl, s\u00e4\u00e4dett\u00e4v\u00e4t k\u00e4sinojat, musta"},"content":{"rendered":"<p>SONGMICS retkituoli 2 kpl, taitettava tuoli ulkok\u00e4ytt\u00f6\u00f6n, kalastustuoli, korkea selk\u00e4noja, s\u00e4\u00e4dett\u00e4v\u00e4t k\u00e4sinojat, juomateline, taitettava, kantavuus 150 kg, retkeily, puutarha<br \/>\nV\u00e4ri: musta<br \/>\nMateriaali: metalli, Oxford-kangas, nailon<br \/>\nKoko per tuoli: 51,5 x 86,5 x 97 cm (S x L x K)<br \/>\nIstuimen koko: 52 x 52 cm (S x L)<br \/>\nSelk\u00e4nojan korkeus: 54 cm<br \/>\nPaino per tuoli: 2,5 kg<br \/>\nTuolin maks. staattinen kantavuus: 150 kg<\/p>\n","protected":false},"excerpt":{"rendered":"<p>SONGMICS retkituoli 2 kpl, taitettava tuoli ulkok\u00e4ytt\u00f6\u00f6n, kalastustuoli, korkea selk\u00e4noja, s\u00e4\u00e4dett\u00e4v\u00e4t k\u00e4sinojat, juomateline, taitettava, kantavuus 150 kg, retkeily, puutarha<\/p>\n","protected":false},"featured_media":39525,"comment_status":"open","ping_status":"closed","template":"","meta":[],"product_brand":[],"product_cat":[32],"product_tag":[],"class_list":{"0":"post-30250","1":"product","2":"type-product","3":"status-publish","4":"has-post-thumbnail","6":"product_cat-uncategorized-fi","8":"first","9":"instock","10":"shipping-taxable","11":"purchasable","12":"product-type-simple"},"_links":{"self":[{"href":"https:\/\/nordicmart.andreevmaster.com\/fi\/wp-json\/wp\/v2\/product\/30250","targetHints":{"allow":["GET"]}}],"collection":[{"href":"https:\/\/nordicmart.andreevmaster.com\/fi\/wp-json\/wp\/v2\/product"}],"about":[{"href":"https:\/\/nordicmart.andreevmaster.com\/fi\/wp-json\/wp\/v2\/types\/product"}],"replies":[{"embeddable":true,"href":"https:\/\/nordicmart.andreevmaster.com\/fi\/wp-json\/wp\/v2\/comments?post=30250"}],"wp:featuredmedia":[{"embeddable":true,"href":"https:\/\/nordicmart.andreevmaster.com\/fi\/wp-json\/wp\/v2\/media\/39525"}],"wp:attachment":[{"href":"https:\/\/nordicmart.andreevmaster.com\/fi\/wp-json\/wp\/v2\/media?parent=30250"}],"wp:term":[{"taxonomy":"product_brand","embeddable":true,"href":"https:\/\/nordicmart.andreevmaster.com\/fi\/wp-json\/wp\/v2\/product_brand?post=30250"},{"taxonomy":"product_cat","embeddable":true,"href":"https:\/\/nordicmart.andreevmaster.com\/fi\/wp-json\/wp\/v2\/product_cat?post=30250"},{"taxonomy":"product_tag","embeddable":true,"href":"https:\/\/nordicmart.andreevmaster.com\/fi\/wp-json\/wp\/v2\/product_tag?post=30250"}],"curies":[{"name":"wp","href":"https:\/\/api.w.org\/{rel}","templated":true}]}}