{"id":30246,"date":"2026-02-27T00:09:23","date_gmt":"2026-02-27T00:09:23","guid":{"rendered":"https:\/\/nordicmart.andreevmaster.com\/product\/songmics-retkituoli-2-kpl-taitettava\/"},"modified":"2026-02-27T09:33:10","modified_gmt":"2026-02-27T09:33:10","slug":"songmics-retkituoli-2-kpl-taitettava","status":"publish","type":"product","link":"https:\/\/nordicmart.andreevmaster.com\/fi\/tuote\/songmics-retkituoli-2-kpl-taitettava\/","title":{"rendered":"SONGMICS retkituoli, 2 kpl, taitettava"},"content":{"rendered":"<p>Tuotetiedot: V\u00e4ri: punainen Materiaali: rautakehys, 600D Oxford-kangas Kokonaiskoko: 84 x 52 x 81 cm (P x L x K) Pakkauksen koko: 86 x 25 x 14 cm Paino per tuoli: 2,5 kg Maks. staattinen kantavuus per tuoli: 120 kgToimitus sis\u00e4lt\u00e4\u00e4: 2 x retkituoli 2 x kuljetuslaukkuSONGMICS-ohjeet: Retkituolin suurin kantavuus on 120 kg. \u00c4l\u00e4 ylit\u00e4 t\u00e4t\u00e4 enimm\u00e4ispainoa. Avaa retkituoli kokonaan ennen k\u00e4ytt\u00f6\u00e4. Suojaa tuote sateelta; \u00e4l\u00e4 altista retkituolia voimakkaalle auringonvalolle pitk\u00e4ksi aikaa.<\/p>\n","protected":false},"excerpt":{"rendered":"<p>SONGMICS retkituolit, 2 kpl, taitettavat tuolit, ulkotuolit k\u00e4sinojilla ja juomatelineill\u00e4, tukeva runko, kantavuus 120 kg, musta GCB01BK<\/p>\n","protected":false},"featured_media":39521,"comment_status":"open","ping_status":"closed","template":"","meta":[],"product_brand":[],"product_cat":[32],"product_tag":[],"class_list":{"0":"post-30246","1":"product","2":"type-product","3":"status-publish","4":"has-post-thumbnail","6":"product_cat-uncategorized-fi","8":"first","9":"instock","10":"shipping-taxable","11":"purchasable","12":"product-type-simple"},"_links":{"self":[{"href":"https:\/\/nordicmart.andreevmaster.com\/fi\/wp-json\/wp\/v2\/product\/30246","targetHints":{"allow":["GET"]}}],"collection":[{"href":"https:\/\/nordicmart.andreevmaster.com\/fi\/wp-json\/wp\/v2\/product"}],"about":[{"href":"https:\/\/nordicmart.andreevmaster.com\/fi\/wp-json\/wp\/v2\/types\/product"}],"replies":[{"embeddable":true,"href":"https:\/\/nordicmart.andreevmaster.com\/fi\/wp-json\/wp\/v2\/comments?post=30246"}],"wp:featuredmedia":[{"embeddable":true,"href":"https:\/\/nordicmart.andreevmaster.com\/fi\/wp-json\/wp\/v2\/media\/39521"}],"wp:attachment":[{"href":"https:\/\/nordicmart.andreevmaster.com\/fi\/wp-json\/wp\/v2\/media?parent=30246"}],"wp:term":[{"taxonomy":"product_brand","embeddable":true,"href":"https:\/\/nordicmart.andreevmaster.com\/fi\/wp-json\/wp\/v2\/product_brand?post=30246"},{"taxonomy":"product_cat","embeddable":true,"href":"https:\/\/nordicmart.andreevmaster.com\/fi\/wp-json\/wp\/v2\/product_cat?post=30246"},{"taxonomy":"product_tag","embeddable":true,"href":"https:\/\/nordicmart.andreevmaster.com\/fi\/wp-json\/wp\/v2\/product_tag?post=30246"}],"curies":[{"name":"wp","href":"https:\/\/api.w.org\/{rel}","templated":true}]}}