{"id":30245,"date":"2026-02-27T00:09:22","date_gmt":"2026-02-27T00:09:22","guid":{"rendered":"https:\/\/nordicmart.andreevmaster.com\/product\/songmics-retkituolit-2-kpl-tummansininen\/"},"modified":"2026-02-27T09:33:10","modified_gmt":"2026-02-27T09:33:10","slug":"songmics-retkituolit-2-kpl-tummansininen","status":"publish","type":"product","link":"https:\/\/nordicmart.andreevmaster.com\/fi\/tuote\/songmics-retkituolit-2-kpl-tummansininen\/","title":{"rendered":"SONGMICS retkituolit, 2 kpl, tummansininen"},"content":{"rendered":"<p>Pakene stressaavaa ty\u00f6el\u00e4m\u00e4\u00e4 ja uppoudu luontoon. SONGMICS on kehitt\u00e4nyt sarjan retkituoleja, jotka tarjoavat mukavuutta my\u00f6s ulkona. Istu retkituolille ja rentouta keho ja mieli. Mukavuutta k\u00e4simatkatavaroissa Pitk\u00e4n aktiivisen p\u00e4iv\u00e4n j\u00e4lkeen sin\u00e4 ja rakkaasi haluatte varmasti vain istua n\u00e4ille ulkoilutuoleille, joissa on juomateline ja k\u00e4tev\u00e4t k\u00e4sinojat, ja rentoutua. Suunnitteletko matkaa, jonka kohde on kaukana leirint\u00e4alueesta? N\u00e4m\u00e4 tuolit painavat vain 2,5 kg kappale. K\u00e4\u00e4nn\u00e4 ne vain kokoon ja ota mukaan! Minne haluat T\u00e4m\u00e4n taitettavan tuolisarjan monipuolisuutta on vaikea voittaa. Se sopii t\u00e4ydellisesti retkeilyyn. Jos olet kuitenkin intohimoinen kalastaja, voit vied\u00e4 sen my\u00f6s joelle tai merelle. N\u00e4m\u00e4 taitettavat tuolit sopivat my\u00f6s erinomaisesti, jos haluatte pit\u00e4\u00e4 piknikin puistossa perheen kanssa. Tuotetiedot:- V\u00e4ri: tummansininen &#8211; Materiaali: rautakehys, 600D Oxford-kangas &#8211; Kokonaiskoko: 84 x 52 x 81 cm (P x L x K) &#8211; Pakkauskoko: 86 x 25 x 14 cm &#8211; Paino per tuoli: 2,5 kg &#8211; Maks. staattinen kantavuus per tuoli: 120 kg Toimitus sis\u00e4lt\u00e4\u00e4:- 2 x retkituoli &#8211; 2 x kuljetuslaukku SONGMICS-ohjeet: &#8211; Retkituolin enimm\u00e4iskuormituskyky on 120 kg. \u00c4l\u00e4 ylit\u00e4 t\u00e4t\u00e4 enimm\u00e4ispainoa. &#8211; Avaa retkituoli kokonaan ennen k\u00e4ytt\u00f6\u00e4. &#8211; Suojaa tuote sateelta; \u00e4l\u00e4 altista retkituolia voimakkaalle auringonvalolle pitk\u00e4ksi aikaa.<\/p>\n","protected":false},"excerpt":{"rendered":"<p>SONGMICS retkituolit, 2 kpl, taitettavat tuolit, ulkotuolit k\u00e4sinojilla ja juomatelineill\u00e4, tukeva runko, kantavuus 120 kg, musta GCB01BK<\/p>\n","protected":false},"featured_media":39520,"comment_status":"open","ping_status":"closed","template":"","meta":[],"product_brand":[],"product_cat":[32],"product_tag":[],"class_list":{"0":"post-30245","1":"product","2":"type-product","3":"status-publish","4":"has-post-thumbnail","6":"product_cat-uncategorized-fi","8":"first","9":"instock","10":"shipping-taxable","11":"purchasable","12":"product-type-simple"},"_links":{"self":[{"href":"https:\/\/nordicmart.andreevmaster.com\/fi\/wp-json\/wp\/v2\/product\/30245","targetHints":{"allow":["GET"]}}],"collection":[{"href":"https:\/\/nordicmart.andreevmaster.com\/fi\/wp-json\/wp\/v2\/product"}],"about":[{"href":"https:\/\/nordicmart.andreevmaster.com\/fi\/wp-json\/wp\/v2\/types\/product"}],"replies":[{"embeddable":true,"href":"https:\/\/nordicmart.andreevmaster.com\/fi\/wp-json\/wp\/v2\/comments?post=30245"}],"wp:featuredmedia":[{"embeddable":true,"href":"https:\/\/nordicmart.andreevmaster.com\/fi\/wp-json\/wp\/v2\/media\/39520"}],"wp:attachment":[{"href":"https:\/\/nordicmart.andreevmaster.com\/fi\/wp-json\/wp\/v2\/media?parent=30245"}],"wp:term":[{"taxonomy":"product_brand","embeddable":true,"href":"https:\/\/nordicmart.andreevmaster.com\/fi\/wp-json\/wp\/v2\/product_brand?post=30245"},{"taxonomy":"product_cat","embeddable":true,"href":"https:\/\/nordicmart.andreevmaster.com\/fi\/wp-json\/wp\/v2\/product_cat?post=30245"},{"taxonomy":"product_tag","embeddable":true,"href":"https:\/\/nordicmart.andreevmaster.com\/fi\/wp-json\/wp\/v2\/product_tag?post=30245"}],"curies":[{"name":"wp","href":"https:\/\/api.w.org\/{rel}","templated":true}]}}