{"id":30241,"date":"2026-02-27T00:09:21","date_gmt":"2026-02-27T00:09:21","guid":{"rendered":"https:\/\/nordicmart.andreevmaster.com\/product\/songmics-taitettava-tuoli-2-kpl-mukava-kestava-rakenne-liuskekivi-harmaa\/"},"modified":"2026-02-27T09:33:09","modified_gmt":"2026-02-27T09:33:09","slug":"songmics-taitettava-tuoli-2-kpl-mukava-kestava-rakenne-liuskekivi-harmaa","status":"publish","type":"product","link":"https:\/\/nordicmart.andreevmaster.com\/fi\/tuote\/songmics-taitettava-tuoli-2-kpl-mukava-kestava-rakenne-liuskekivi-harmaa\/","title":{"rendered":"SONGMICS taitettava tuoli, 2 kpl, mukava, kest\u00e4v\u00e4 rakenne, liuskekivi-harmaa"},"content":{"rendered":"<p>SONGMICS 2 kpl taitettava tuoli retkituoli taitettava tuoli mukava raskaank\u00e4ytt\u00f6inen rakenne maks. kantavuus 150 kg juomatelineell\u00e4 ulkotuoli<br \/>\nV\u00e4ri: liuskekivi<br \/>\nMateriaali: ter\u00e4s, Oxford-kangas<br \/>\nKoko per tuoli: 54 x 86 x 97 cm (S x L x K)<br \/>\nKoko taitettuna: 13 x 90 x 13 cm (S x L x K)<br \/>\nIstuimen koko: 42 x 42 cm (S x L)<br \/>\nSelk\u00e4nojan korkeus: 54 cm<br \/>\nIstuimen ja lattian v\u00e4linen et\u00e4isyys: 43 cm<br \/>\nPaino per tuoli: 2,6 kg<br \/>\nTuolin maks. staattinen kantavuus: 150 kg<\/p>\n","protected":false},"excerpt":{"rendered":"<p>SONGMICS 2 kpl taitettava tuoli retkituoli taitettava tuoli mukava raskaank\u00e4ytt\u00f6inen rakenne maks. kantavuus 150 kg juomatelineell\u00e4 ulkotuoli<\/p>\n","protected":false},"featured_media":39516,"comment_status":"open","ping_status":"closed","template":"","meta":[],"product_brand":[],"product_cat":[32],"product_tag":[],"class_list":{"0":"post-30241","1":"product","2":"type-product","3":"status-publish","4":"has-post-thumbnail","6":"product_cat-uncategorized-fi","8":"first","9":"instock","10":"shipping-taxable","11":"purchasable","12":"product-type-simple"},"_links":{"self":[{"href":"https:\/\/nordicmart.andreevmaster.com\/fi\/wp-json\/wp\/v2\/product\/30241","targetHints":{"allow":["GET"]}}],"collection":[{"href":"https:\/\/nordicmart.andreevmaster.com\/fi\/wp-json\/wp\/v2\/product"}],"about":[{"href":"https:\/\/nordicmart.andreevmaster.com\/fi\/wp-json\/wp\/v2\/types\/product"}],"replies":[{"embeddable":true,"href":"https:\/\/nordicmart.andreevmaster.com\/fi\/wp-json\/wp\/v2\/comments?post=30241"}],"wp:featuredmedia":[{"embeddable":true,"href":"https:\/\/nordicmart.andreevmaster.com\/fi\/wp-json\/wp\/v2\/media\/39516"}],"wp:attachment":[{"href":"https:\/\/nordicmart.andreevmaster.com\/fi\/wp-json\/wp\/v2\/media?parent=30241"}],"wp:term":[{"taxonomy":"product_brand","embeddable":true,"href":"https:\/\/nordicmart.andreevmaster.com\/fi\/wp-json\/wp\/v2\/product_brand?post=30241"},{"taxonomy":"product_cat","embeddable":true,"href":"https:\/\/nordicmart.andreevmaster.com\/fi\/wp-json\/wp\/v2\/product_cat?post=30241"},{"taxonomy":"product_tag","embeddable":true,"href":"https:\/\/nordicmart.andreevmaster.com\/fi\/wp-json\/wp\/v2\/product_tag?post=30241"}],"curies":[{"name":"wp","href":"https:\/\/api.w.org\/{rel}","templated":true}]}}