{"id":30240,"date":"2026-02-27T00:09:21","date_gmt":"2026-02-27T00:09:21","guid":{"rendered":"https:\/\/nordicmart.andreevmaster.com\/product\/songmics-retkituoli-pehmustettu-istuin-harmaa-musta\/"},"modified":"2026-02-27T09:33:09","modified_gmt":"2026-02-27T09:33:09","slug":"songmics-retkituoli-pehmustettu-istuin-harmaa-musta","status":"publish","type":"product","link":"https:\/\/nordicmart.andreevmaster.com\/fi\/tuote\/songmics-retkituoli-pehmustettu-istuin-harmaa-musta\/","title":{"rendered":"SONGMICS retkituoli, pehmustettu istuin, harmaa-musta"},"content":{"rendered":"<p>SONGMICS retkituoli, taitettava, taitettava tuoli, mukava vaahtomuovipehmusteinen istuin, pulloteline, eritt\u00e4in kest\u00e4v\u00e4, maks. kantavuus 250 kg, ulkotuoli<br \/>\nV\u00e4ri: harmaa-musta<br \/>\nMateriaali: 600D Oxford-kangas, vaahtomuovi, jauhemaalattu ter\u00e4s, nylonkassi<br \/>\nKoko: 55 x 90 x 102 cm (S x L x K)<br \/>\nPaino: 4,5 kg<br \/>\nMaks. staattinen kantavuus: 250 kg<\/p>\n","protected":false},"excerpt":{"rendered":"<p>SONGMICS retkituoli, taitettava, taitettava tuoli, mukava vaahtomuovipehmusteinen istuin, pulloteline, eritt\u00e4in kest\u00e4v\u00e4, maks. kantavuus 250 kg, ulkotuoli<\/p>\n","protected":false},"featured_media":39515,"comment_status":"open","ping_status":"closed","template":"","meta":[],"product_brand":[],"product_cat":[32],"product_tag":[],"class_list":{"0":"post-30240","1":"product","2":"type-product","3":"status-publish","4":"has-post-thumbnail","6":"product_cat-uncategorized-fi","8":"first","9":"instock","10":"shipping-taxable","11":"purchasable","12":"product-type-simple"},"_links":{"self":[{"href":"https:\/\/nordicmart.andreevmaster.com\/fi\/wp-json\/wp\/v2\/product\/30240","targetHints":{"allow":["GET"]}}],"collection":[{"href":"https:\/\/nordicmart.andreevmaster.com\/fi\/wp-json\/wp\/v2\/product"}],"about":[{"href":"https:\/\/nordicmart.andreevmaster.com\/fi\/wp-json\/wp\/v2\/types\/product"}],"replies":[{"embeddable":true,"href":"https:\/\/nordicmart.andreevmaster.com\/fi\/wp-json\/wp\/v2\/comments?post=30240"}],"wp:featuredmedia":[{"embeddable":true,"href":"https:\/\/nordicmart.andreevmaster.com\/fi\/wp-json\/wp\/v2\/media\/39515"}],"wp:attachment":[{"href":"https:\/\/nordicmart.andreevmaster.com\/fi\/wp-json\/wp\/v2\/media?parent=30240"}],"wp:term":[{"taxonomy":"product_brand","embeddable":true,"href":"https:\/\/nordicmart.andreevmaster.com\/fi\/wp-json\/wp\/v2\/product_brand?post=30240"},{"taxonomy":"product_cat","embeddable":true,"href":"https:\/\/nordicmart.andreevmaster.com\/fi\/wp-json\/wp\/v2\/product_cat?post=30240"},{"taxonomy":"product_tag","embeddable":true,"href":"https:\/\/nordicmart.andreevmaster.com\/fi\/wp-json\/wp\/v2\/product_tag?post=30240"}],"curies":[{"name":"wp","href":"https:\/\/api.w.org\/{rel}","templated":true}]}}