{"id":30238,"date":"2026-02-27T00:09:21","date_gmt":"2026-02-27T00:09:21","guid":{"rendered":"https:\/\/nordicmart.andreevmaster.com\/product\/songmics-retkituoli-2-kpl-kasinojat-kannettava\/"},"modified":"2026-02-27T09:33:09","modified_gmt":"2026-02-27T09:33:09","slug":"songmics-retkituoli-2-kpl-kasinojat-kannettava","status":"publish","type":"product","link":"https:\/\/nordicmart.andreevmaster.com\/fi\/tuote\/songmics-retkituoli-2-kpl-kasinojat-kannettava\/","title":{"rendered":"SONGMICS retkituoli 2 kpl, k\u00e4sinojat, kannettava"},"content":{"rendered":"<p>SONGMICS retkituolit, 2 kpl, taitettavat tuolit, ulkotuolit k\u00e4sinojilla ja juomatelineill\u00e4, tukeva runko, kantavuus 120 kg, vihre\u00e4 GCB001C01<br \/>\nV\u00e4ri: harmaa<br \/>\nMateriaali: ter\u00e4s, Oxford-kangas<br \/>\nKoko per tuoli: 52 x 84 x 81 cm (S x L x K)<br \/>\nKoko per tuoli taitettuna: 14 x 86 x 14 cm (S x L x K)<br \/>\nIstuimen koko: 42 x 40 cm (S x L)<br \/>\nSelk\u00e4nojan korkeus: 48 cm<br \/>\nIstuimen ja lattian v\u00e4linen et\u00e4isyys: 43 cm<br \/>\nPaino per tuoli: 2,3 kg<br \/>\nTuolin maks. staattinen kantavuus: 120 kg<\/p>\n","protected":false},"excerpt":{"rendered":"<p>SONGMICS retkituolit, 2 kpl, taitettavat tuolit, ulkotuolit k\u00e4sinojilla ja juomatelineill\u00e4, tukeva runko, kantavuus 120 kg, vihre\u00e4 GCB001C01<\/p>\n","protected":false},"featured_media":39513,"comment_status":"open","ping_status":"closed","template":"","meta":[],"product_brand":[],"product_cat":[32],"product_tag":[],"class_list":{"0":"post-30238","1":"product","2":"type-product","3":"status-publish","4":"has-post-thumbnail","6":"product_cat-uncategorized-fi","8":"first","9":"instock","10":"shipping-taxable","11":"purchasable","12":"product-type-simple"},"_links":{"self":[{"href":"https:\/\/nordicmart.andreevmaster.com\/fi\/wp-json\/wp\/v2\/product\/30238","targetHints":{"allow":["GET"]}}],"collection":[{"href":"https:\/\/nordicmart.andreevmaster.com\/fi\/wp-json\/wp\/v2\/product"}],"about":[{"href":"https:\/\/nordicmart.andreevmaster.com\/fi\/wp-json\/wp\/v2\/types\/product"}],"replies":[{"embeddable":true,"href":"https:\/\/nordicmart.andreevmaster.com\/fi\/wp-json\/wp\/v2\/comments?post=30238"}],"wp:featuredmedia":[{"embeddable":true,"href":"https:\/\/nordicmart.andreevmaster.com\/fi\/wp-json\/wp\/v2\/media\/39513"}],"wp:attachment":[{"href":"https:\/\/nordicmart.andreevmaster.com\/fi\/wp-json\/wp\/v2\/media?parent=30238"}],"wp:term":[{"taxonomy":"product_brand","embeddable":true,"href":"https:\/\/nordicmart.andreevmaster.com\/fi\/wp-json\/wp\/v2\/product_brand?post=30238"},{"taxonomy":"product_cat","embeddable":true,"href":"https:\/\/nordicmart.andreevmaster.com\/fi\/wp-json\/wp\/v2\/product_cat?post=30238"},{"taxonomy":"product_tag","embeddable":true,"href":"https:\/\/nordicmart.andreevmaster.com\/fi\/wp-json\/wp\/v2\/product_tag?post=30238"}],"curies":[{"name":"wp","href":"https:\/\/api.w.org\/{rel}","templated":true}]}}