{"id":30236,"date":"2026-02-27T00:09:21","date_gmt":"2026-02-27T00:09:21","guid":{"rendered":"https:\/\/nordicmart.andreevmaster.com\/product\/songmics-grillikarry-musta\/"},"modified":"2026-02-27T09:33:08","modified_gmt":"2026-02-27T09:33:08","slug":"songmics-grillikarry-musta","status":"publish","type":"product","link":"https:\/\/nordicmart.andreevmaster.com\/fi\/tuote\/songmics-grillikarry-musta\/","title":{"rendered":"SONGMICS grillik\u00e4rry, musta"},"content":{"rendered":"<p>Aurinko paistaa, kaikki yst\u00e4v\u00e4si ovat kokoontuneet puutarhaan, joku soittaa kitaraa, kaikki nauravat iloisesti. Nyt puuttuu vain t\u00e4m\u00e4 SONGMICS-grillik\u00e4rry, jonka avulla voit loihtia herkullisia grilliruokia ja tehd\u00e4 onnesta t\u00e4ydellisen. T\u00e4m\u00e4n nerokkaasti suunnitellun grillin edut:   &#8211; Laadukas grilliritil\u00e4 kromatusta metallista &#8211; Hiilis\u00e4ili\u00f6, jossa on ovi hiilen turvallista lis\u00e4\u00e4mist\u00e4 varten &#8211; S\u00e4\u00e4dett\u00e4v\u00e4 hiilialusta optimaalisen grillausl\u00e4mp\u00f6tilan saavuttamiseksi (k\u00e4yt\u00e4 suojak\u00e4sineit\u00e4) &#8211; Lis\u00e4ritil\u00e4 grillin sis\u00e4ll\u00e4 ruoan l\u00e4mpim\u00e4n\u00e4 pit\u00e4miseen &#8211; Ilmanottoaukot sivuilla tasapainoisen ilmankierron varmistamiseksi &#8211; L\u00e4mp\u00f6mittari ja savupiippu kannessa &#8211; Laatikko tuhkaa ja tippuvia ruokaj\u00e4\u00e4mi\u00e4 varten &#8211; 2 hylly\u00e4; yksi sivussa, yksi alla &#8211; Pullonavaaja &#8211; Kahva ja py\u00f6r\u00e4t grillin siirt\u00e4miseen ilman nostamista Tuotetiedot: &#8211; V\u00e4ri: musta &#8211; Materiaali: ruiskumaalattu rauta, grilliritil\u00e4 kromattua metallia &#8211; Kokonaismitat: 118 x 35 x 80 cm (P x L x K) &#8211; Grilliritil\u00e4n mitat: 42 x 31 cm &#8211; Paino: 15 kg &#8211; Maks. staattinen kantavuus: 10 kg Toimitus sis\u00e4lt\u00e4\u00e4: &#8211; 1 x grilli &#8211; 1 x lis\u00e4varustepaketti &#8211; 1 x k\u00e4ytt\u00f6ohje (DE, EN, IT, FR, ES) SONGMICS-ohjeet: &#8211; \u00c4l\u00e4 k\u00e4yt\u00e4 tuotetta sis\u00e4tiloissa.- \u00c4l\u00e4 anna lasten tai lemmikkiel\u00e4inten tulla l\u00e4helle t\u00e4t\u00e4 tuotetta grillauksen aikana. &#8211; \u00c4l\u00e4 kosketa tuotetta suoraan k\u00e4sill\u00e4si k\u00e4yt\u00f6n aikana, vaan k\u00e4yt\u00e4 grillaushanskoja. &#8211; Varmista grillin k\u00e4yt\u00f6n j\u00e4lkeen, ett\u00e4 hiilet ovat t\u00e4ysin j\u00e4\u00e4htyneet. &#8211; \u00c4l\u00e4 koskaan kaada alkoholia tuleen. &#8211; \u00c4l\u00e4 k\u00e4yt\u00e4 grilli\u00e4 l\u00e4hell\u00e4 syttyvi\u00e4 tai r\u00e4j\u00e4ht\u00e4vi\u00e4 aineita.<\/p>\n","protected":false},"excerpt":{"rendered":"<p>SONGMICS Grillik\u00e4rry, hiiligrilli, puutarhagrilli, grilli, korkeuss\u00e4\u00e4dett\u00e4v\u00e4 hiilis\u00e4ili\u00f6 ovella, kahvalla ja py\u00f6rill\u00e4, musta GBQ42BK<\/p>\n","protected":false},"featured_media":39511,"comment_status":"open","ping_status":"closed","template":"","meta":[],"product_brand":[],"product_cat":[32],"product_tag":[],"class_list":{"0":"post-30236","1":"product","2":"type-product","3":"status-publish","4":"has-post-thumbnail","6":"product_cat-uncategorized-fi","8":"first","9":"instock","10":"shipping-taxable","11":"purchasable","12":"product-type-simple"},"_links":{"self":[{"href":"https:\/\/nordicmart.andreevmaster.com\/fi\/wp-json\/wp\/v2\/product\/30236","targetHints":{"allow":["GET"]}}],"collection":[{"href":"https:\/\/nordicmart.andreevmaster.com\/fi\/wp-json\/wp\/v2\/product"}],"about":[{"href":"https:\/\/nordicmart.andreevmaster.com\/fi\/wp-json\/wp\/v2\/types\/product"}],"replies":[{"embeddable":true,"href":"https:\/\/nordicmart.andreevmaster.com\/fi\/wp-json\/wp\/v2\/comments?post=30236"}],"wp:featuredmedia":[{"embeddable":true,"href":"https:\/\/nordicmart.andreevmaster.com\/fi\/wp-json\/wp\/v2\/media\/39511"}],"wp:attachment":[{"href":"https:\/\/nordicmart.andreevmaster.com\/fi\/wp-json\/wp\/v2\/media?parent=30236"}],"wp:term":[{"taxonomy":"product_brand","embeddable":true,"href":"https:\/\/nordicmart.andreevmaster.com\/fi\/wp-json\/wp\/v2\/product_brand?post=30236"},{"taxonomy":"product_cat","embeddable":true,"href":"https:\/\/nordicmart.andreevmaster.com\/fi\/wp-json\/wp\/v2\/product_cat?post=30236"},{"taxonomy":"product_tag","embeddable":true,"href":"https:\/\/nordicmart.andreevmaster.com\/fi\/wp-json\/wp\/v2\/product_tag?post=30236"}],"curies":[{"name":"wp","href":"https:\/\/api.w.org\/{rel}","templated":true}]}}