{"id":30235,"date":"2026-02-27T00:09:20","date_gmt":"2026-02-27T00:09:20","guid":{"rendered":"https:\/\/nordicmart.andreevmaster.com\/product\/songmics-pallogrilli-kannella-ja-lampomittarilla\/"},"modified":"2026-02-27T09:33:08","modified_gmt":"2026-02-27T09:33:08","slug":"songmics-pallogrilli-kannella-ja-lampomittarilla","status":"publish","type":"product","link":"https:\/\/nordicmart.andreevmaster.com\/fi\/tuote\/songmics-pallogrilli-kannella-ja-lampomittarilla\/","title":{"rendered":"SONGMICS pallogrilli kannella ja l\u00e4mp\u00f6mittarilla"},"content":{"rendered":"<p>T\u00e4ydellinen grilli perhejuhliin ja puutarhajuhliin Kokoontaitettava grilliritil\u00e4 ja tuhkanker\u00e4ysastia lis\u00e4\u00e4v\u00e4t k\u00e4ytt\u00f6mukavuutta Grilliritil\u00e4 voidaan taittaa sivuille, joten hiili\u00e4 on helppo lis\u00e4t\u00e4 ilman, ett\u00e4 ritil\u00e4\u00e4 tarvitsee poistaa. Grillikotelossa on sis\u00e4\u00e4nvedett\u00e4v\u00e4 tuhkanker\u00e4ysastia, joten tuhka on helppo poistaa ja grilli puhdistaa. Kansi, l\u00e4mp\u00f6mittari, s\u00e4ilytysritil\u00e4 ja s\u00e4ilytyskori Kaikki, mit\u00e4 t\u00e4ydellisess\u00e4 grilliss\u00e4 pit\u00e4\u00e4 olla! Kannella grilli saavuttaa nopeasti halutun l\u00e4mp\u00f6tilan, ja ilmanvaihtolevyll\u00e4 l\u00e4mp\u00f6tilaa on helppo s\u00e4\u00e4t\u00e4\u00e4. L\u00e4mp\u00f6tila voidaan lukea kannessa olevasta l\u00e4mp\u00f6mittarista, joka n\u00e4ytt\u00e4\u00e4 sek\u00e4 Celsius- ett\u00e4 Fahrenheit-asteet. Jalkoihin on kiinnitetty s\u00e4ilytysritil\u00e4 ja s\u00e4ilytyskori, joita voidaan k\u00e4ytt\u00e4\u00e4 grillattavien tuotteiden tai grillausv\u00e4lineiden s\u00e4ilytt\u00e4miseen.Laadukkaat materiaalit lis\u00e4\u00e4v\u00e4t grillausnautintoa Galvanoidusta ter\u00e4ksest\u00e4 valmistettu grilliritil\u00e4, l\u00e4mm\u00f6nkest\u00e4v\u00e4st\u00e4 nailonista valmistettu kansi, emaloitu hiilikulho, kansi ja emaloitu hiiliritil\u00e4 sek\u00e4 metallijalat takaavat grillin erinomaiset materiaalit, jotta voit nauttia grillauksesta pitk\u00e4\u00e4n. Tuotetiedot:- Materiaali: korkealaatuinen, emaloitu hiiliter\u00e4s &#8211; Mitat: 68 x 58 x 90 cm &#8211; Ty\u00f6korkeus: 70 cm &#8211; Paino: 11 kg &#8211; Polttoaines\u00e4ili\u00f6n tilavuus: 1 kg (Tieto ei viittaa hiilialtaan tilavuuteen, vaan ilmaisee parhaiten k\u00e4ytett\u00e4v\u00e4n m\u00e4\u00e4r\u00e4n puuhiilt\u00e4.)Toimitus sis\u00e4lt\u00e4\u00e4: &#8211; 1 x grilli &#8211; 1 x k\u00e4ytt\u00f6ohje (DE, EN, FR, IT, ES)<\/p>\n","protected":false},"excerpt":{"rendered":"<p>SONGMICS 90 x 58 x 56,5 cm pallogrilli kannella ja l\u00e4mp\u00f6mittarilla, hiiligrilli, \u00d8 54,4 cm emaloitu seisomagrilli s\u00e4ilytysritil\u00e4ll\u00e4, s\u00e4ilytyskori GBQ22BKV1<\/p>\n","protected":false},"featured_media":39510,"comment_status":"open","ping_status":"closed","template":"","meta":[],"product_brand":[],"product_cat":[32],"product_tag":[],"class_list":{"0":"post-30235","1":"product","2":"type-product","3":"status-publish","4":"has-post-thumbnail","6":"product_cat-uncategorized-fi","8":"first","9":"instock","10":"shipping-taxable","11":"purchasable","12":"product-type-simple"},"_links":{"self":[{"href":"https:\/\/nordicmart.andreevmaster.com\/fi\/wp-json\/wp\/v2\/product\/30235","targetHints":{"allow":["GET"]}}],"collection":[{"href":"https:\/\/nordicmart.andreevmaster.com\/fi\/wp-json\/wp\/v2\/product"}],"about":[{"href":"https:\/\/nordicmart.andreevmaster.com\/fi\/wp-json\/wp\/v2\/types\/product"}],"replies":[{"embeddable":true,"href":"https:\/\/nordicmart.andreevmaster.com\/fi\/wp-json\/wp\/v2\/comments?post=30235"}],"wp:featuredmedia":[{"embeddable":true,"href":"https:\/\/nordicmart.andreevmaster.com\/fi\/wp-json\/wp\/v2\/media\/39510"}],"wp:attachment":[{"href":"https:\/\/nordicmart.andreevmaster.com\/fi\/wp-json\/wp\/v2\/media?parent=30235"}],"wp:term":[{"taxonomy":"product_brand","embeddable":true,"href":"https:\/\/nordicmart.andreevmaster.com\/fi\/wp-json\/wp\/v2\/product_brand?post=30235"},{"taxonomy":"product_cat","embeddable":true,"href":"https:\/\/nordicmart.andreevmaster.com\/fi\/wp-json\/wp\/v2\/product_cat?post=30235"},{"taxonomy":"product_tag","embeddable":true,"href":"https:\/\/nordicmart.andreevmaster.com\/fi\/wp-json\/wp\/v2\/product_tag?post=30235"}],"curies":[{"name":"wp","href":"https:\/\/api.w.org\/{rel}","templated":true}]}}