{"id":30234,"date":"2026-02-27T00:09:20","date_gmt":"2026-02-27T00:09:20","guid":{"rendered":"https:\/\/nordicmart.andreevmaster.com\/product\/kattagrillilla-jossa-on-kansi-ja-lampomittari\/"},"modified":"2026-02-27T09:33:08","modified_gmt":"2026-02-27T09:33:08","slug":"kattagrillilla-jossa-on-kansi-ja-lampomittari","status":"publish","type":"product","link":"https:\/\/nordicmart.andreevmaster.com\/fi\/tuote\/kattagrillilla-jossa-on-kansi-ja-lampomittari\/","title":{"rendered":"Kattagrillill\u00e4, jossa on kansi ja l\u00e4mp\u00f6mittari"},"content":{"rendered":"<p>T\u00e4ydellinen grilli perhejuhliin ja puutarhajuhliin Taitettava grilliritil\u00e4 ja tuhkanker\u00e4\u00e4j\u00e4 lis\u00e4\u00e4v\u00e4t k\u00e4ytt\u00f6mukavuutta Grilliritil\u00e4 voidaan taittaa sivuille, jotta hiili\u00e4 on helppo lis\u00e4t\u00e4 ilman, ett\u00e4 ritil\u00e4\u00e4 tarvitsee poistaa. Grillausastiassa on ulosvedett\u00e4v\u00e4 tuhka-astia, joka helpottaa tuhkan poistamista ja grillin puhdistamista. Kansi, l\u00e4mp\u00f6mittari, s\u00e4ilytysteline ja s\u00e4ilytyskori Kaikki, mit\u00e4 t\u00e4ydellinen grilli tarvitsee! Kansi mahdollistaa grillin nopean l\u00e4mpenemisen, ja tuuletuslevy helpottaa l\u00e4mp\u00f6tilan s\u00e4\u00e4t\u00e4mist\u00e4. L\u00e4mp\u00f6tila voidaan lukea kannessa olevasta sis\u00e4\u00e4nrakennetusta l\u00e4mp\u00f6mittarista, joka n\u00e4ytt\u00e4\u00e4 sek\u00e4 Celsius- ett\u00e4 Fahrenheit-asteet. Jalkoihin on asennettu s\u00e4ilytysritil\u00e4 ja s\u00e4ilytyskori, joita voidaan k\u00e4ytt\u00e4\u00e4 grilliruokien tai grilliv\u00e4lineiden s\u00e4ilytykseen.Laadukkaat materiaalit lis\u00e4\u00e4v\u00e4t grillausiloa Galvanoidusta ter\u00e4ksest\u00e4 valmistettu grilliritil\u00e4, l\u00e4mm\u00f6nkest\u00e4v\u00e4st\u00e4 nailonista valmistettu kannen kahva, emaloitu hiilikuppi, kansi ja emaloitu hiiliritil\u00e4 sek\u00e4 metallijalat takaavat grillin erinomaiset materiaalit, jotka tarjoavat pitk\u00e4aikaista grillausiloa. Tuotetiedot: &#8211; Materiaali: korkealaatuinen emaloitu hiiliter\u00e4s &#8211; Mitat: 68 x 58 x 90 cm &#8211; Ty\u00f6korkeus: 70 cm &#8211; Paino: 11 kg &#8211; Polttoaines\u00e4ili\u00f6n tilavuus: 1 kg (T\u00e4m\u00e4 tieto ei viittaa hiilialtaan tilavuuteen, vaan hiilen optimaaliseen k\u00e4ytt\u00f6m\u00e4\u00e4r\u00e4\u00e4n.)Toimitus sis\u00e4lt\u00e4\u00e4:- 1 x grilli- 1 x k\u00e4ytt\u00f6ohje (DE, EN, FR, IT, ES)<\/p>\n","protected":false},"excerpt":{"rendered":"<p>T\u00e4ydellinen grilli perhejuhliin ja puutarhajuhliin Taitettava grilliritil\u00e4 ja tuhkanker\u00e4\u00e4j\u00e4 lis\u00e4\u00e4v\u00e4t k\u00e4ytt\u00f6mukavuutta Grilliritil\u00e4 voidaan taittaa sivuille, jotta hiili\u00e4 on helppo lis\u00e4t\u00e4 ilman, ett\u00e4 ritil\u00e4\u00e4 tarvitsee poistaa. Grillausastiassa on ulosvedett\u00e4v\u00e4 tuhka-astia, joka helpottaa tuhkan poistamista ja grillin puhdistamista. Kansi, l\u00e4mp\u00f6mittari, s\u00e4ilytysteline ja s\u00e4ilytyskori Kaikki, mit\u00e4 t\u00e4ydellinen grilli tarvitsee! Kansi mahdollistaa grillin nopean l\u00e4mpenemisen, ja tuuletuslevy helpottaa l\u00e4mp\u00f6tilan [&hellip;]<\/p>\n","protected":false},"featured_media":0,"comment_status":"open","ping_status":"closed","template":"","meta":[],"product_brand":[],"product_cat":[32],"product_tag":[],"class_list":{"0":"post-30234","1":"product","2":"type-product","3":"status-publish","5":"product_cat-uncategorized-fi","7":"first","8":"instock","9":"shipping-taxable","10":"product-type-simple"},"_links":{"self":[{"href":"https:\/\/nordicmart.andreevmaster.com\/fi\/wp-json\/wp\/v2\/product\/30234","targetHints":{"allow":["GET"]}}],"collection":[{"href":"https:\/\/nordicmart.andreevmaster.com\/fi\/wp-json\/wp\/v2\/product"}],"about":[{"href":"https:\/\/nordicmart.andreevmaster.com\/fi\/wp-json\/wp\/v2\/types\/product"}],"replies":[{"embeddable":true,"href":"https:\/\/nordicmart.andreevmaster.com\/fi\/wp-json\/wp\/v2\/comments?post=30234"}],"wp:attachment":[{"href":"https:\/\/nordicmart.andreevmaster.com\/fi\/wp-json\/wp\/v2\/media?parent=30234"}],"wp:term":[{"taxonomy":"product_brand","embeddable":true,"href":"https:\/\/nordicmart.andreevmaster.com\/fi\/wp-json\/wp\/v2\/product_brand?post=30234"},{"taxonomy":"product_cat","embeddable":true,"href":"https:\/\/nordicmart.andreevmaster.com\/fi\/wp-json\/wp\/v2\/product_cat?post=30234"},{"taxonomy":"product_tag","embeddable":true,"href":"https:\/\/nordicmart.andreevmaster.com\/fi\/wp-json\/wp\/v2\/product_tag?post=30234"}],"curies":[{"name":"wp","href":"https:\/\/api.w.org\/{rel}","templated":true}]}}