{"id":30233,"date":"2026-02-27T00:09:20","date_gmt":"2026-02-27T00:09:20","guid":{"rendered":"https:\/\/nordicmart.andreevmaster.com\/product\/songmics-pieni-pallogrilli\/"},"modified":"2026-02-27T09:33:08","modified_gmt":"2026-02-27T09:33:08","slug":"songmics-pieni-pallogrilli","status":"publish","type":"product","link":"https:\/\/nordicmart.andreevmaster.com\/fi\/tuote\/songmics-pieni-pallogrilli\/","title":{"rendered":"SONGMICS Pieni pallogrilli"},"content":{"rendered":"<p>T\u00e4m\u00e4 SONGMICS-pallogrilli on valmistettu korkealaatuisista materiaaleista ja testattu T\u00dcV S\u00dcD:n toimesta standardin EN 1860-1-2013+A1-2017 mukaisesti. Testitulokset olivat positiiviset. Kannessa on l\u00e4mm\u00f6nkest\u00e4v\u00e4 nylonkahva, ja se voidaan kiinnitt\u00e4\u00e4 grilliin. Alareunassa olevan ker\u00e4ysastian ansiosta tuhka on helppo ker\u00e4t\u00e4 ja h\u00e4vitt\u00e4\u00e4. \u00d8 34,5 cm:n grilliritil\u00e4 tarjoaa riitt\u00e4v\u00e4n tilan makkaroiden, maissint\u00e4hkien ja muiden grillattavien tuotteiden grillaukseen. Kompaktin koon (38 x 36,5 x 35,7 cm) ansiosta grilli sopii erinomaisesti my\u00f6s retkeilyyn, juhliin ja retkille.Kannen avulla grilli saavuttaa nopeasti halutun l\u00e4mp\u00f6tilan, joten voit nauttia herkullisista ruoista enn\u00e4tysajassa. Ihanteellinen grilli retkille: Kooltaan 38 x 36,5 x 35,7 cm ja painoltaan vain 3 kg, t\u00e4m\u00e4 pieni grilli sopii erinomaisesti retkeilyyn tai muihin lyhyisiin matkoihin. Kolme tukijalkaa takaavat hyv\u00e4n vakauden ja tuhkanker\u00e4ysastia lis\u00e4\u00e4 turvallisuutta grillattaessa. Nopea grillaus: Kannen ansiosta grilli l\u00e4mpenee nopeasti. Kannen ja grillausastian tuuletusaukot s\u00e4\u00e4telev\u00e4t my\u00f6s l\u00e4mp\u00f6tilaa. Kansi voidaan kiinnitt\u00e4\u00e4 tiukasti grilliin, joten grilli on helppo ja nopea kuljettaa. Laadukkaat materiaalit takaavat pitk\u00e4n k\u00e4ytt\u00f6i\u00e4n: grilliritil\u00e4 on valmistettu galvanoidusta ter\u00e4ksest\u00e4, joten se kest\u00e4\u00e4 hyvin my\u00f6s toistuvan grillauksen. Kannen kahva on valmistettu l\u00e4mm\u00f6nkest\u00e4v\u00e4st\u00e4 nailonista, joten et voi polttaa itse\u00e4si grillatessasi. Grillialusta ja kansi ovat emaloituja ja l\u00e4mm\u00f6nkest\u00e4vi\u00e4. Emaloinnin ansiosta hiiligrilli kest\u00e4\u00e4 pidemp\u00e4\u00e4n kuin perinteiset tuotteet eik\u00e4 se muutu muodoltaan voimakkaan l\u00e4mm\u00f6n vaikutuksesta.Tuotetiedot: V\u00e4ri: musta Materiaali: korkealaatuinen, emaloitu hiiliter\u00e4s Mitat: 38 x 36,5 x 35,7 cm Paino: 3 kg Toimitus sis\u00e4lt\u00e4\u00e4: 1 x grilli 1 x k\u00e4ytt\u00f6ohje (DE, EN, FR, IT, ES)<\/p>\n","protected":false},"excerpt":{"rendered":"<p>SONGMICS puuhiiligrilli kannella, emaloitu pallogrilli, pieni, \u00d8 34,5 cm, puutarhaan, juhliin, retkeilyyn, jalustagrilli tuhkanker\u00e4ysastioilla GBQ14BK, musta<\/p>\n","protected":false},"featured_media":39509,"comment_status":"open","ping_status":"closed","template":"","meta":[],"product_brand":[],"product_cat":[32],"product_tag":[],"class_list":{"0":"post-30233","1":"product","2":"type-product","3":"status-publish","4":"has-post-thumbnail","6":"product_cat-uncategorized-fi","8":"first","9":"instock","10":"shipping-taxable","11":"purchasable","12":"product-type-simple"},"_links":{"self":[{"href":"https:\/\/nordicmart.andreevmaster.com\/fi\/wp-json\/wp\/v2\/product\/30233","targetHints":{"allow":["GET"]}}],"collection":[{"href":"https:\/\/nordicmart.andreevmaster.com\/fi\/wp-json\/wp\/v2\/product"}],"about":[{"href":"https:\/\/nordicmart.andreevmaster.com\/fi\/wp-json\/wp\/v2\/types\/product"}],"replies":[{"embeddable":true,"href":"https:\/\/nordicmart.andreevmaster.com\/fi\/wp-json\/wp\/v2\/comments?post=30233"}],"wp:featuredmedia":[{"embeddable":true,"href":"https:\/\/nordicmart.andreevmaster.com\/fi\/wp-json\/wp\/v2\/media\/39509"}],"wp:attachment":[{"href":"https:\/\/nordicmart.andreevmaster.com\/fi\/wp-json\/wp\/v2\/media?parent=30233"}],"wp:term":[{"taxonomy":"product_brand","embeddable":true,"href":"https:\/\/nordicmart.andreevmaster.com\/fi\/wp-json\/wp\/v2\/product_brand?post=30233"},{"taxonomy":"product_cat","embeddable":true,"href":"https:\/\/nordicmart.andreevmaster.com\/fi\/wp-json\/wp\/v2\/product_cat?post=30233"},{"taxonomy":"product_tag","embeddable":true,"href":"https:\/\/nordicmart.andreevmaster.com\/fi\/wp-json\/wp\/v2\/product_tag?post=30233"}],"curies":[{"name":"wp","href":"https:\/\/api.w.org\/{rel}","templated":true}]}}