{"id":30232,"date":"2026-02-27T00:09:20","date_gmt":"2026-02-27T00:09:20","guid":{"rendered":"https:\/\/nordicmart.andreevmaster.com\/product\/altanbeklaedning-2\/"},"modified":"2026-02-27T09:33:08","modified_gmt":"2026-02-27T09:33:08","slug":"altanbeklaedning-2","status":"publish","type":"product","link":"https:\/\/nordicmart.andreevmaster.com\/fi\/tuote\/altanbeklaedning-2\/","title":{"rendered":"Altanbekl\u00e6dning"},"content":{"rendered":"<p>Enemm\u00e4n yksityisyytt\u00e4 ulkona: T\u00e4m\u00e4 SONGMICS-yksityisyydensuoja sopii t\u00e4ydellisesti parvekkeellesi, terassillesi, puutarhaan tai uima-altaasi ymp\u00e4rille. Suoja suojaa yksityisyytt\u00e4si 100-prosenttisesti, joten v\u00e4lt\u00e4t uteliaat naapurit. Tuotetiedot: V\u00e4ri: Savuharmaa Materiaali: PVC Koko: 6 x 0,9 m (P x L) Paino: 450 g\/\u33a1 Toimitus sis\u00e4lt\u00e4\u00e4: 1 x yksityisyydensuoja 1 x kiinnitysnauha 15 m<\/p>\n","protected":false},"excerpt":{"rendered":"<p>Enemm\u00e4n yksityisyytt\u00e4 ulkona: T\u00e4m\u00e4 SONGMICS-yksityisyydensuoja sopii t\u00e4ydellisesti parvekkeellesi, terassillesi, puutarhaan tai uima-altaasi ymp\u00e4rille. Suoja suojaa yksityisyytt\u00e4si 100-prosenttisesti, joten v\u00e4lt\u00e4t uteliaat naapurit. Tuotetiedot: V\u00e4ri: Savuharmaa Materiaali: PVC Koko: 6 x 0,9 m (P x L) Paino: 450 g\/\u33a1 Toimitus sis\u00e4lt\u00e4\u00e4: 1 x yksityisyydensuoja 1 x kiinnitysnauha 15 m<\/p>\n","protected":false},"featured_media":0,"comment_status":"open","ping_status":"closed","template":"","meta":[],"product_brand":[],"product_cat":[32],"product_tag":[],"class_list":{"0":"post-30232","1":"product","2":"type-product","3":"status-publish","5":"product_cat-uncategorized-fi","7":"first","8":"instock","9":"shipping-taxable","10":"purchasable","11":"product-type-simple"},"_links":{"self":[{"href":"https:\/\/nordicmart.andreevmaster.com\/fi\/wp-json\/wp\/v2\/product\/30232","targetHints":{"allow":["GET"]}}],"collection":[{"href":"https:\/\/nordicmart.andreevmaster.com\/fi\/wp-json\/wp\/v2\/product"}],"about":[{"href":"https:\/\/nordicmart.andreevmaster.com\/fi\/wp-json\/wp\/v2\/types\/product"}],"replies":[{"embeddable":true,"href":"https:\/\/nordicmart.andreevmaster.com\/fi\/wp-json\/wp\/v2\/comments?post=30232"}],"wp:attachment":[{"href":"https:\/\/nordicmart.andreevmaster.com\/fi\/wp-json\/wp\/v2\/media?parent=30232"}],"wp:term":[{"taxonomy":"product_brand","embeddable":true,"href":"https:\/\/nordicmart.andreevmaster.com\/fi\/wp-json\/wp\/v2\/product_brand?post=30232"},{"taxonomy":"product_cat","embeddable":true,"href":"https:\/\/nordicmart.andreevmaster.com\/fi\/wp-json\/wp\/v2\/product_cat?post=30232"},{"taxonomy":"product_tag","embeddable":true,"href":"https:\/\/nordicmart.andreevmaster.com\/fi\/wp-json\/wp\/v2\/product_tag?post=30232"}],"curies":[{"name":"wp","href":"https:\/\/api.w.org\/{rel}","templated":true}]}}