{"id":30231,"date":"2026-02-27T00:09:20","date_gmt":"2026-02-27T00:09:20","guid":{"rendered":"https:\/\/nordicmart.andreevmaster.com\/product\/songmics-parvekkeen-nakosuoja\/"},"modified":"2026-02-27T09:33:08","modified_gmt":"2026-02-27T09:33:08","slug":"songmics-parvekkeen-nakosuoja","status":"publish","type":"product","link":"https:\/\/nordicmart.andreevmaster.com\/fi\/tuote\/songmics-parvekkeen-nakosuoja\/","title":{"rendered":"SONGMICS parvekkeen n\u00e4k\u00f6suoja"},"content":{"rendered":"<p>Tuotekuvaus: Lis\u00e4\u00e4 yksityisyytt\u00e4 ulkotiloihin T\u00e4m\u00e4 SONGMICS:n HDPE-n\u00e4k\u00f6este sopii t\u00e4ydellisesti parvekkeelle, terassille, puutarhaan tai uima-altaan ymp\u00e4rille. N\u00e4k\u00f6este on 85 % l\u00e4pin\u00e4kym\u00e4t\u00f6n, joten v\u00e4ltyt uteliailta naapureilta. Ei poraa tarvita T\u00e4m\u00e4 5 x 0,9 m:n kokoinen n\u00e4k\u00f6suoja sopii erityisesti vakiokokoiselle parvekkeelle. \u00c4lykk\u00e4\u00e4ss\u00e4 verhouksessa on lukuisia 50 cm:n v\u00e4lein sijoitettuja silmukoita yl\u00e4- ja alaosassa. Lyhyill\u00e4 sivuilla on kummallakin 3 silmukkaa. Asennuksessa sinun tarvitsee vain vet\u00e4\u00e4 mukana toimitettu kest\u00e4v\u00e4 PP-kiinnitysk\u00f6ysi silmukoiden l\u00e4pi ja kiinnitt\u00e4\u00e4 se parvekkeeseesi tai aitaasi. Mukana toimitetut nippusiteet lis\u00e4\u00e4v\u00e4t vakautta. Asennus ilman poraa, niin helppoa se on! Kest\u00e4v\u00e4 materiaali ja korkealaatuinen valmistus 100 % HDPE-muovista (180 g\/m\u00b2) valmistettu suojapeite on vett\u00e4 l\u00e4p\u00e4isev\u00e4, homeenkest\u00e4v\u00e4 ja kest\u00e4v\u00e4. Sivujen silmukat on lis\u00e4ksi vahvistettu alumiinilla, mik\u00e4 takaa pitk\u00e4n k\u00e4ytt\u00f6i\u00e4n. Silmukoiden ymp\u00e4rill\u00e4 olevat saumat ovat erityisen paksut, mik\u00e4 antaa niille tukevan pidon. Tuotetiedot: &#8211; V\u00e4ri: savuharmaa &#8211; Materiaali: HDPE-muovi &#8211; Koko: 5 x 0,9 m (P x L) Toimitus sis\u00e4lt\u00e4\u00e4: &#8211; 1 x n\u00e4k\u00f6suojapeite &#8211; 1 x kiinnitysk\u00f6ysi 15 m &#8211; 1 x pussi nippusiteit\u00e4<\/p>\n","protected":false},"excerpt":{"rendered":"<p>SONGMICS parvekkeen n\u00e4k\u00f6suoja, 5 x 0,9 m, parvekkeen verhoilu, n\u00e4k\u00f6suojapeite, yksityisyys, kest\u00e4v\u00e4 suojus ilman ruuveja, nippusiteill\u00e4, HDPE-muovi, antrasiitti GBC95GY<\/p>\n","protected":false},"featured_media":0,"comment_status":"open","ping_status":"closed","template":"","meta":[],"product_brand":[],"product_cat":[32],"product_tag":[],"class_list":{"0":"post-30231","1":"product","2":"type-product","3":"status-publish","5":"product_cat-uncategorized-fi","7":"first","8":"instock","9":"shipping-taxable","10":"purchasable","11":"product-type-simple"},"_links":{"self":[{"href":"https:\/\/nordicmart.andreevmaster.com\/fi\/wp-json\/wp\/v2\/product\/30231","targetHints":{"allow":["GET"]}}],"collection":[{"href":"https:\/\/nordicmart.andreevmaster.com\/fi\/wp-json\/wp\/v2\/product"}],"about":[{"href":"https:\/\/nordicmart.andreevmaster.com\/fi\/wp-json\/wp\/v2\/types\/product"}],"replies":[{"embeddable":true,"href":"https:\/\/nordicmart.andreevmaster.com\/fi\/wp-json\/wp\/v2\/comments?post=30231"}],"wp:attachment":[{"href":"https:\/\/nordicmart.andreevmaster.com\/fi\/wp-json\/wp\/v2\/media?parent=30231"}],"wp:term":[{"taxonomy":"product_brand","embeddable":true,"href":"https:\/\/nordicmart.andreevmaster.com\/fi\/wp-json\/wp\/v2\/product_brand?post=30231"},{"taxonomy":"product_cat","embeddable":true,"href":"https:\/\/nordicmart.andreevmaster.com\/fi\/wp-json\/wp\/v2\/product_cat?post=30231"},{"taxonomy":"product_tag","embeddable":true,"href":"https:\/\/nordicmart.andreevmaster.com\/fi\/wp-json\/wp\/v2\/product_tag?post=30231"}],"curies":[{"name":"wp","href":"https:\/\/api.w.org\/{rel}","templated":true}]}}