{"id":30230,"date":"2026-02-27T00:09:20","date_gmt":"2026-02-27T00:09:20","guid":{"rendered":"https:\/\/nordicmart.andreevmaster.com\/product\/songmics-nakosuojapeite-kivimallilla\/"},"modified":"2026-02-27T09:33:07","modified_gmt":"2026-02-27T09:33:07","slug":"songmics-nakosuojapeite-kivimallilla","status":"publish","type":"product","link":"https:\/\/nordicmart.andreevmaster.com\/fi\/tuote\/songmics-nakosuojapeite-kivimallilla\/","title":{"rendered":"SONGMICS n\u00e4k\u00f6suojapeite kivimallilla"},"content":{"rendered":"<p>Lis\u00e4\u00e4 yksityisyytt\u00e4 ulkotiloihin: T\u00e4m\u00e4 SONGMICS-n\u00e4k\u00f6este sopii t\u00e4ydellisesti parvekkeellesi, terassillesi, puutarhaan tai uima-altaasi ymp\u00e4rille. Suojapeite suojaa yksityisyytt\u00e4si 100-prosenttisesti, joten v\u00e4ltyt uteliailta naapureilta. Tuotetiedot: V\u00e4ri: kerma Materiaali: PVC Koko: 6 x 0,9 m (P x L) Paino: 450 g\/\u33a1 Toimitus sis\u00e4lt\u00e4\u00e4: 1 x n\u00e4k\u00f6suojapeite 1 x kiinnitysk\u00f6ysi 15 m<\/p>\n","protected":false},"excerpt":{"rendered":"<p>SONGMICS n\u00e4k\u00f6suoja, 6 x 0,9 m (P x L), parvekkeen verhoilu, n\u00e4k\u00f6suojapeite, parvekkeen reunus, yksityisyys, tukeva suojaus ilman ruuveja, puutarha, parveke, uima-allas, PVC, kermanv\u00e4rinen GBC90JIV<\/p>\n","protected":false},"featured_media":39508,"comment_status":"open","ping_status":"closed","template":"","meta":[],"product_brand":[],"product_cat":[32],"product_tag":[],"class_list":{"0":"post-30230","1":"product","2":"type-product","3":"status-publish","4":"has-post-thumbnail","6":"product_cat-uncategorized-fi","8":"first","9":"instock","10":"shipping-taxable","11":"purchasable","12":"product-type-simple"},"_links":{"self":[{"href":"https:\/\/nordicmart.andreevmaster.com\/fi\/wp-json\/wp\/v2\/product\/30230","targetHints":{"allow":["GET"]}}],"collection":[{"href":"https:\/\/nordicmart.andreevmaster.com\/fi\/wp-json\/wp\/v2\/product"}],"about":[{"href":"https:\/\/nordicmart.andreevmaster.com\/fi\/wp-json\/wp\/v2\/types\/product"}],"replies":[{"embeddable":true,"href":"https:\/\/nordicmart.andreevmaster.com\/fi\/wp-json\/wp\/v2\/comments?post=30230"}],"wp:featuredmedia":[{"embeddable":true,"href":"https:\/\/nordicmart.andreevmaster.com\/fi\/wp-json\/wp\/v2\/media\/39508"}],"wp:attachment":[{"href":"https:\/\/nordicmart.andreevmaster.com\/fi\/wp-json\/wp\/v2\/media?parent=30230"}],"wp:term":[{"taxonomy":"product_brand","embeddable":true,"href":"https:\/\/nordicmart.andreevmaster.com\/fi\/wp-json\/wp\/v2\/product_brand?post=30230"},{"taxonomy":"product_cat","embeddable":true,"href":"https:\/\/nordicmart.andreevmaster.com\/fi\/wp-json\/wp\/v2\/product_cat?post=30230"},{"taxonomy":"product_tag","embeddable":true,"href":"https:\/\/nordicmart.andreevmaster.com\/fi\/wp-json\/wp\/v2\/product_tag?post=30230"}],"curies":[{"name":"wp","href":"https:\/\/api.w.org\/{rel}","templated":true}]}}