{"id":30228,"date":"2026-02-27T00:09:19","date_gmt":"2026-02-27T00:09:19","guid":{"rendered":"https:\/\/nordicmart.andreevmaster.com\/product\/songmics-parvekkeen-nakosuoja-beige\/"},"modified":"2026-02-27T09:33:07","modified_gmt":"2026-02-27T09:33:07","slug":"songmics-parvekkeen-nakosuoja-beige","status":"publish","type":"product","link":"https:\/\/nordicmart.andreevmaster.com\/fi\/tuote\/songmics-parvekkeen-nakosuoja-beige\/","title":{"rendered":"SONGMICS parvekkeen n\u00e4k\u00f6suoja, beige"},"content":{"rendered":"<p>Ei poraa tarvita T\u00e4m\u00e4 6 x 0,9 m:n kokoinen n\u00e4k\u00f6suoja sopii erityisesti vakiokokoiselle parvekkeelle. \u00c4lykk\u00e4\u00e4ss\u00e4 verhouksessa on lukuisia 50 cm:n v\u00e4lein sijoitettuja silmukoita yl\u00e4- ja alaosassa. Lyhyill\u00e4 sivuilla on kummallakin 3 silmukkaa. Asennuksessa sinun tarvitsee vain vet\u00e4\u00e4 mukana toimitettu kest\u00e4v\u00e4 PP-kiinnitysk\u00f6ysi (15 m) silmukoiden l\u00e4pi ja kiinnitt\u00e4\u00e4 se parvekkeeseesi tai aitaasi. Mukana toimitetut nippusiteet lis\u00e4\u00e4v\u00e4t vakautta. Asennus ilman poraa, niin helppoa se on! Kest\u00e4v\u00e4 materiaali ja korkealaatuinen valmistus 100 % HDPE-muovista (180 g\/m\u00b2) valmistettu suojapeite on vett\u00e4 l\u00e4p\u00e4isev\u00e4 ja kest\u00e4v\u00e4. Sivujen silmukat on lis\u00e4ksi vahvistettu alumiinilla, mik\u00e4 takaa pitk\u00e4n k\u00e4ytt\u00f6i\u00e4n. Silmukoiden ymp\u00e4rill\u00e4 olevat saumat ovat lis\u00e4ksi erityisen paksut, mik\u00e4 antaa niille tukevan pidon. Tuotetiedot: V\u00e4ri: beige Materiaali: HDPE-muovi Koko: 6 x 0,9 m (P x L) Paino: 1,0 kg Toimitus sis\u00e4lt\u00e4\u00e4: 1 x n\u00e4k\u00f6suojapeite 1 x kiinnitysk\u00f6ysi (15 m) 1 x pussi nippusiteit\u00e4<\/p>\n","protected":false},"excerpt":{"rendered":"<p>SONGMICS n\u00e4k\u00f6suoja, 6 x 0,9 m (P x L), parvekkeen verhoilu, n\u00e4k\u00f6suojapeite, parvekkeen reunus, yksityisyys, tukeva suojaus ilman ruuveja, puutarha, parveke, uima-allas, PVC, kermanv\u00e4rinen GBC90JIV<\/p>\n","protected":false},"featured_media":39506,"comment_status":"open","ping_status":"closed","template":"","meta":[],"product_brand":[],"product_cat":[32],"product_tag":[],"class_list":{"0":"post-30228","1":"product","2":"type-product","3":"status-publish","4":"has-post-thumbnail","6":"product_cat-uncategorized-fi","8":"first","9":"instock","10":"shipping-taxable","11":"purchasable","12":"product-type-simple"},"_links":{"self":[{"href":"https:\/\/nordicmart.andreevmaster.com\/fi\/wp-json\/wp\/v2\/product\/30228","targetHints":{"allow":["GET"]}}],"collection":[{"href":"https:\/\/nordicmart.andreevmaster.com\/fi\/wp-json\/wp\/v2\/product"}],"about":[{"href":"https:\/\/nordicmart.andreevmaster.com\/fi\/wp-json\/wp\/v2\/types\/product"}],"replies":[{"embeddable":true,"href":"https:\/\/nordicmart.andreevmaster.com\/fi\/wp-json\/wp\/v2\/comments?post=30228"}],"wp:featuredmedia":[{"embeddable":true,"href":"https:\/\/nordicmart.andreevmaster.com\/fi\/wp-json\/wp\/v2\/media\/39506"}],"wp:attachment":[{"href":"https:\/\/nordicmart.andreevmaster.com\/fi\/wp-json\/wp\/v2\/media?parent=30228"}],"wp:term":[{"taxonomy":"product_brand","embeddable":true,"href":"https:\/\/nordicmart.andreevmaster.com\/fi\/wp-json\/wp\/v2\/product_brand?post=30228"},{"taxonomy":"product_cat","embeddable":true,"href":"https:\/\/nordicmart.andreevmaster.com\/fi\/wp-json\/wp\/v2\/product_cat?post=30228"},{"taxonomy":"product_tag","embeddable":true,"href":"https:\/\/nordicmart.andreevmaster.com\/fi\/wp-json\/wp\/v2\/product_tag?post=30228"}],"curies":[{"name":"wp","href":"https:\/\/api.w.org\/{rel}","templated":true}]}}