{"id":30226,"date":"2026-02-27T00:09:19","date_gmt":"2026-02-27T00:09:19","guid":{"rendered":"https:\/\/nordicmart.andreevmaster.com\/product\/privatlivspresenning-6-x-09-m-2\/"},"modified":"2026-02-27T09:33:07","modified_gmt":"2026-02-27T09:33:07","slug":"privatlivspresenning-6-x-09-m-2","status":"publish","type":"product","link":"https:\/\/nordicmart.andreevmaster.com\/fi\/tuote\/privatlivspresenning-6-x-09-m-2\/","title":{"rendered":"Privatlivspresenning 6 x 0,9 m"},"content":{"rendered":"<p>Ei tarvetta porataT\u00e4m\u00e4 6 x 0,9 m:n kokoinen suojapeite sopii erityisen hyvin vakiokokoiseen parvekkeeseen. \u00c4lykk\u00e4\u00e4ss\u00e4 paneelissa on useita silmukoita 50 cm:n v\u00e4lein yl\u00e4- ja alaosassa. Lyhyill\u00e4 sivuilla on kummallakin 3 silmukkaa. Asennuksessa sinun tarvitsee vain vet\u00e4\u00e4 mukana toimitetun kest\u00e4v\u00e4n PP-kiinnitysnauhan (15 m) silmukoiden l\u00e4pi ja kiinnitt\u00e4\u00e4 se parvekkeeseesi tai aitaasi. Mukana toimitetut nippusiteet antavat lis\u00e4vakautta. Asennus ilman porakonetta, niin helppoa se on! Kest\u00e4v\u00e4 materiaali ja korkealaatuinen valmistus 100 % HDPE-muovista (180 g\/m\u00b2) valmistettu suojaava pressu on vedenpit\u00e4v\u00e4 ja kest\u00e4v\u00e4. Sivujen silm\u00e4t on vahvistettu alumiinilla, mik\u00e4 takaa pitk\u00e4n k\u00e4ytt\u00f6i\u00e4n. Silmukoiden ymp\u00e4rill\u00e4 olevat saumat ovat my\u00f6s erityisen paksut, mik\u00e4 antaa niille tukevan otteen. Tuotetiedot: V\u00e4ri: Beige Materiaali: HDPE-muovi Koko: 6 x 0,9 m (P x L) Paino: 1,0 kg Toimitus sis\u00e4lt\u00e4\u00e4: 1 x yksityisyydensuojapeite 1 x kiinnitysnauha (15 m) 1 x pussi nippusiteit\u00e4<\/p>\n","protected":false},"excerpt":{"rendered":"<p>Ei tarvetta porataT\u00e4m\u00e4 6 x 0,9 m:n kokoinen suojapeite sopii erityisen hyvin vakiokokoiseen parvekkeeseen. \u00c4lykk\u00e4\u00e4ss\u00e4 paneelissa on useita silmukoita 50 cm:n v\u00e4lein yl\u00e4- ja alaosassa. Lyhyill\u00e4 sivuilla on kummallakin 3 silmukkaa. Asennuksessa sinun tarvitsee vain vet\u00e4\u00e4 mukana toimitetun kest\u00e4v\u00e4n PP-kiinnitysnauhan (15 m) silmukoiden l\u00e4pi ja kiinnitt\u00e4\u00e4 se parvekkeeseesi tai aitaasi. Mukana toimitetut nippusiteet antavat lis\u00e4vakautta. [&hellip;]<\/p>\n","protected":false},"featured_media":0,"comment_status":"open","ping_status":"closed","template":"","meta":[],"product_brand":[],"product_cat":[32],"product_tag":[],"class_list":{"0":"post-30226","1":"product","2":"type-product","3":"status-publish","5":"product_cat-uncategorized-fi","7":"first","8":"instock","9":"shipping-taxable","10":"product-type-simple"},"_links":{"self":[{"href":"https:\/\/nordicmart.andreevmaster.com\/fi\/wp-json\/wp\/v2\/product\/30226","targetHints":{"allow":["GET"]}}],"collection":[{"href":"https:\/\/nordicmart.andreevmaster.com\/fi\/wp-json\/wp\/v2\/product"}],"about":[{"href":"https:\/\/nordicmart.andreevmaster.com\/fi\/wp-json\/wp\/v2\/types\/product"}],"replies":[{"embeddable":true,"href":"https:\/\/nordicmart.andreevmaster.com\/fi\/wp-json\/wp\/v2\/comments?post=30226"}],"wp:attachment":[{"href":"https:\/\/nordicmart.andreevmaster.com\/fi\/wp-json\/wp\/v2\/media?parent=30226"}],"wp:term":[{"taxonomy":"product_brand","embeddable":true,"href":"https:\/\/nordicmart.andreevmaster.com\/fi\/wp-json\/wp\/v2\/product_brand?post=30226"},{"taxonomy":"product_cat","embeddable":true,"href":"https:\/\/nordicmart.andreevmaster.com\/fi\/wp-json\/wp\/v2\/product_cat?post=30226"},{"taxonomy":"product_tag","embeddable":true,"href":"https:\/\/nordicmart.andreevmaster.com\/fi\/wp-json\/wp\/v2\/product_tag?post=30226"}],"curies":[{"name":"wp","href":"https:\/\/api.w.org\/{rel}","templated":true}]}}