{"id":30225,"date":"2026-02-27T00:09:19","date_gmt":"2026-02-27T00:09:19","guid":{"rendered":"https:\/\/nordicmart.andreevmaster.com\/product\/songmics-parvekkeen-nakosuoja-hiekankeltainen\/"},"modified":"2026-02-27T09:33:07","modified_gmt":"2026-02-27T09:33:07","slug":"songmics-parvekkeen-nakosuoja-hiekankeltainen","status":"publish","type":"product","link":"https:\/\/nordicmart.andreevmaster.com\/fi\/tuote\/songmics-parvekkeen-nakosuoja-hiekankeltainen\/","title":{"rendered":"SONGMICS parvekkeen n\u00e4k\u00f6suoja, hiekankeltainen"},"content":{"rendered":"<p>Tuotetiedot: V\u00e4ri: hiekankeltainen Materiaali: HDPE-muovi Koko: 6 x 0,9 m (P x L) Paino: 1,0 kg Toimitus sis\u00e4lt\u00e4\u00e4: 1 x n\u00e4k\u00f6suojapeite 1 x kiinnitysk\u00f6ysi (15 m) 1 x pussi nippusiteit\u00e4<\/p>\n","protected":false},"excerpt":{"rendered":"<p>SONGMICS n\u00e4k\u00f6suoja, 6 x 0,9 m (P x L), parvekkeen verhoilu, n\u00e4k\u00f6suojapeite, parvekkeen reunus, yksityisyys, tukeva suojaus ilman ruuveja, puutarha, parveke, uima-allas, PVC, kermanv\u00e4rinen GBC90JIV<\/p>\n","protected":false},"featured_media":39504,"comment_status":"open","ping_status":"closed","template":"","meta":[],"product_brand":[],"product_cat":[32],"product_tag":[],"class_list":{"0":"post-30225","1":"product","2":"type-product","3":"status-publish","4":"has-post-thumbnail","6":"product_cat-uncategorized-fi","8":"first","9":"instock","10":"shipping-taxable","11":"purchasable","12":"product-type-simple"},"_links":{"self":[{"href":"https:\/\/nordicmart.andreevmaster.com\/fi\/wp-json\/wp\/v2\/product\/30225","targetHints":{"allow":["GET"]}}],"collection":[{"href":"https:\/\/nordicmart.andreevmaster.com\/fi\/wp-json\/wp\/v2\/product"}],"about":[{"href":"https:\/\/nordicmart.andreevmaster.com\/fi\/wp-json\/wp\/v2\/types\/product"}],"replies":[{"embeddable":true,"href":"https:\/\/nordicmart.andreevmaster.com\/fi\/wp-json\/wp\/v2\/comments?post=30225"}],"wp:featuredmedia":[{"embeddable":true,"href":"https:\/\/nordicmart.andreevmaster.com\/fi\/wp-json\/wp\/v2\/media\/39504"}],"wp:attachment":[{"href":"https:\/\/nordicmart.andreevmaster.com\/fi\/wp-json\/wp\/v2\/media?parent=30225"}],"wp:term":[{"taxonomy":"product_brand","embeddable":true,"href":"https:\/\/nordicmart.andreevmaster.com\/fi\/wp-json\/wp\/v2\/product_brand?post=30225"},{"taxonomy":"product_cat","embeddable":true,"href":"https:\/\/nordicmart.andreevmaster.com\/fi\/wp-json\/wp\/v2\/product_cat?post=30225"},{"taxonomy":"product_tag","embeddable":true,"href":"https:\/\/nordicmart.andreevmaster.com\/fi\/wp-json\/wp\/v2\/product_tag?post=30225"}],"curies":[{"name":"wp","href":"https:\/\/api.w.org\/{rel}","templated":true}]}}