{"id":30224,"date":"2026-02-27T00:09:19","date_gmt":"2026-02-27T00:09:19","guid":{"rendered":"https:\/\/nordicmart.andreevmaster.com\/product\/songmics-nakosuojapeite-ilman-ruuveja\/"},"modified":"2026-02-27T09:33:07","modified_gmt":"2026-02-27T09:33:07","slug":"songmics-nakosuojapeite-ilman-ruuveja","status":"publish","type":"product","link":"https:\/\/nordicmart.andreevmaster.com\/fi\/tuote\/songmics-nakosuojapeite-ilman-ruuveja\/","title":{"rendered":"SONGMICS n\u00e4k\u00f6suojapeite ilman ruuveja"},"content":{"rendered":"<p>Ilman poraa T\u00e4m\u00e4 6 x 0,75 m:n kokoinen n\u00e4k\u00f6suojapeite sopii erityisesti vakiokokoiselle parvekkeelle. \u00c4lykk\u00e4\u00e4ss\u00e4 peitteess\u00e4 on lukuisia 50 cm:n v\u00e4lein sijoitettuja silmukoita yl\u00e4- ja alaosassa. Lyhyill\u00e4 sivuilla on kummallakin 3 silmukkaa. Asennuksessa sinun tarvitsee vain vet\u00e4\u00e4 mukana toimitettu kest\u00e4v\u00e4 PP-kiinnitysk\u00f6ysi (15 m) silmukoiden l\u00e4pi ja kiinnitt\u00e4\u00e4 se parvekkeeseesi tai aitaasi. Mukana toimitetut nippusiteet lis\u00e4\u00e4v\u00e4t vakautta. Asennus ilman poraa, niin helppoa se on! Kest\u00e4v\u00e4 materiaali &amp; Laadukas valmistus 100 % HDPE-muovista (180 g\/m\u00b2) valmistettu suojapeite on vett\u00e4 l\u00e4p\u00e4isev\u00e4 ja kest\u00e4v\u00e4. Silmukat sivuilla on vahvistettu alumiinilla, mik\u00e4 takaa pitk\u00e4n k\u00e4ytt\u00f6i\u00e4n. Silmukoiden ymp\u00e4rill\u00e4 olevat saumat ovat erityisen paksut, mik\u00e4 antaa niille tukevan pidon.Tuotetiedot:V\u00e4ri: antrasiittiMateriaali: HDPE-muoviKoko: 6 x 0,75 m (P x L)Paino: 0,85 kgToimitus sis\u00e4lt\u00e4\u00e4:1 x n\u00e4k\u00f6suojapeite1 x kiinnitysk\u00f6ysi (15 m)1 x pussi nippusiteit\u00e4<\/p>\n","protected":false},"excerpt":{"rendered":"<p>SONGMICS parvekkeen n\u00e4k\u00f6suoja, 6 x 0,75 m, parvekkeen verhoilu, n\u00e4k\u00f6suojapeite, yksityisyys, kest\u00e4v\u00e4 suojapeite ilman ruuveja, nippusiteill\u00e4, HDPE-muovi, antrasiitti GBC75GY<\/p>\n","protected":false},"featured_media":39503,"comment_status":"open","ping_status":"closed","template":"","meta":[],"product_brand":[],"product_cat":[32],"product_tag":[],"class_list":{"0":"post-30224","1":"product","2":"type-product","3":"status-publish","4":"has-post-thumbnail","6":"product_cat-uncategorized-fi","8":"first","9":"instock","10":"shipping-taxable","11":"purchasable","12":"product-type-simple"},"_links":{"self":[{"href":"https:\/\/nordicmart.andreevmaster.com\/fi\/wp-json\/wp\/v2\/product\/30224","targetHints":{"allow":["GET"]}}],"collection":[{"href":"https:\/\/nordicmart.andreevmaster.com\/fi\/wp-json\/wp\/v2\/product"}],"about":[{"href":"https:\/\/nordicmart.andreevmaster.com\/fi\/wp-json\/wp\/v2\/types\/product"}],"replies":[{"embeddable":true,"href":"https:\/\/nordicmart.andreevmaster.com\/fi\/wp-json\/wp\/v2\/comments?post=30224"}],"wp:featuredmedia":[{"embeddable":true,"href":"https:\/\/nordicmart.andreevmaster.com\/fi\/wp-json\/wp\/v2\/media\/39503"}],"wp:attachment":[{"href":"https:\/\/nordicmart.andreevmaster.com\/fi\/wp-json\/wp\/v2\/media?parent=30224"}],"wp:term":[{"taxonomy":"product_brand","embeddable":true,"href":"https:\/\/nordicmart.andreevmaster.com\/fi\/wp-json\/wp\/v2\/product_brand?post=30224"},{"taxonomy":"product_cat","embeddable":true,"href":"https:\/\/nordicmart.andreevmaster.com\/fi\/wp-json\/wp\/v2\/product_cat?post=30224"},{"taxonomy":"product_tag","embeddable":true,"href":"https:\/\/nordicmart.andreevmaster.com\/fi\/wp-json\/wp\/v2\/product_tag?post=30224"}],"curies":[{"name":"wp","href":"https:\/\/api.w.org\/{rel}","templated":true}]}}