{"id":30223,"date":"2026-02-27T00:09:18","date_gmt":"2026-02-27T00:09:18","guid":{"rendered":"https:\/\/nordicmart.andreevmaster.com\/product\/songmics-retkipoyta\/"},"modified":"2026-02-27T09:33:07","modified_gmt":"2026-02-27T09:33:07","slug":"songmics-retkipoyta","status":"publish","type":"product","link":"https:\/\/nordicmart.andreevmaster.com\/fi\/tuote\/songmics-retkipoyta\/","title":{"rendered":"SONGMICS retkip\u00f6yt\u00e4"},"content":{"rendered":"<p>Vihdoin loma! Aika menn\u00e4 retkeilem\u00e4\u00e4n! Olet varmasti odottanut t\u00e4t\u00e4 hetke\u00e4 jo kauan. Ota t\u00e4m\u00e4 alumiininen retkip\u00f6yt\u00e4 mukaan ja nauti herkullisista grilliruokista ja kylmist\u00e4 juomista rakkaimpiesi kanssa luonnon helmassa. Vakaa, kevyt ja kokoontaitettava \u2013 t\u00e4m\u00e4 p\u00f6yt\u00e4 tarjoaa sinulle parhaan mahdollisen mukavuuden. Suunnitteletko piknikki\u00e4 puistossa, grillijuhlia puutarhassa tai lomaa rannalla? Kuljeta t\u00e4t\u00e4 taitettavaa p\u00f6yt\u00e4\u00e4 mukanasi minne tahansa, miss\u00e4 sit\u00e4 tarvitset. Unohtumattomia kokemuksia: majesteettiset vuoret, kimaltelevat j\u00e4rvet, seikkailut luonnossa \u2013 haluatko uppoutua luontoon ja nauttia rentouttavista hetkist\u00e4 kaukana kaupungin h\u00e4lin\u00e4st\u00e4? Kutsu yst\u00e4v\u00e4si, ota t\u00e4m\u00e4 taitettava retkip\u00f6yt\u00e4 mukaan ja l\u00e4hde matkaan! T\u00e4m\u00e4 SONGMICS-p\u00f6yt\u00e4 seuraa sinua uskollisesti ja tarjoaa sinulle parhaan mahdollisen mukavuuden matkoilla. Harkittu muotoilu: P\u00f6yt\u00e4levy ja jalat on valmistettu korkealaatuisesta alumiinista, mik\u00e4 tekee t\u00e4st\u00e4 piknikp\u00f6yd\u00e4st\u00e4 paitsi vakaan ja tukevan my\u00f6s kevyen. Lis\u00e4ksi p\u00f6yt\u00e4 voidaan taittaa kokoon, pakata kuljetuslaukkuun ja ottaa helposti mukaan matkalle. Tuotetiedot: V\u00e4ri: hopea Materiaali: alumiini Koko: 100 x 69 x 70 cm (P x L x K) Koko taitettuna: 100 x 19 x 18 cm (P x L x K) Paino: 5,2 kg Maks. staattinen kantavuus: 30 kg Toimitus sis\u00e4lt\u00e4\u00e4: 1 x retkip\u00f6yt\u00e4 1 x kuljetuslaukku 1 x ohjeet (DE, EN, FR, ES, IT)<\/p>\n","protected":false},"excerpt":{"rendered":"<p>SONGMICS taitettava p\u00f6yt\u00e4, retkip\u00f6yt\u00e4, kannettava piknikp\u00f6yt\u00e4 alumiinista, rullattava p\u00f6yt\u00e4levy, BBQ, puutarha, ranta, matkailuauto, kevyt, kuljetuslaukku, 100 x 69 x 70 cm<\/p>\n","protected":false},"featured_media":39502,"comment_status":"open","ping_status":"closed","template":"","meta":[],"product_brand":[],"product_cat":[32],"product_tag":[],"class_list":{"0":"post-30223","1":"product","2":"type-product","3":"status-publish","4":"has-post-thumbnail","6":"product_cat-uncategorized-fi","8":"first","9":"instock","10":"shipping-taxable","11":"purchasable","12":"product-type-simple"},"_links":{"self":[{"href":"https:\/\/nordicmart.andreevmaster.com\/fi\/wp-json\/wp\/v2\/product\/30223","targetHints":{"allow":["GET"]}}],"collection":[{"href":"https:\/\/nordicmart.andreevmaster.com\/fi\/wp-json\/wp\/v2\/product"}],"about":[{"href":"https:\/\/nordicmart.andreevmaster.com\/fi\/wp-json\/wp\/v2\/types\/product"}],"replies":[{"embeddable":true,"href":"https:\/\/nordicmart.andreevmaster.com\/fi\/wp-json\/wp\/v2\/comments?post=30223"}],"wp:featuredmedia":[{"embeddable":true,"href":"https:\/\/nordicmart.andreevmaster.com\/fi\/wp-json\/wp\/v2\/media\/39502"}],"wp:attachment":[{"href":"https:\/\/nordicmart.andreevmaster.com\/fi\/wp-json\/wp\/v2\/media?parent=30223"}],"wp:term":[{"taxonomy":"product_brand","embeddable":true,"href":"https:\/\/nordicmart.andreevmaster.com\/fi\/wp-json\/wp\/v2\/product_brand?post=30223"},{"taxonomy":"product_cat","embeddable":true,"href":"https:\/\/nordicmart.andreevmaster.com\/fi\/wp-json\/wp\/v2\/product_cat?post=30223"},{"taxonomy":"product_tag","embeddable":true,"href":"https:\/\/nordicmart.andreevmaster.com\/fi\/wp-json\/wp\/v2\/product_tag?post=30223"}],"curies":[{"name":"wp","href":"https:\/\/api.w.org\/{rel}","templated":true}]}}