{"id":30221,"date":"2026-02-27T00:09:18","date_gmt":"2026-02-27T00:09:18","guid":{"rendered":"https:\/\/nordicmart.andreevmaster.com\/product\/songmics-himmennettava-yovalo-totoro\/"},"modified":"2026-02-27T09:33:06","modified_gmt":"2026-02-27T09:33:06","slug":"songmics-himmennettava-yovalo-totoro","status":"publish","type":"product","link":"https:\/\/nordicmart.andreevmaster.com\/fi\/tuote\/songmics-himmennettava-yovalo-totoro\/","title":{"rendered":"SONGMICS himmennett\u00e4v\u00e4 y\u00f6valo \u201eTotoro\u201c"},"content":{"rendered":"<p>T\u00e4m\u00e4n Songmics-y\u00f6valon valoa voi himment\u00e4\u00e4 kevyesti koskettamalla sit\u00e4 k\u00e4sill\u00e4, jotta se ei ole liian kirkas ja sopii erinomaisesti univaloksi. Se on upea ja s\u00f6p\u00f6 tuote jokaiseen huoneeseen. Lampun voi sijoittaa mihin tahansa, olipa se eteinen, makuuhuone, lastenhuone, olohuone tai jopa keitti\u00f6. Mihin tahansa, miss\u00e4 se on kaunis, rentouttava ja tyylik\u00e4s. Se n\u00e4ytt\u00e4\u00e4 kauniilta my\u00f6s h\u00e4m\u00e4r\u00e4ss\u00e4 leirint\u00e4alueella. Voit k\u00e4ytt\u00e4\u00e4 sit\u00e4 adapterilla (5 V), ulkoisella akkulaturilla (5 V) tai mukana toimitetulla USB-kaapelilla kannettavan tietokoneen kautta (adapteri ja ulkoinen akkulaturi eiv\u00e4t sis\u00e4lly toimitukseen). Huomautukset: &#8211; V\u00e4lt\u00e4 s\u00e4ilytt\u00e4m\u00e4st\u00e4 tuotetta kosteissa ja kuumissa tiloissa. Pid\u00e4 tuote poissa voimakkaiden magneettikenttien v\u00e4litt\u00f6m\u00e4st\u00e4 vaikutusalueesta. Muuten sen toiminta voi heikenty\u00e4. &#8211; Tuote sis\u00e4lt\u00e4\u00e4 pieni\u00e4 osia, joten alle kolmevuotiaat lapset saavat k\u00e4ytt\u00e4\u00e4 tuotetta vain aikuisen valvonnassa. &#8211; Tuotteen nimellisj\u00e4nnite on 5 V. \u00c4l\u00e4 kytke tuotetta yli 5 V:n virtal\u00e4hteeseen oikosulun v\u00e4ltt\u00e4miseksi. &#8211; V\u00e4lt\u00e4 t\u00f6rm\u00e4\u00e4m\u00e4st\u00e4 tuotteeseen kovilla esineill\u00e4. Tuotetiedot: &#8211; Mitat: 140 x 170 mm (\u00d8 x H) &#8211; Nimellisj\u00e4nnite: 5 V 700 mAh &#8211; Nimellisteho: 0,3 W &#8211; Materiaali: ABS + PC Toimitus sis\u00e4lt\u00e4\u00e4: &#8211; 1 x lintuh\u00e4kkilamppu &#8211; 1 x USB-kaapeli &#8211; 1 x k\u00e4ytt\u00f6ohje (DE, EN, FR, IT, ES)<\/p>\n","protected":false},"excerpt":{"rendered":"<p>SONGMICS Y\u00f6valo lapsille, y\u00f6lamppu, LED-lamppu, univalo, himmennett\u00e4v\u00e4, USB-ladattava, kosketusanturi, v\u00e4rin\u00e4, sopii lahjaksi FSL02<\/p>\n","protected":false},"featured_media":39500,"comment_status":"open","ping_status":"closed","template":"","meta":[],"product_brand":[],"product_cat":[32],"product_tag":[],"class_list":{"0":"post-30221","1":"product","2":"type-product","3":"status-publish","4":"has-post-thumbnail","6":"product_cat-uncategorized-fi","8":"first","9":"instock","10":"shipping-taxable","11":"purchasable","12":"product-type-simple"},"_links":{"self":[{"href":"https:\/\/nordicmart.andreevmaster.com\/fi\/wp-json\/wp\/v2\/product\/30221","targetHints":{"allow":["GET"]}}],"collection":[{"href":"https:\/\/nordicmart.andreevmaster.com\/fi\/wp-json\/wp\/v2\/product"}],"about":[{"href":"https:\/\/nordicmart.andreevmaster.com\/fi\/wp-json\/wp\/v2\/types\/product"}],"replies":[{"embeddable":true,"href":"https:\/\/nordicmart.andreevmaster.com\/fi\/wp-json\/wp\/v2\/comments?post=30221"}],"wp:featuredmedia":[{"embeddable":true,"href":"https:\/\/nordicmart.andreevmaster.com\/fi\/wp-json\/wp\/v2\/media\/39500"}],"wp:attachment":[{"href":"https:\/\/nordicmart.andreevmaster.com\/fi\/wp-json\/wp\/v2\/media?parent=30221"}],"wp:term":[{"taxonomy":"product_brand","embeddable":true,"href":"https:\/\/nordicmart.andreevmaster.com\/fi\/wp-json\/wp\/v2\/product_brand?post=30221"},{"taxonomy":"product_cat","embeddable":true,"href":"https:\/\/nordicmart.andreevmaster.com\/fi\/wp-json\/wp\/v2\/product_cat?post=30221"},{"taxonomy":"product_tag","embeddable":true,"href":"https:\/\/nordicmart.andreevmaster.com\/fi\/wp-json\/wp\/v2\/product_tag?post=30221"}],"curies":[{"name":"wp","href":"https:\/\/api.w.org\/{rel}","templated":true}]}}