{"id":30218,"date":"2026-02-27T00:09:17","date_gmt":"2026-02-27T00:09:17","guid":{"rendered":"https:\/\/nordicmart.andreevmaster.com\/product\/fly-vuodevaatteet-taytteen-koko-l\/"},"modified":"2026-02-27T09:33:06","modified_gmt":"2026-02-27T09:33:06","slug":"fly-vuodevaatteet-taytteen-koko-l","status":"publish","type":"product","link":"https:\/\/nordicmart.andreevmaster.com\/fi\/tuote\/fly-vuodevaatteet-taytteen-koko-l\/","title":{"rendered":"Fly  vuodevaatteet, t\u00e4ytteen koko L"},"content":{"rendered":"<p>Vuodevaatteet, jotka koostuvat peitosta ja tyynyst\u00e4 t\u00e4ytteineen. Valmistettu korkealaatuisesta puuvillasta, jolla on **OEKO-TEX Standard 100** -sertifikaatti. Vuodevaatteiden t\u00e4yte on valmistettu joustavasta ja pehme\u00e4st\u00e4 hypoallergeenisesta silikonikuidusta, jolla on edistykselliset l\u00e4mm\u00f6ns\u00e4\u00e4t\u00f6ominaisuudet, jotka takaavat erinomaisen nukkumismukavuuden.  Vuodevaatteet, t\u00e4yte mukaan lukien, voidaan pest\u00e4 pesukoneessa, mik\u00e4 tekee niist\u00e4 erinomaisen valinnan allergikoille. Vuodevaatteet on suunniteltu ja valmistettu Puolassa kiinnitt\u00e4en huomiota jokaiseen yksityiskohtaan. Tuote on pakattu l\u00e4pin\u00e4kyv\u00e4\u00e4n, biohajoavaan pussiin. Erinomainen idea vauvakutsuille, syntym\u00e4p\u00e4iville tai erityistilaisuuksien lahjaksi.   **Tiedot:** &#8211; pussilakana ja tyynyliina valmistettu korkealaatuisesta puuvillasta, jolla on ** OEKO-TEX-sertifikaatti** &#8211; vuodevaatteet t\u00e4ytetty sertifioidulla hypoallergeenisella silikonikuidulla &#8211; tyyny viimeistelty r\u00f6yhel\u00f6ll\u00e4<br \/>\n &#8211; painettu kuvio ei haalistu, vaikka se pest\u00e4\u00e4n toistuvasti &#8211; sopii t\u00e4ydellisesti 90&#215;200 cm:n ja suurempiin vauvans\u00e4nkyihin<br \/>\n Suositellaan yli 5-vuotiaille lapsille. K\u00e4yt\u00e4 vanhempien valvonnassa.**Materiaali:** &#8211; 100 % puuvillaa, langan paino 150 g\/m2, **Oeko-TEX Standard 100 -sertifikaatti** &#8211; hypoallergeeninen silikonikuitu, langan paino 200 g\/m2<br \/>\n **Mitat:** &#8211; tyyny: 40&#215;60 cm (+4 cm r\u00f6yhel\u00f6)<br \/>\n &#8211; peitto: 140&#215;200 cm (ilman r\u00f6yhel\u00f6\u00e4) **<br \/>\n **Pesuohjeet:****<br \/>\n &#8211; konepesu 40 \u00b0C:ssa<br \/>\n &#8211; silitys enint\u00e4\u00e4n 110 \u00b0C:ssa<br \/>\n &#8211; ei valkaisuaineita<br \/>\n &#8211; ei rumpukuivausta<\/p>\n","protected":false},"excerpt":{"rendered":"<p>Vuodevaatteet, jotka koostuvat peitosta ja tyynyst\u00e4 t\u00e4ytteineen. Valmistettu korkealaatuisesta puuvillasta, jolla on **OEKO-TEX Standard 100** -sertifikaatti. Vuodevaatteiden t\u00e4yte on valmistettu joustavasta ja pehme\u00e4st\u00e4 hypoallergeenisesta silikonikuidusta, jolla on edistykselliset l\u00e4mm\u00f6ns\u00e4\u00e4t\u00f6ominaisuudet, jotka takaavat erinomaisen nukkumismukavuuden. Vuodevaatteet, t\u00e4yte mukaan lukien, voidaan pest\u00e4 pesukoneessa, mik\u00e4 tekee niist\u00e4 erinomaisen valinnan allergikoille. Vuodevaatteet on suunniteltu ja valmistettu Puolassa kiinnitt\u00e4en huomiota jokaiseen [&hellip;]<\/p>\n","protected":false},"featured_media":0,"comment_status":"open","ping_status":"closed","template":"","meta":[],"product_brand":[],"product_cat":[32],"product_tag":[],"class_list":{"0":"post-30218","1":"product","2":"type-product","3":"status-publish","5":"product_cat-uncategorized-fi","7":"first","8":"instock","9":"shipping-taxable","10":"purchasable","11":"product-type-simple"},"_links":{"self":[{"href":"https:\/\/nordicmart.andreevmaster.com\/fi\/wp-json\/wp\/v2\/product\/30218","targetHints":{"allow":["GET"]}}],"collection":[{"href":"https:\/\/nordicmart.andreevmaster.com\/fi\/wp-json\/wp\/v2\/product"}],"about":[{"href":"https:\/\/nordicmart.andreevmaster.com\/fi\/wp-json\/wp\/v2\/types\/product"}],"replies":[{"embeddable":true,"href":"https:\/\/nordicmart.andreevmaster.com\/fi\/wp-json\/wp\/v2\/comments?post=30218"}],"wp:attachment":[{"href":"https:\/\/nordicmart.andreevmaster.com\/fi\/wp-json\/wp\/v2\/media?parent=30218"}],"wp:term":[{"taxonomy":"product_brand","embeddable":true,"href":"https:\/\/nordicmart.andreevmaster.com\/fi\/wp-json\/wp\/v2\/product_brand?post=30218"},{"taxonomy":"product_cat","embeddable":true,"href":"https:\/\/nordicmart.andreevmaster.com\/fi\/wp-json\/wp\/v2\/product_cat?post=30218"},{"taxonomy":"product_tag","embeddable":true,"href":"https:\/\/nordicmart.andreevmaster.com\/fi\/wp-json\/wp\/v2\/product_tag?post=30218"}],"curies":[{"name":"wp","href":"https:\/\/api.w.org\/{rel}","templated":true}]}}