{"id":30213,"date":"2026-02-27T00:09:16","date_gmt":"2026-02-27T00:09:16","guid":{"rendered":"https:\/\/nordicmart.andreevmaster.com\/product\/fly-lakanakoko-60x120\/"},"modified":"2026-02-27T09:33:05","modified_gmt":"2026-02-27T09:33:05","slug":"fly-lakanakoko-60x120","status":"publish","type":"product","link":"https:\/\/nordicmart.andreevmaster.com\/fi\/tuote\/fly-lakanakoko-60x120\/","title":{"rendered":"Fly-lakanakoko  60&#215;120"},"content":{"rendered":"<p>**Tiedot:** &#8211; lakanat on valmistettu luonnonpuuvillasta, jolla on **Oeko-TEX Standard 100 IW 00034**-sertifikaatti &#8211; pehme\u00e4t ja miellytt\u00e4v\u00e4t kosketukseltaan &#8211; varustettu joustavalla nauhalla, joka est\u00e4\u00e4 liukumisen patjalla &#8211; sopivat t\u00e4ydellisesti vauvans\u00e4nkyyn, koko 60&#215;120<\/p>\n<p> **Mitat:** S: 60&#215;120 cm, korkeus 13 cm<br \/>\n **<br \/>\n Materiaali:** &#8211; 100 % puuvillaa, langan paino 150 g\/m2, **Oeko-TEX Standard 100 -sertifikaatti <\/p>\n<p> ** ** **Pesuohjeet:**<br \/>\n &#8211; konepesu 40 \u00b0C:ssa<br \/>\n &#8211; silitys enint\u00e4\u00e4n 110 \u00b0C:ssa<br \/>\n &#8211; ei valkaisuaineita<br \/>\n &#8211; ei rumpukuivausta<\/p>\n","protected":false},"excerpt":{"rendered":"<p>**Tiedot:** &#8211; lakanat on valmistettu luonnonpuuvillasta, jolla on **Oeko-TEX Standard 100 IW 00034**-sertifikaatti &#8211; pehme\u00e4t ja miellytt\u00e4v\u00e4t kosketukseltaan &#8211; varustettu joustavalla nauhalla, joka est\u00e4\u00e4 liukumisen patjalla &#8211; sopivat t\u00e4ydellisesti vauvans\u00e4nkyyn, koko 60&#215;120 **Mitat:** S: 60&#215;120 cm, korkeus 13 cm ** Materiaali:** &#8211; 100 % puuvillaa, langan paino 150 g\/m2, **Oeko-TEX Standard 100 -sertifikaatti ** ** [&hellip;]<\/p>\n","protected":false},"featured_media":0,"comment_status":"open","ping_status":"closed","template":"","meta":[],"product_brand":[],"product_cat":[32],"product_tag":[],"class_list":{"0":"post-30213","1":"product","2":"type-product","3":"status-publish","5":"product_cat-uncategorized-fi","7":"first","8":"instock","9":"shipping-taxable","10":"purchasable","11":"product-type-simple"},"_links":{"self":[{"href":"https:\/\/nordicmart.andreevmaster.com\/fi\/wp-json\/wp\/v2\/product\/30213","targetHints":{"allow":["GET"]}}],"collection":[{"href":"https:\/\/nordicmart.andreevmaster.com\/fi\/wp-json\/wp\/v2\/product"}],"about":[{"href":"https:\/\/nordicmart.andreevmaster.com\/fi\/wp-json\/wp\/v2\/types\/product"}],"replies":[{"embeddable":true,"href":"https:\/\/nordicmart.andreevmaster.com\/fi\/wp-json\/wp\/v2\/comments?post=30213"}],"wp:attachment":[{"href":"https:\/\/nordicmart.andreevmaster.com\/fi\/wp-json\/wp\/v2\/media?parent=30213"}],"wp:term":[{"taxonomy":"product_brand","embeddable":true,"href":"https:\/\/nordicmart.andreevmaster.com\/fi\/wp-json\/wp\/v2\/product_brand?post=30213"},{"taxonomy":"product_cat","embeddable":true,"href":"https:\/\/nordicmart.andreevmaster.com\/fi\/wp-json\/wp\/v2\/product_cat?post=30213"},{"taxonomy":"product_tag","embeddable":true,"href":"https:\/\/nordicmart.andreevmaster.com\/fi\/wp-json\/wp\/v2\/product_tag?post=30213"}],"curies":[{"name":"wp","href":"https:\/\/api.w.org\/{rel}","templated":true}]}}