{"id":30211,"date":"2026-02-27T00:09:16","date_gmt":"2026-02-27T00:09:16","guid":{"rendered":"https:\/\/nordicmart.andreevmaster.com\/product\/fly-puuvillapeite-harmaa\/"},"modified":"2026-02-27T09:33:05","modified_gmt":"2026-02-27T09:33:05","slug":"fly-puuvillapeite-harmaa","status":"publish","type":"product","link":"https:\/\/nordicmart.andreevmaster.com\/fi\/tuote\/fly-puuvillapeite-harmaa\/","title":{"rendered":"Fly Puuvillapeite harmaa"},"content":{"rendered":"<p>FLY-malliston kaksipuolinen puuvillapeite on v\u00e4ltt\u00e4m\u00e4t\u00f6n osa vauvan vaatevarastoa. Hienon ja kevyen kankaansa ansiosta se sopii erinomaisesti lapsen peitt\u00e4miseen k\u00e4velyll\u00e4 tai korvaamaan peiton vauvans\u00e4ngyss\u00e4.<br \/>\nHuopa on valmistettu korkealaatuisesta puuvillasta, joka ei veny tai v\u00e4\u00e4risty toistuvien pesujen j\u00e4lkeen eik\u00e4 ole altis nukkaantumiselle. <\/p>\n<p>Saatavana kahdessa v\u00e4riss\u00e4: klassinen harmaa  herkill\u00e4 valkoisilla yksityiskohdilla.<\/p>\n<p>**Hoito-ohjeet:**<br \/>\n&#8211; konepesu 40 \u00b0C:ssa<br \/>\n&#8211; silitys enint\u00e4\u00e4n 110 \u00b0C:ssa<br \/>\n&#8211; ei valkaisuaineita<br \/>\n&#8211; ei rumpukuivausta<\/p>\n<p>**Materiaali:**<br \/>\n&#8211; 100 % puuvillaa, **Oeko-TEX Standard 100 -sertifikaatti**<\/p>\n<p>**Mitat:**<\/p>\n<p>80&#215;100 cm<\/p>\n","protected":false},"excerpt":{"rendered":"<p>FLY-malliston kaksipuolinen puuvillapeite on v\u00e4ltt\u00e4m\u00e4t\u00f6n osa vauvan vaatevarastoa. Hienon ja kevyen kankaansa ansiosta se sopii erinomaisesti lapsen peitt\u00e4miseen k\u00e4velyll\u00e4 tai korvaamaan peiton vauvans\u00e4ngyss\u00e4. Huopa on valmistettu korkealaatuisesta puuvillasta, joka ei veny tai v\u00e4\u00e4risty toistuvien pesujen j\u00e4lkeen eik\u00e4 ole altis nukkaantumiselle. Saatavana kahdessa v\u00e4riss\u00e4: klassinen harmaa herkill\u00e4 valkoisilla yksityiskohdilla. **Hoito-ohjeet:** &#8211; konepesu 40 \u00b0C:ssa &#8211; silitys [&hellip;]<\/p>\n","protected":false},"featured_media":0,"comment_status":"open","ping_status":"closed","template":"","meta":[],"product_brand":[],"product_cat":[32],"product_tag":[],"class_list":{"0":"post-30211","1":"product","2":"type-product","3":"status-publish","5":"product_cat-uncategorized-fi","7":"first","8":"instock","9":"shipping-taxable","10":"purchasable","11":"product-type-simple"},"_links":{"self":[{"href":"https:\/\/nordicmart.andreevmaster.com\/fi\/wp-json\/wp\/v2\/product\/30211","targetHints":{"allow":["GET"]}}],"collection":[{"href":"https:\/\/nordicmart.andreevmaster.com\/fi\/wp-json\/wp\/v2\/product"}],"about":[{"href":"https:\/\/nordicmart.andreevmaster.com\/fi\/wp-json\/wp\/v2\/types\/product"}],"replies":[{"embeddable":true,"href":"https:\/\/nordicmart.andreevmaster.com\/fi\/wp-json\/wp\/v2\/comments?post=30211"}],"wp:attachment":[{"href":"https:\/\/nordicmart.andreevmaster.com\/fi\/wp-json\/wp\/v2\/media?parent=30211"}],"wp:term":[{"taxonomy":"product_brand","embeddable":true,"href":"https:\/\/nordicmart.andreevmaster.com\/fi\/wp-json\/wp\/v2\/product_brand?post=30211"},{"taxonomy":"product_cat","embeddable":true,"href":"https:\/\/nordicmart.andreevmaster.com\/fi\/wp-json\/wp\/v2\/product_cat?post=30211"},{"taxonomy":"product_tag","embeddable":true,"href":"https:\/\/nordicmart.andreevmaster.com\/fi\/wp-json\/wp\/v2\/product_tag?post=30211"}],"curies":[{"name":"wp","href":"https:\/\/api.w.org\/{rel}","templated":true}]}}